{"id":13977,"date":"2026-02-27T00:20:03","date_gmt":"2026-02-27T00:20:03","guid":{"rendered":"https:\/\/nordicmart.andreevmaster.com\/product\/vasagle-soffbord-hoj-och-sankbart-antracitgratt-svart\/"},"modified":"2026-02-27T08:12:49","modified_gmt":"2026-02-27T08:12:49","slug":"vasagle-soffbord-hoj-och-sankbart-antracitgratt-svart","status":"publish","type":"product","link":"https:\/\/nordicmart.andreevmaster.com\/sv\/produkt\/vasagle-soffbord-hoj-och-sankbart-antracitgratt-svart\/","title":{"rendered":"VASAGLE soffbord h\u00f6j- och s\u00e4nkbart antracitgr\u00e5tt-svart"},"content":{"rendered":"<p>VASAGLE soffbord, h\u00f6j- och s\u00e4nkbart vardagsrumsbord, kaffebord, \u00f6ppet och dolt f\u00f6rvaringsutrymme, X-st\u00f6dben, 60 x 100 x (48-62) cm, vintagebrunt-svart LCT205B01<br \/>\nF\u00e4rg: Antracitgr\u00e5-svart<br \/>\nMaterial: Sp\u00e5nskiva, st\u00e5l<br \/>\nStorlek: 60 x 100 x (48-62) cm (D x B x H)<br \/>\nVikt: 27,8 kg<br \/>\nMax. statisk totalbelastning: 91 kg<\/p>\n","protected":false},"excerpt":{"rendered":"<p>VASAGLE soffbord, h\u00f6j- och s\u00e4nkbart vardagsrumsbord, kaffebord, \u00f6ppet och dolt f\u00f6rvaringsutrymme, X-st\u00f6dben, 60 x 100 x (48-62) cm, vintagebrunt-svart LCT205B01<\/p>\n","protected":false},"featured_media":42053,"comment_status":"open","ping_status":"closed","template":"","meta":[],"product_brand":[],"product_cat":[33],"product_tag":[],"class_list":{"0":"post-13977","1":"product","2":"type-product","3":"status-publish","4":"has-post-thumbnail","6":"product_cat-okategoriserad","8":"first","9":"instock","10":"shipping-taxable","11":"purchasable","12":"product-type-simple"},"_links":{"self":[{"href":"https:\/\/nordicmart.andreevmaster.com\/sv\/wp-json\/wp\/v2\/product\/13977","targetHints":{"allow":["GET"]}}],"collection":[{"href":"https:\/\/nordicmart.andreevmaster.com\/sv\/wp-json\/wp\/v2\/product"}],"about":[{"href":"https:\/\/nordicmart.andreevmaster.com\/sv\/wp-json\/wp\/v2\/types\/product"}],"replies":[{"embeddable":true,"href":"https:\/\/nordicmart.andreevmaster.com\/sv\/wp-json\/wp\/v2\/comments?post=13977"}],"wp:featuredmedia":[{"embeddable":true,"href":"https:\/\/nordicmart.andreevmaster.com\/sv\/wp-json\/wp\/v2\/media\/42053"}],"wp:attachment":[{"href":"https:\/\/nordicmart.andreevmaster.com\/sv\/wp-json\/wp\/v2\/media?parent=13977"}],"wp:term":[{"taxonomy":"product_brand","embeddable":true,"href":"https:\/\/nordicmart.andreevmaster.com\/sv\/wp-json\/wp\/v2\/product_brand?post=13977"},{"taxonomy":"product_cat","embeddable":true,"href":"https:\/\/nordicmart.andreevmaster.com\/sv\/wp-json\/wp\/v2\/product_cat?post=13977"},{"taxonomy":"product_tag","embeddable":true,"href":"https:\/\/nordicmart.andreevmaster.com\/sv\/wp-json\/wp\/v2\/product_tag?post=13977"}],"curies":[{"name":"wp","href":"https:\/\/api.w.org\/{rel}","templated":true}]}}