{"id":13976,"date":"2026-02-27T00:20:02","date_gmt":"2026-02-27T00:20:02","guid":{"rendered":"https:\/\/nordicmart.andreevmaster.com\/product\/vasagle-hoj-och-sankbart-soffbord-60-x-100-x-48-62-cm\/"},"modified":"2026-02-27T08:12:49","modified_gmt":"2026-02-27T08:12:49","slug":"vasagle-hoj-och-sankbart-soffbord-60-x-100-x-48-62-cm","status":"publish","type":"product","link":"https:\/\/nordicmart.andreevmaster.com\/sv\/produkt\/vasagle-hoj-och-sankbart-soffbord-60-x-100-x-48-62-cm\/","title":{"rendered":"VASAGLE H\u00f6j- och s\u00e4nkbart soffbord 60 x 100 x (48-62) cm"},"content":{"rendered":"<p>Produktdetaljer: F\u00e4rg: Vintagebrun-svart Material: Sp\u00e5nskiva, st\u00e5l Storlek: 60 x 100 x (48-62) cm (D x B x H) Vikt: 29,2 kg Max. total statisk belastningskapacitet: 91 kg Leveransomfattning: 1 x soffbord 1 x tillbeh\u00f6rspaket 1 x bruksanvisning VASAGLE Anm\u00e4rkningar:Av s\u00e4kerhetssk\u00e4l \u00e4r det f\u00f6rbjudet f\u00f6r barn att kl\u00e4ttra p\u00e5 eller leka med produkten.<\/p>\n","protected":false},"excerpt":{"rendered":"<p>VASAGLE soffbord, h\u00f6j- och s\u00e4nkbart vardagsrumsbord, kaffebord, \u00f6ppet och dolt f\u00f6rvaringsutrymme, X-st\u00f6dben, 60 x 100 x (48-62) cm, vintagebrunt-svart LCT205B01<\/p>\n","protected":false},"featured_media":42052,"comment_status":"open","ping_status":"closed","template":"","meta":[],"product_brand":[],"product_cat":[33],"product_tag":[],"class_list":{"0":"post-13976","1":"product","2":"type-product","3":"status-publish","4":"has-post-thumbnail","6":"product_cat-okategoriserad","8":"first","9":"instock","10":"shipping-taxable","11":"purchasable","12":"product-type-simple"},"_links":{"self":[{"href":"https:\/\/nordicmart.andreevmaster.com\/sv\/wp-json\/wp\/v2\/product\/13976","targetHints":{"allow":["GET"]}}],"collection":[{"href":"https:\/\/nordicmart.andreevmaster.com\/sv\/wp-json\/wp\/v2\/product"}],"about":[{"href":"https:\/\/nordicmart.andreevmaster.com\/sv\/wp-json\/wp\/v2\/types\/product"}],"replies":[{"embeddable":true,"href":"https:\/\/nordicmart.andreevmaster.com\/sv\/wp-json\/wp\/v2\/comments?post=13976"}],"wp:featuredmedia":[{"embeddable":true,"href":"https:\/\/nordicmart.andreevmaster.com\/sv\/wp-json\/wp\/v2\/media\/42052"}],"wp:attachment":[{"href":"https:\/\/nordicmart.andreevmaster.com\/sv\/wp-json\/wp\/v2\/media?parent=13976"}],"wp:term":[{"taxonomy":"product_brand","embeddable":true,"href":"https:\/\/nordicmart.andreevmaster.com\/sv\/wp-json\/wp\/v2\/product_brand?post=13976"},{"taxonomy":"product_cat","embeddable":true,"href":"https:\/\/nordicmart.andreevmaster.com\/sv\/wp-json\/wp\/v2\/product_cat?post=13976"},{"taxonomy":"product_tag","embeddable":true,"href":"https:\/\/nordicmart.andreevmaster.com\/sv\/wp-json\/wp\/v2\/product_tag?post=13976"}],"curies":[{"name":"wp","href":"https:\/\/api.w.org\/{rel}","templated":true}]}}