{"id":13975,"date":"2026-02-27T00:20:02","date_gmt":"2026-02-27T00:20:02","guid":{"rendered":"https:\/\/nordicmart.andreevmaster.com\/product\/vasagle-soffbord-50-x-100-x-465-62-cm-kamelbrunt-svart\/"},"modified":"2026-02-27T08:12:48","modified_gmt":"2026-02-27T08:12:48","slug":"vasagle-soffbord-50-x-100-x-465-62-cm-kamelbrunt-svart","status":"publish","type":"product","link":"https:\/\/nordicmart.andreevmaster.com\/sv\/produkt\/vasagle-soffbord-50-x-100-x-465-62-cm-kamelbrunt-svart\/","title":{"rendered":"VASAGLE soffbord 50 x 100 x (46,5\u201362) cm kamelbrunt-svart"},"content":{"rendered":"<p>VASAGLE soffbord, h\u00f6j- och s\u00e4nkbart vardagsrumsbord, kaffebord, med dold f\u00f6rvaring och \u00f6ppna fack, st\u00e5lstativ, 50 x 100 x (46,5-62) cm, vintagebrun-svart LCT202B01<br \/>\nF\u00e4rg: kamelbrun-svart<br \/>\nMaterial: sp\u00e5nskiva, st\u00e5l<br \/>\nStorlek: 50 x 100 cm (D x B)<br \/>\nBordsh\u00f6jd: 46,5\u201362 cm<br \/>\nVikt: 25,9 kg<br \/>\nMax. statisk belastningskapacitet f\u00f6r bordsskivan: 45,4 kg<br \/>\nMax. statisk belastningskapacitet f\u00f6r facket under bordsskivan: 22,5 kg<br \/>\nMax. statisk belastningskapacitet f\u00f6r de 3 \u00f6ppna facken totalt: 22,5 kg<\/p>\n","protected":false},"excerpt":{"rendered":"<p>VASAGLE soffbord, h\u00f6j- och s\u00e4nkbart vardagsrumsbord, kaffebord, med dold f\u00f6rvaring och \u00f6ppna fack, st\u00e5lstativ, 50 x 100 x (46,5-62) cm, vintagebrun-svart LCT202B01<\/p>\n","protected":false},"featured_media":42051,"comment_status":"open","ping_status":"closed","template":"","meta":[],"product_brand":[],"product_cat":[33],"product_tag":[],"class_list":{"0":"post-13975","1":"product","2":"type-product","3":"status-publish","4":"has-post-thumbnail","6":"product_cat-okategoriserad","8":"first","9":"instock","10":"shipping-taxable","11":"purchasable","12":"product-type-simple"},"_links":{"self":[{"href":"https:\/\/nordicmart.andreevmaster.com\/sv\/wp-json\/wp\/v2\/product\/13975","targetHints":{"allow":["GET"]}}],"collection":[{"href":"https:\/\/nordicmart.andreevmaster.com\/sv\/wp-json\/wp\/v2\/product"}],"about":[{"href":"https:\/\/nordicmart.andreevmaster.com\/sv\/wp-json\/wp\/v2\/types\/product"}],"replies":[{"embeddable":true,"href":"https:\/\/nordicmart.andreevmaster.com\/sv\/wp-json\/wp\/v2\/comments?post=13975"}],"wp:featuredmedia":[{"embeddable":true,"href":"https:\/\/nordicmart.andreevmaster.com\/sv\/wp-json\/wp\/v2\/media\/42051"}],"wp:attachment":[{"href":"https:\/\/nordicmart.andreevmaster.com\/sv\/wp-json\/wp\/v2\/media?parent=13975"}],"wp:term":[{"taxonomy":"product_brand","embeddable":true,"href":"https:\/\/nordicmart.andreevmaster.com\/sv\/wp-json\/wp\/v2\/product_brand?post=13975"},{"taxonomy":"product_cat","embeddable":true,"href":"https:\/\/nordicmart.andreevmaster.com\/sv\/wp-json\/wp\/v2\/product_cat?post=13975"},{"taxonomy":"product_tag","embeddable":true,"href":"https:\/\/nordicmart.andreevmaster.com\/sv\/wp-json\/wp\/v2\/product_tag?post=13975"}],"curies":[{"name":"wp","href":"https:\/\/api.w.org\/{rel}","templated":true}]}}