{"id":13970,"date":"2026-02-27T00:20:01","date_gmt":"2026-02-27T00:20:01","guid":{"rendered":"https:\/\/nordicmart.andreevmaster.com\/product\/vasagle-hexagon-soffbord-i-industriell-design\/"},"modified":"2026-02-27T08:12:47","modified_gmt":"2026-02-27T08:12:47","slug":"vasagle-hexagon-soffbord-i-industriell-design","status":"publish","type":"product","link":"https:\/\/nordicmart.andreevmaster.com\/sv\/produkt\/vasagle-hexagon-soffbord-i-industriell-design\/","title":{"rendered":"VASAGLE Hexagon soffbord i industriell design"},"content":{"rendered":"<p>VASAGLE \u2013 st\u00e5r f\u00f6r en fantasifull kombination av funktionalitet, t\u00e5lighet och stilfulla vintage-design. Om du vill ge dina rum en individuell touch och en antik pr\u00e4gel kan du uppn\u00e5 imponerande effekter med denna m\u00f6belserie. Samla familj och v\u00e4nner runt ett bord Det vintageinspirerade designen p\u00e5 detta soffbord skapar en mysig och behaglig atmosf\u00e4r i ditt vardagsrum och inbjuder dina g\u00e4ster att stanna kvar. Samla dina v\u00e4nner runt det 75 x 45 x 75 cm (B x H x D) stora bordet f\u00f6r en rolig spelkv\u00e4ll. Din spelsamling passar perfekt p\u00e5 den praktiska gallerhyllan Eller \u00e4lskar du att st\u00e4lla fram snacks och drycker p\u00e5 ditt vardagsrumsbord och slappa framf\u00f6r TV:n tillsammans med din familj? Oavsett vilka planer du har kan du enkelt f\u00f6rverkliga dina inredningsid\u00e9er med vintage-m\u00f6blerna fr\u00e5n VASAGLE! Produktdetaljer: &#8211; F\u00e4rg: vintage, svart &#8211; Material: j\u00e4rnram, sp\u00e5nskiva (tjocklek: 15 mm) &#8211; M\u00e5tt: 75 x 45 x 75 cm (B x H x D) &#8211; Vikt: 14 kg Leveransomfattning: &#8211; 1 x soffbord &#8211; 1 x tillbeh\u00f6rsp\u00e5se &#8211; 1 x bruksanvisning (DE, EN, FR, ES, IT) VASAGLE Anm\u00e4rkningar: &#8211; Produkten \u00e4r endast avsedd f\u00f6r inomhusbruk. Placera den i en torr milj\u00f6.<\/p>\n","protected":false},"excerpt":{"rendered":"<p>VASAGLE Vintage vardagsrumsbord, soffbord, kaffebord, f\u00f6r vardagsrummet eller kontoret, stabilt, med metallstativ och gallerhylla, sexkantigt, tr\u00e4look LCT16X<\/p>\n","protected":false},"featured_media":42047,"comment_status":"open","ping_status":"closed","template":"","meta":[],"product_brand":[],"product_cat":[33],"product_tag":[],"class_list":{"0":"post-13970","1":"product","2":"type-product","3":"status-publish","4":"has-post-thumbnail","6":"product_cat-okategoriserad","8":"first","9":"instock","10":"shipping-taxable","11":"purchasable","12":"product-type-simple"},"_links":{"self":[{"href":"https:\/\/nordicmart.andreevmaster.com\/sv\/wp-json\/wp\/v2\/product\/13970","targetHints":{"allow":["GET"]}}],"collection":[{"href":"https:\/\/nordicmart.andreevmaster.com\/sv\/wp-json\/wp\/v2\/product"}],"about":[{"href":"https:\/\/nordicmart.andreevmaster.com\/sv\/wp-json\/wp\/v2\/types\/product"}],"replies":[{"embeddable":true,"href":"https:\/\/nordicmart.andreevmaster.com\/sv\/wp-json\/wp\/v2\/comments?post=13970"}],"wp:featuredmedia":[{"embeddable":true,"href":"https:\/\/nordicmart.andreevmaster.com\/sv\/wp-json\/wp\/v2\/media\/42047"}],"wp:attachment":[{"href":"https:\/\/nordicmart.andreevmaster.com\/sv\/wp-json\/wp\/v2\/media?parent=13970"}],"wp:term":[{"taxonomy":"product_brand","embeddable":true,"href":"https:\/\/nordicmart.andreevmaster.com\/sv\/wp-json\/wp\/v2\/product_brand?post=13970"},{"taxonomy":"product_cat","embeddable":true,"href":"https:\/\/nordicmart.andreevmaster.com\/sv\/wp-json\/wp\/v2\/product_cat?post=13970"},{"taxonomy":"product_tag","embeddable":true,"href":"https:\/\/nordicmart.andreevmaster.com\/sv\/wp-json\/wp\/v2\/product_tag?post=13970"}],"curies":[{"name":"wp","href":"https:\/\/api.w.org\/{rel}","templated":true}]}}