{"id":13969,"date":"2026-02-27T00:20:01","date_gmt":"2026-02-27T00:20:01","guid":{"rendered":"https:\/\/nordicmart.andreevmaster.com\/product\/vasagle-rustikt-konsolbord-i-lantlig-stil\/"},"modified":"2026-02-27T08:12:47","modified_gmt":"2026-02-27T08:12:47","slug":"vasagle-rustikt-konsolbord-i-lantlig-stil","status":"publish","type":"product","link":"https:\/\/nordicmart.andreevmaster.com\/sv\/produkt\/vasagle-rustikt-konsolbord-i-lantlig-stil\/","title":{"rendered":"VASAGLE Rustikt konsolbord i lantlig stil"},"content":{"rendered":"<p>V\u00e4lkommen hem! Ett vackert hallbord \u00e4r som ett varmt v\u00e4lkomnande n\u00e4r du kommer hem. L\u00e4gg din v\u00e4ska och nycklar p\u00e5 bordet och sl\u00e4pp dagens stress. Praktiskt och dekorativt! Detta konsolbord har flera funktioner \u2013 det ger dig inte bara gott om plats att l\u00e4gga dina saker p\u00e5, utan fungerar ocks\u00e5 som dekoration i ditt hem. Tack vare den rymliga bordsskivan, de tv\u00e5 l\u00e5dorna och de tv\u00e5 hyllorna erbjuder detta bord dessutom mycket f\u00f6rvaringsutrymme f\u00f6r fotoramar, v\u00e4xter, vaser etc. Hur detta bord slutligen anv\u00e4nds \u00e4r helt upp till dig! Stabiliteten f\u00e5r inte g\u00e5 f\u00f6rlorad Stabilitet \u00e4r alltid ett viktigt tema n\u00e4r man k\u00f6per ett nytt bord. Men du beh\u00f6ver inte oroa dig f\u00f6r det, eftersom benen p\u00e5 detta hallbord \u00e4r gjorda av massivt tr\u00e4. De garanterar h\u00f6g stabilitet, s\u00e5 att alla f\u00f6rem\u00e5l kan f\u00f6rvaras s\u00e4kert p\u00e5 och i detta sidobord. Produktdetaljer:- F\u00e4rg: M\u00f6rkbrun\/lantlig stil, med f\u00e4rgglada r\u00e4nder &#8211; Material: Medeldensitetsfiberplatta (MDF), bj\u00f6rkfan\u00e9r, Schima Superba (ben) &#8211; M\u00e5tt: 105 x 38 x 77 cm (L x B x H) &#8211; Vikt: 19 kg &#8211; Max. belastbarhet: Bordsskiva \u2013 60 kg, hylla i mitten \u2013 22 kg, hylla i nedre delen \u2013 20 kg. Leveransomfattning: &#8211; 1 x konsolbord &#8211; 1 x bruksanvisning (DE, EN, FR, ES, IT) VASAGLE Anvisningar: &#8211; F\u00f6rvara inte produkten utomhus under l\u00e4ngre tid.- Produkten f\u00e5r inte komma i kontakt med vassa f\u00f6rem\u00e5l och aggressiva kemiska \u00e4mnen f\u00f6r att undvika skador. &#8211; Placera inte f\u00f6r tunga f\u00f6rem\u00e5l p\u00e5 denna produkt.<\/p>\n","protected":false},"excerpt":{"rendered":"<p>VASAGLE konsolbord med f\u00e4rgglada l\u00e5dor, hallbord med 3 niv\u00e5er, med hyllor, f\u00f6r hallen, enkel montering, svarvade ben i massivt tr\u00e4, som romerska pelare, i lantlig stil, m\u00f6rkbrunt LCT15GL<\/p>\n","protected":false},"featured_media":42046,"comment_status":"open","ping_status":"closed","template":"","meta":[],"product_brand":[],"product_cat":[33],"product_tag":[],"class_list":{"0":"post-13969","1":"product","2":"type-product","3":"status-publish","4":"has-post-thumbnail","6":"product_cat-okategoriserad","8":"first","9":"instock","10":"shipping-taxable","11":"purchasable","12":"product-type-simple"},"_links":{"self":[{"href":"https:\/\/nordicmart.andreevmaster.com\/sv\/wp-json\/wp\/v2\/product\/13969","targetHints":{"allow":["GET"]}}],"collection":[{"href":"https:\/\/nordicmart.andreevmaster.com\/sv\/wp-json\/wp\/v2\/product"}],"about":[{"href":"https:\/\/nordicmart.andreevmaster.com\/sv\/wp-json\/wp\/v2\/types\/product"}],"replies":[{"embeddable":true,"href":"https:\/\/nordicmart.andreevmaster.com\/sv\/wp-json\/wp\/v2\/comments?post=13969"}],"wp:featuredmedia":[{"embeddable":true,"href":"https:\/\/nordicmart.andreevmaster.com\/sv\/wp-json\/wp\/v2\/media\/42046"}],"wp:attachment":[{"href":"https:\/\/nordicmart.andreevmaster.com\/sv\/wp-json\/wp\/v2\/media?parent=13969"}],"wp:term":[{"taxonomy":"product_brand","embeddable":true,"href":"https:\/\/nordicmart.andreevmaster.com\/sv\/wp-json\/wp\/v2\/product_brand?post=13969"},{"taxonomy":"product_cat","embeddable":true,"href":"https:\/\/nordicmart.andreevmaster.com\/sv\/wp-json\/wp\/v2\/product_cat?post=13969"},{"taxonomy":"product_tag","embeddable":true,"href":"https:\/\/nordicmart.andreevmaster.com\/sv\/wp-json\/wp\/v2\/product_tag?post=13969"}],"curies":[{"name":"wp","href":"https:\/\/api.w.org\/{rel}","templated":true}]}}