{"id":13968,"date":"2026-02-27T00:20:00","date_gmt":"2026-02-27T00:20:00","guid":{"rendered":"https:\/\/nordicmart.andreevmaster.com\/product\/vasagle-rustikt-soffbord-i-lantlig-stil\/"},"modified":"2026-02-27T08:12:47","modified_gmt":"2026-02-27T08:12:47","slug":"vasagle-rustikt-soffbord-i-lantlig-stil","status":"publish","type":"product","link":"https:\/\/nordicmart.andreevmaster.com\/sv\/produkt\/vasagle-rustikt-soffbord-i-lantlig-stil\/","title":{"rendered":"VASAGLE Rustikt soffbord i lantlig stil"},"content":{"rendered":"<p>Beh\u00f6ver du n\u00e4rhet? Drar du alltid ditt vardagsrumsbord \u00f6ver golvet f\u00f6r att n\u00e5 din b\u00e4rbara dator, snacks eller spelpj\u00e4ser? Fr\u00e5n och med nu tar v\u00e5rt utdragbara soffbord \u00f6ver den uppgiften \u00e5t dig! Lyft bara upp bordsskivan och dra den mot dig. P\u00e5 s\u00e5 s\u00e4tt har du alltid alla saker inom r\u00e4ckh\u00e5ll n\u00e4r du sitter i soffan. Gl\u00f6m ryggont och chips som fallit p\u00e5 golvet \u2013 nu finns allt precis framf\u00f6r dig! F\u00f6rvaringsutrymmen Under bordsskivan finns ett dolt fack d\u00e4r du kan f\u00f6rvara till exempel b\u00f6cker, fj\u00e4rrkontroller, tidningar, videospel eller DVD-skivor. Hyllan under erbjuder gott om plats f\u00f6r s\u00e4llskapsspel eller st\u00f6rre f\u00f6rem\u00e5l. En h\u00f6jdpunkt f\u00f6r ditt hem Tack vare kombinationen av bordsskiva och ben i en elegant m\u00f6rkbrun f\u00e4rg och en f\u00e4rgglad randig hylla \u00e4r detta soffbord garanterat en h\u00f6jdpunkt i varje hem. Det passar s\u00e4rskilt bra till traditionella inredningsf\u00f6rem\u00e5l samt m\u00f6bler i lantlig eller vintage-stil. Dessutom kan du placera det i n\u00e4stan alla rum i din l\u00e4genhet. Produktdetaljer: &#8211; F\u00e4rg: M\u00f6rkbrun, f\u00e4rgglada r\u00e4nder &#8211; Material: MDF (medeldensitetsfiberplatta), bj\u00f6rkfan\u00e9r, bordsben av schima &#8211; Storlek: 110 x 50 x 48-66 cm (L x B x H) &#8211; Vikt: 22,5 kg &#8211; Max. statisk belastningskapacitet: 90 kg Leveransomfattning: &#8211; 1 x vardagsrumsbord &#8211; 1 x bruksanvisning (DE, EN, FR, ES, IT) VASAGLE Anm\u00e4rkningar: &#8211; Placera inte produkten utomhus under l\u00e4ngre tid. &#8211; H\u00e5ll produkten borta fr\u00e5n vassa och skarpa f\u00f6rem\u00e5l f\u00f6r att undvika skador.<\/p>\n","protected":false},"excerpt":{"rendered":"<p>VASAGLE h\u00f6j- och s\u00e4nkbart soffbord, kaffebord, utdragbart vardagsrumsbord med f\u00e4rgglad hylla och f\u00f6rvaringsutrymme, soffbord f\u00f6r ditt vardagsrum, kontor, 107 x 48 x 48-62 cm, m\u00f6rkbrunt LCT14GL<\/p>\n","protected":false},"featured_media":42045,"comment_status":"open","ping_status":"closed","template":"","meta":[],"product_brand":[],"product_cat":[33],"product_tag":[],"class_list":{"0":"post-13968","1":"product","2":"type-product","3":"status-publish","4":"has-post-thumbnail","6":"product_cat-okategoriserad","8":"first","9":"instock","10":"shipping-taxable","11":"purchasable","12":"product-type-simple"},"_links":{"self":[{"href":"https:\/\/nordicmart.andreevmaster.com\/sv\/wp-json\/wp\/v2\/product\/13968","targetHints":{"allow":["GET"]}}],"collection":[{"href":"https:\/\/nordicmart.andreevmaster.com\/sv\/wp-json\/wp\/v2\/product"}],"about":[{"href":"https:\/\/nordicmart.andreevmaster.com\/sv\/wp-json\/wp\/v2\/types\/product"}],"replies":[{"embeddable":true,"href":"https:\/\/nordicmart.andreevmaster.com\/sv\/wp-json\/wp\/v2\/comments?post=13968"}],"wp:featuredmedia":[{"embeddable":true,"href":"https:\/\/nordicmart.andreevmaster.com\/sv\/wp-json\/wp\/v2\/media\/42045"}],"wp:attachment":[{"href":"https:\/\/nordicmart.andreevmaster.com\/sv\/wp-json\/wp\/v2\/media?parent=13968"}],"wp:term":[{"taxonomy":"product_brand","embeddable":true,"href":"https:\/\/nordicmart.andreevmaster.com\/sv\/wp-json\/wp\/v2\/product_brand?post=13968"},{"taxonomy":"product_cat","embeddable":true,"href":"https:\/\/nordicmart.andreevmaster.com\/sv\/wp-json\/wp\/v2\/product_cat?post=13968"},{"taxonomy":"product_tag","embeddable":true,"href":"https:\/\/nordicmart.andreevmaster.com\/sv\/wp-json\/wp\/v2\/product_tag?post=13968"}],"curies":[{"name":"wp","href":"https:\/\/api.w.org\/{rel}","templated":true}]}}