{"id":13967,"date":"2026-02-27T00:20:00","date_gmt":"2026-02-27T00:20:00","guid":{"rendered":"https:\/\/nordicmart.andreevmaster.com\/product\/vasagle-soffbord-2-lador-kolonialstil\/"},"modified":"2026-02-27T08:12:47","modified_gmt":"2026-02-27T08:12:47","slug":"vasagle-soffbord-2-lador-kolonialstil","status":"publish","type":"product","link":"https:\/\/nordicmart.andreevmaster.com\/sv\/produkt\/vasagle-soffbord-2-lador-kolonialstil\/","title":{"rendered":"VASAGLE soffbord 2 l\u00e5dor kolonialstil"},"content":{"rendered":"<p>Omdefiniera stilen i ditt hem Placera detta bord i ditt vardagsrum, kontor, arbetsrum eller i receptionen f\u00f6r att v\u00e4lkomna g\u00e4ster. F\u00e4rgkombinationen av ljus- och m\u00f6rkbrunt ger detta bord ett unikt utseende som enkla bord inte kan \u00f6vertr\u00e4ffa.Praktisk design Tack vare den stora bordsskivan, de tv\u00e5 l\u00e5dorna och f\u00f6rvaringsutrymmet i den nedre delen kan du alltid ha allt du beh\u00f6ver inom r\u00e4ckh\u00e5ll. Ett soffbord? Ett vardagsrumsbord? Hur detta bord slutligen anv\u00e4nds \u00e4r helt upp till dig! Stabilitet i fokus Detta soffbord har stabila ben av massivt tr\u00e4 och t\u00e5l en belastning p\u00e5 upp till 136 kg. L\u00e4gg upp f\u00f6tterna medan du kopplar av p\u00e5 soffan och tittar p\u00e5 en film \u2013 bordet kommer inte att wackla! Om du gillar denna m\u00f6bel b\u00f6r du definitivt ta en titt p\u00e5 de andra produkterna i samma serie fr\u00e5n VASAGLE \u2013 en matchande inredning ger v\u00e4lbefinnande \u2013 ditt hem kommer att tacka dig! Produktdetaljer:- F\u00e4rg: M\u00f6rk valn\u00f6t, ljus l\u00f6nn &#8211; Material: Medeldensitetsfiberplatta (MDF), bj\u00f6rkfan\u00e9r, ben av furu &#8211; M\u00e5tt: 110 x 60 x 45 cm (L x B x H) &#8211; Vikt: 27,2 kg &#8211; Max. belastbarhet: 136 kg Leveransomfattning: &#8211; 1 x soffbord &#8211; 1 x tillbeh\u00f6rsp\u00e5se &#8211; 1 x bruksanvisning (DE, EN, FR, ES, IT) VASAGLE Anm\u00e4rkningar: &#8211; Uts\u00e4tt inte produkten f\u00f6r starkt solljus under en l\u00e4ngre tid. &#8211; Produkten f\u00e5r inte komma i kontakt med vassa f\u00f6rem\u00e5l f\u00f6r att undvika skador.<\/p>\n","protected":false},"excerpt":{"rendered":"<p>VASAGLE soffbord med 2 l\u00e5dor, 120 x 60 x 45 cm, soffbord med metallhandtag, ben i massivt tr\u00e4, enkel montering, TV-bord f\u00f6r vardagsrum, kontor LCT11CY<\/p>\n","protected":false},"featured_media":42044,"comment_status":"open","ping_status":"closed","template":"","meta":[],"product_brand":[],"product_cat":[33],"product_tag":[],"class_list":{"0":"post-13967","1":"product","2":"type-product","3":"status-publish","4":"has-post-thumbnail","6":"product_cat-okategoriserad","8":"first","9":"instock","10":"shipping-taxable","11":"purchasable","12":"product-type-simple"},"_links":{"self":[{"href":"https:\/\/nordicmart.andreevmaster.com\/sv\/wp-json\/wp\/v2\/product\/13967","targetHints":{"allow":["GET"]}}],"collection":[{"href":"https:\/\/nordicmart.andreevmaster.com\/sv\/wp-json\/wp\/v2\/product"}],"about":[{"href":"https:\/\/nordicmart.andreevmaster.com\/sv\/wp-json\/wp\/v2\/types\/product"}],"replies":[{"embeddable":true,"href":"https:\/\/nordicmart.andreevmaster.com\/sv\/wp-json\/wp\/v2\/comments?post=13967"}],"wp:featuredmedia":[{"embeddable":true,"href":"https:\/\/nordicmart.andreevmaster.com\/sv\/wp-json\/wp\/v2\/media\/42044"}],"wp:attachment":[{"href":"https:\/\/nordicmart.andreevmaster.com\/sv\/wp-json\/wp\/v2\/media?parent=13967"}],"wp:term":[{"taxonomy":"product_brand","embeddable":true,"href":"https:\/\/nordicmart.andreevmaster.com\/sv\/wp-json\/wp\/v2\/product_brand?post=13967"},{"taxonomy":"product_cat","embeddable":true,"href":"https:\/\/nordicmart.andreevmaster.com\/sv\/wp-json\/wp\/v2\/product_cat?post=13967"},{"taxonomy":"product_tag","embeddable":true,"href":"https:\/\/nordicmart.andreevmaster.com\/sv\/wp-json\/wp\/v2\/product_tag?post=13967"}],"curies":[{"name":"wp","href":"https:\/\/api.w.org\/{rel}","templated":true}]}}