{"id":13965,"date":"2026-02-27T00:19:59","date_gmt":"2026-02-27T00:19:59","guid":{"rendered":"https:\/\/nordicmart.andreevmaster.com\/product\/vasagle-retro-soffbord\/"},"modified":"2026-02-27T08:12:46","modified_gmt":"2026-02-27T08:12:46","slug":"vasagle-retro-soffbord","status":"publish","type":"product","link":"https:\/\/nordicmart.andreevmaster.com\/sv\/produkt\/vasagle-retro-soffbord\/","title":{"rendered":"VASAGLE Retro soffbord"},"content":{"rendered":"<p>Retro, 50\/60-talsstil Det finns en anledning till varf\u00f6r m\u00f6bler i 50\/60-talsstil \u00e4r s\u00e5 popul\u00e4ra: de ser alltid bra ut, oavsett var de st\u00e5r. Detta soffbord passar till m\u00e5nga inredningsstilar och g\u00f6r sig utm\u00e4rkt i ditt vardagsrum, hall eller kontor. En stor bordsskiva och 3 asymmetriskt placerade, \u00f6ppna fack \u2013 detta soffbord erbjuder gott om plats f\u00f6r m\u00e5nga olika f\u00f6rem\u00e5l. Anv\u00e4nd detta stilfulla m\u00f6bel som vardagsrumsbord, cocktailbord eller sidobord \u2013 valet \u00e4r ditt! Bepr\u00f6vad VASAGLE-kvalitet  Detta soffbord \u00e4r tillverkat av sp\u00e5nskivor och t\u00e5l en belastning p\u00e5 upp till 50 kg. De ut\u00e5tst\u00e5ende benen anspelar p\u00e5 den trendiga retrostilen och \u00e4r tillverkade av gummitr\u00e4, vilket g\u00f6r dem extra stabila. De f\u00e4sts p\u00e5 vardagsrumsm\u00f6belns stomme med hj\u00e4lp av robusta skruvar och tr\u00e4pluggar, s\u00e5 att de alltid sitter p\u00e5 plats och ger utm\u00e4rkt st\u00f6d. Om du gillar detta soffbord i retrostil b\u00f6r du ocks\u00e5 titta p\u00e5 de andra matchande m\u00f6blerna fr\u00e5n VASAGLE! Produktdetaljer: &#8211; F\u00e4rg: tr\u00e4optik\/brun &#8211; Material: sp\u00e5nskiva, gummitr\u00e4 &#8211; Storlek: 100 x 50 x 45 cm (L x B x H) &#8211; Vikt: 13,9 kg &#8211; Max. statisk belastningskapacitet: 50 kg Leveransomfattning: &#8211; 1 x retro vardagsrumsbord &#8211; 1 x beh\u00e5llare med tillbeh\u00f6r &#8211; 1 x bruksanvisning (DE, EN, FR, ES, IT)  VASAGLE Anm\u00e4rkningar: &#8211; H\u00e5ll barn borta fr\u00e5n bordets h\u00f6rn, eftersom det annars kan leda till skador. &#8211; Lyft bordet om du vill flytta det. Dra det inte \u00f6ver golvet.<\/p>\n","protected":false},"excerpt":{"rendered":"<p>VASAGLE soffbord i retrostil, soffbord i 50\/60-talslook, vardagsrumsbord med stor avst\u00e4llningsyta, soffbord, retrom\u00f6bler f\u00f6r ditt vardagsrum, hall, enkel montering, tr\u00e4look LCT09BX<\/p>\n","protected":false},"featured_media":42042,"comment_status":"open","ping_status":"closed","template":"","meta":[],"product_brand":[],"product_cat":[33],"product_tag":[],"class_list":{"0":"post-13965","1":"product","2":"type-product","3":"status-publish","4":"has-post-thumbnail","6":"product_cat-okategoriserad","8":"first","9":"instock","10":"shipping-taxable","11":"purchasable","12":"product-type-simple"},"_links":{"self":[{"href":"https:\/\/nordicmart.andreevmaster.com\/sv\/wp-json\/wp\/v2\/product\/13965","targetHints":{"allow":["GET"]}}],"collection":[{"href":"https:\/\/nordicmart.andreevmaster.com\/sv\/wp-json\/wp\/v2\/product"}],"about":[{"href":"https:\/\/nordicmart.andreevmaster.com\/sv\/wp-json\/wp\/v2\/types\/product"}],"replies":[{"embeddable":true,"href":"https:\/\/nordicmart.andreevmaster.com\/sv\/wp-json\/wp\/v2\/comments?post=13965"}],"wp:featuredmedia":[{"embeddable":true,"href":"https:\/\/nordicmart.andreevmaster.com\/sv\/wp-json\/wp\/v2\/media\/42042"}],"wp:attachment":[{"href":"https:\/\/nordicmart.andreevmaster.com\/sv\/wp-json\/wp\/v2\/media?parent=13965"}],"wp:term":[{"taxonomy":"product_brand","embeddable":true,"href":"https:\/\/nordicmart.andreevmaster.com\/sv\/wp-json\/wp\/v2\/product_brand?post=13965"},{"taxonomy":"product_cat","embeddable":true,"href":"https:\/\/nordicmart.andreevmaster.com\/sv\/wp-json\/wp\/v2\/product_cat?post=13965"},{"taxonomy":"product_tag","embeddable":true,"href":"https:\/\/nordicmart.andreevmaster.com\/sv\/wp-json\/wp\/v2\/product_tag?post=13965"}],"curies":[{"name":"wp","href":"https:\/\/api.w.org\/{rel}","templated":true}]}}