{"id":13963,"date":"2026-02-27T00:19:59","date_gmt":"2026-02-27T00:19:59","guid":{"rendered":"https:\/\/nordicmart.andreevmaster.com\/product\/vasagle-rund-soffbord-med-metallram\/"},"modified":"2026-02-27T08:12:46","modified_gmt":"2026-02-27T08:12:46","slug":"vasagle-rund-soffbord-med-metallram","status":"publish","type":"product","link":"https:\/\/nordicmart.andreevmaster.com\/sv\/produkt\/vasagle-rund-soffbord-med-metallram\/","title":{"rendered":"VASAGLE Rund soffbord med metallram"},"content":{"rendered":"<p>Produktdetaljer: &#8211; F\u00e4rg: Greige-svart &#8211; Material: Sp\u00e5nskiva, st\u00e5l &#8211; Storlek: 88 x 47 cm (\u00d8 x H) &#8211; Vikt: 9 kg &#8211; Max. statisk belastningsf\u00f6rm\u00e5ga: 100 kg Leveransomfattning: &#8211; 1 x soffbord &#8211; 1 x tillbeh\u00f6rspaket &#8211; 1 x bruksanvisning VASAGLE Anm\u00e4rkningar:- Barn f\u00e5r inte kl\u00e4ttra p\u00e5 eller leka med produkten.<\/p>\n","protected":false},"excerpt":{"rendered":"<p>VASAGLE soffbord, vardagsrumsbord, runt, soffbord, kaffebord, metallstativ, enkel montering, industriell design, f\u00f6r vardagsrum, sovrum, vintagebrunt-svart LCT089B01<\/p>\n","protected":false},"featured_media":42040,"comment_status":"open","ping_status":"closed","template":"","meta":[],"product_brand":[],"product_cat":[33],"product_tag":[],"class_list":{"0":"post-13963","1":"product","2":"type-product","3":"status-publish","4":"has-post-thumbnail","6":"product_cat-okategoriserad","8":"first","9":"instock","10":"shipping-taxable","11":"purchasable","12":"product-type-simple"},"_links":{"self":[{"href":"https:\/\/nordicmart.andreevmaster.com\/sv\/wp-json\/wp\/v2\/product\/13963","targetHints":{"allow":["GET"]}}],"collection":[{"href":"https:\/\/nordicmart.andreevmaster.com\/sv\/wp-json\/wp\/v2\/product"}],"about":[{"href":"https:\/\/nordicmart.andreevmaster.com\/sv\/wp-json\/wp\/v2\/types\/product"}],"replies":[{"embeddable":true,"href":"https:\/\/nordicmart.andreevmaster.com\/sv\/wp-json\/wp\/v2\/comments?post=13963"}],"wp:featuredmedia":[{"embeddable":true,"href":"https:\/\/nordicmart.andreevmaster.com\/sv\/wp-json\/wp\/v2\/media\/42040"}],"wp:attachment":[{"href":"https:\/\/nordicmart.andreevmaster.com\/sv\/wp-json\/wp\/v2\/media?parent=13963"}],"wp:term":[{"taxonomy":"product_brand","embeddable":true,"href":"https:\/\/nordicmart.andreevmaster.com\/sv\/wp-json\/wp\/v2\/product_brand?post=13963"},{"taxonomy":"product_cat","embeddable":true,"href":"https:\/\/nordicmart.andreevmaster.com\/sv\/wp-json\/wp\/v2\/product_cat?post=13963"},{"taxonomy":"product_tag","embeddable":true,"href":"https:\/\/nordicmart.andreevmaster.com\/sv\/wp-json\/wp\/v2\/product_tag?post=13963"}],"curies":[{"name":"wp","href":"https:\/\/api.w.org\/{rel}","templated":true}]}}