{"id":13961,"date":"2026-02-27T00:19:59","date_gmt":"2026-02-27T00:19:59","guid":{"rendered":"https:\/\/nordicmart.andreevmaster.com\/product\/vasagle-rund-soffbord\/"},"modified":"2026-02-27T08:12:46","modified_gmt":"2026-02-27T08:12:46","slug":"vasagle-rund-soffbord","status":"publish","type":"product","link":"https:\/\/nordicmart.andreevmaster.com\/sv\/produkt\/vasagle-rund-soffbord\/","title":{"rendered":"VASAGLE Rund soffbord"},"content":{"rendered":"<p>Produktdetaljer: &#8211; F\u00e4rg: Greige-svart &#8211; Material: Sp\u00e5nskiva, st\u00e5l &#8211; Storlek: 88 x 88 x 47 cm (L x B x H) &#8211; Vikt: 8 kg &#8211; Max. statisk belastningskapacitet: 100 kg Leveransomfattning:- 1 x vardagsrumsbord &#8211; 1 x tillbeh\u00f6rspaket &#8211; 1 x bruksanvisning (DE, EN, ES, FR, IT) VASAGLE Anm\u00e4rkningar: &#8211; Av s\u00e4kerhetssk\u00e4l \u00e4r det f\u00f6rbjudet f\u00f6r barn att kl\u00e4ttra p\u00e5 eller leka med produkten. &#8211; Produktens maximala statiska belastningskapacitet \u00e4r 100 kg. \u00d6verskrid inte denna maximala vikt.<\/p>\n","protected":false},"excerpt":{"rendered":"<p>VASAGLE Rund soffbord, vardagsrumsbord, soffbord, kaffebord, stabilt st\u00e5lstativ, enkel montering, industriell design, greige-svart LCT088B02<\/p>\n","protected":false},"featured_media":42038,"comment_status":"open","ping_status":"closed","template":"","meta":[],"product_brand":[],"product_cat":[33],"product_tag":[],"class_list":{"0":"post-13961","1":"product","2":"type-product","3":"status-publish","4":"has-post-thumbnail","6":"product_cat-okategoriserad","8":"first","9":"instock","10":"shipping-taxable","11":"purchasable","12":"product-type-simple"},"_links":{"self":[{"href":"https:\/\/nordicmart.andreevmaster.com\/sv\/wp-json\/wp\/v2\/product\/13961","targetHints":{"allow":["GET"]}}],"collection":[{"href":"https:\/\/nordicmart.andreevmaster.com\/sv\/wp-json\/wp\/v2\/product"}],"about":[{"href":"https:\/\/nordicmart.andreevmaster.com\/sv\/wp-json\/wp\/v2\/types\/product"}],"replies":[{"embeddable":true,"href":"https:\/\/nordicmart.andreevmaster.com\/sv\/wp-json\/wp\/v2\/comments?post=13961"}],"wp:featuredmedia":[{"embeddable":true,"href":"https:\/\/nordicmart.andreevmaster.com\/sv\/wp-json\/wp\/v2\/media\/42038"}],"wp:attachment":[{"href":"https:\/\/nordicmart.andreevmaster.com\/sv\/wp-json\/wp\/v2\/media?parent=13961"}],"wp:term":[{"taxonomy":"product_brand","embeddable":true,"href":"https:\/\/nordicmart.andreevmaster.com\/sv\/wp-json\/wp\/v2\/product_brand?post=13961"},{"taxonomy":"product_cat","embeddable":true,"href":"https:\/\/nordicmart.andreevmaster.com\/sv\/wp-json\/wp\/v2\/product_cat?post=13961"},{"taxonomy":"product_tag","embeddable":true,"href":"https:\/\/nordicmart.andreevmaster.com\/sv\/wp-json\/wp\/v2\/product_tag?post=13961"}],"curies":[{"name":"wp","href":"https:\/\/api.w.org\/{rel}","templated":true}]}}