{"id":13960,"date":"2026-02-27T00:19:58","date_gmt":"2026-02-27T00:19:58","guid":{"rendered":"https:\/\/nordicmart.andreevmaster.com\/product\/vasagle-rund-soffbord-med-forvaring-industridesign\/"},"modified":"2026-02-27T08:12:46","modified_gmt":"2026-02-27T08:12:46","slug":"vasagle-rund-soffbord-med-forvaring-industridesign","status":"publish","type":"product","link":"https:\/\/nordicmart.andreevmaster.com\/sv\/produkt\/vasagle-rund-soffbord-med-forvaring-industridesign\/","title":{"rendered":"VASAGLE Rund soffbord med f\u00f6rvaring Industridesign"},"content":{"rendered":"<p>VASAGLE Rund soffbord, vardagsrumsbord, soffbord med f\u00f6rvaring, enkel montering, metall, industriell design, vintage, m\u00f6rkbrun LCT80BX<br \/>\nF\u00e4rg: betonggr\u00e5-bl\u00e4svart<br \/>\nMaterial: sp\u00e5nskiva, st\u00e5l<br \/>\nStorlek: 80 cm d, 46,5 cm H<br \/>\nVikt: 10,6 kg<br \/>\nMax. statisk totalbelastning: 50 kg<\/p>\n","protected":false},"excerpt":{"rendered":"<p>VASAGLE Rund soffbord, vardagsrumsbord, soffbord med f\u00f6rvaring, enkel montering, metall, industriell design, vintage, m\u00f6rkbrun LCT80BX<\/p>\n","protected":false},"featured_media":42037,"comment_status":"open","ping_status":"closed","template":"","meta":[],"product_brand":[],"product_cat":[33],"product_tag":[],"class_list":{"0":"post-13960","1":"product","2":"type-product","3":"status-publish","4":"has-post-thumbnail","6":"product_cat-okategoriserad","8":"first","9":"instock","10":"shipping-taxable","11":"purchasable","12":"product-type-simple"},"_links":{"self":[{"href":"https:\/\/nordicmart.andreevmaster.com\/sv\/wp-json\/wp\/v2\/product\/13960","targetHints":{"allow":["GET"]}}],"collection":[{"href":"https:\/\/nordicmart.andreevmaster.com\/sv\/wp-json\/wp\/v2\/product"}],"about":[{"href":"https:\/\/nordicmart.andreevmaster.com\/sv\/wp-json\/wp\/v2\/types\/product"}],"replies":[{"embeddable":true,"href":"https:\/\/nordicmart.andreevmaster.com\/sv\/wp-json\/wp\/v2\/comments?post=13960"}],"wp:featuredmedia":[{"embeddable":true,"href":"https:\/\/nordicmart.andreevmaster.com\/sv\/wp-json\/wp\/v2\/media\/42037"}],"wp:attachment":[{"href":"https:\/\/nordicmart.andreevmaster.com\/sv\/wp-json\/wp\/v2\/media?parent=13960"}],"wp:term":[{"taxonomy":"product_brand","embeddable":true,"href":"https:\/\/nordicmart.andreevmaster.com\/sv\/wp-json\/wp\/v2\/product_brand?post=13960"},{"taxonomy":"product_cat","embeddable":true,"href":"https:\/\/nordicmart.andreevmaster.com\/sv\/wp-json\/wp\/v2\/product_cat?post=13960"},{"taxonomy":"product_tag","embeddable":true,"href":"https:\/\/nordicmart.andreevmaster.com\/sv\/wp-json\/wp\/v2\/product_tag?post=13960"}],"curies":[{"name":"wp","href":"https:\/\/api.w.org\/{rel}","templated":true}]}}