{"id":13959,"date":"2026-02-27T00:19:58","date_gmt":"2026-02-27T00:19:58","guid":{"rendered":"https:\/\/nordicmart.andreevmaster.com\/product\/vasagle-soffbord-2-nivaer-med-glasplatta-marmorvit-ljus-guld\/"},"modified":"2026-02-27T08:12:45","modified_gmt":"2026-02-27T08:12:45","slug":"vasagle-soffbord-2-nivaer-med-glasplatta-marmorvit-ljus-guld","status":"publish","type":"product","link":"https:\/\/nordicmart.andreevmaster.com\/sv\/produkt\/vasagle-soffbord-2-nivaer-med-glasplatta-marmorvit-ljus-guld\/","title":{"rendered":"VASAGLE soffbord 2 niv\u00e5er med glasplatta marmorvit-ljus guld"},"content":{"rendered":"<p>VASAGLE soffbord, vardagsrumsbord, soffbord, f\u00f6r vardagsrum, med glasplatta, mycket f\u00f6rvaringsutrymme, enkel montering, modern stil, vit marmorlook, svart stativ LCT071B13<br \/>\nF\u00e4rg: Marmorvit-Ljusguld<br \/>\nMaterial: sp\u00e5nskiva, h\u00e4rdat glas, st\u00e5l<br \/>\nStorlek (med justerbara f\u00f6tter): 65 x 46 cm (\u00d8 x H)<br \/>\nVikt: 9,5 kg<br \/>\nMax. statisk belastningskapacitet: 30 kg<\/p>\n","protected":false},"excerpt":{"rendered":"<p>VASAGLE soffbord, vardagsrumsbord, soffbord, f\u00f6r vardagsrum, med glasplatta, mycket f\u00f6rvaringsutrymme, enkel montering, modern stil, vit marmorlook, svart stativ LCT071B13<\/p>\n","protected":false},"featured_media":46616,"comment_status":"open","ping_status":"closed","template":"","meta":[],"product_brand":[],"product_cat":[33],"product_tag":[],"class_list":{"0":"post-13959","1":"product","2":"type-product","3":"status-publish","4":"has-post-thumbnail","6":"product_cat-okategoriserad","8":"first","9":"instock","10":"shipping-taxable","11":"purchasable","12":"product-type-simple"},"_links":{"self":[{"href":"https:\/\/nordicmart.andreevmaster.com\/sv\/wp-json\/wp\/v2\/product\/13959","targetHints":{"allow":["GET"]}}],"collection":[{"href":"https:\/\/nordicmart.andreevmaster.com\/sv\/wp-json\/wp\/v2\/product"}],"about":[{"href":"https:\/\/nordicmart.andreevmaster.com\/sv\/wp-json\/wp\/v2\/types\/product"}],"replies":[{"embeddable":true,"href":"https:\/\/nordicmart.andreevmaster.com\/sv\/wp-json\/wp\/v2\/comments?post=13959"}],"wp:featuredmedia":[{"embeddable":true,"href":"https:\/\/nordicmart.andreevmaster.com\/sv\/wp-json\/wp\/v2\/media\/46616"}],"wp:attachment":[{"href":"https:\/\/nordicmart.andreevmaster.com\/sv\/wp-json\/wp\/v2\/media?parent=13959"}],"wp:term":[{"taxonomy":"product_brand","embeddable":true,"href":"https:\/\/nordicmart.andreevmaster.com\/sv\/wp-json\/wp\/v2\/product_brand?post=13959"},{"taxonomy":"product_cat","embeddable":true,"href":"https:\/\/nordicmart.andreevmaster.com\/sv\/wp-json\/wp\/v2\/product_cat?post=13959"},{"taxonomy":"product_tag","embeddable":true,"href":"https:\/\/nordicmart.andreevmaster.com\/sv\/wp-json\/wp\/v2\/product_tag?post=13959"}],"curies":[{"name":"wp","href":"https:\/\/api.w.org\/{rel}","templated":true}]}}