{"id":13955,"date":"2026-02-27T00:19:57","date_gmt":"2026-02-27T00:19:57","guid":{"rendered":"https:\/\/nordicmart.andreevmaster.com\/product\/vasagle-vardagsrumsbord-med-glasplatta-i-modern-stil-marmorsvart-blaksvart\/"},"modified":"2026-02-27T08:12:45","modified_gmt":"2026-02-27T08:12:45","slug":"vasagle-vardagsrumsbord-med-glasplatta-i-modern-stil-marmorsvart-blaksvart","status":"publish","type":"product","link":"https:\/\/nordicmart.andreevmaster.com\/sv\/produkt\/vasagle-vardagsrumsbord-med-glasplatta-i-modern-stil-marmorsvart-blaksvart\/","title":{"rendered":"VASAGLE vardagsrumsbord med glasplatta i modern stil, marmorsvart-bl\u00e4ksvart"},"content":{"rendered":"<p>VASAGLE soffbord, vardagsrumsbord, soffbord, f\u00f6r vardagsrum, med glasplatta, mycket f\u00f6rvaringsutrymme, enkel montering, modern stil, vit marmorlook, svart stativ LCT071B13<br \/>\nF\u00e4rg: Marmorsvart-bl\u00e4ksvart<br \/>\nMaterial: sp\u00e5nskiva, h\u00e4rdat glas, st\u00e5l<br \/>\nStorlek (med justerbara f\u00f6tter): 80 x 46 cm (\u00d8 x H)<br \/>\nVikt: 13,6 kg<br \/>\nMax. statisk belastningskapacitet: 30 kg<\/p>\n","protected":false},"excerpt":{"rendered":"<p>VASAGLE soffbord, vardagsrumsbord, soffbord, f\u00f6r vardagsrum, med glasplatta, mycket f\u00f6rvaringsutrymme, enkel montering, modern stil, vit marmorlook, svart stativ LCT071B13<\/p>\n","protected":false},"featured_media":0,"comment_status":"open","ping_status":"closed","template":"","meta":[],"product_brand":[],"product_cat":[33],"product_tag":[],"class_list":{"0":"post-13955","1":"product","2":"type-product","3":"status-publish","5":"product_cat-okategoriserad","7":"first","8":"instock","9":"shipping-taxable","10":"purchasable","11":"product-type-simple"},"_links":{"self":[{"href":"https:\/\/nordicmart.andreevmaster.com\/sv\/wp-json\/wp\/v2\/product\/13955","targetHints":{"allow":["GET"]}}],"collection":[{"href":"https:\/\/nordicmart.andreevmaster.com\/sv\/wp-json\/wp\/v2\/product"}],"about":[{"href":"https:\/\/nordicmart.andreevmaster.com\/sv\/wp-json\/wp\/v2\/types\/product"}],"replies":[{"embeddable":true,"href":"https:\/\/nordicmart.andreevmaster.com\/sv\/wp-json\/wp\/v2\/comments?post=13955"}],"wp:attachment":[{"href":"https:\/\/nordicmart.andreevmaster.com\/sv\/wp-json\/wp\/v2\/media?parent=13955"}],"wp:term":[{"taxonomy":"product_brand","embeddable":true,"href":"https:\/\/nordicmart.andreevmaster.com\/sv\/wp-json\/wp\/v2\/product_brand?post=13955"},{"taxonomy":"product_cat","embeddable":true,"href":"https:\/\/nordicmart.andreevmaster.com\/sv\/wp-json\/wp\/v2\/product_cat?post=13955"},{"taxonomy":"product_tag","embeddable":true,"href":"https:\/\/nordicmart.andreevmaster.com\/sv\/wp-json\/wp\/v2\/product_tag?post=13955"}],"curies":[{"name":"wp","href":"https:\/\/api.w.org\/{rel}","templated":true}]}}