{"id":13954,"date":"2026-02-27T00:19:57","date_gmt":"2026-02-27T00:19:57","guid":{"rendered":"https:\/\/nordicmart.andreevmaster.com\/product\/vasagle-soffbord-med-2-hyllor-for-vardagsrummet\/"},"modified":"2026-02-27T08:12:44","modified_gmt":"2026-02-27T08:12:44","slug":"vasagle-soffbord-med-2-hyllor-for-vardagsrummet","status":"publish","type":"product","link":"https:\/\/nordicmart.andreevmaster.com\/sv\/produkt\/vasagle-soffbord-med-2-hyllor-for-vardagsrummet\/","title":{"rendered":"VASAGLE soffbord med 2 hyllor f\u00f6r vardagsrummet"},"content":{"rendered":"<p>VASAGLE soffbord, vardagsrumsbord, soffbord, f\u00f6r vardagsrum, med glasplatta, mycket f\u00f6rvaringsutrymme, enkel montering, modern stil, vit marmorlook, svart stativ LCT071B13<br \/>\nF\u00e4rg: Vit marmorlook, svart stativ<br \/>\nMaterial: Sp\u00e5nskiva, st\u00e5l, h\u00e4rdat glas<br \/>\nStorlek: 80 x 44,5 cm (\u00d8 x H)<br \/>\nVikt: 12,4 kg<br \/>\nMax. statisk belastningskapacitet: 20 kg<\/p>\n","protected":false},"excerpt":{"rendered":"<p>VASAGLE soffbord, vardagsrumsbord, soffbord, f\u00f6r vardagsrum, med glasplatta, mycket f\u00f6rvaringsutrymme, enkel montering, modern stil, vit marmorlook, svart stativ LCT071B13<\/p>\n","protected":false},"featured_media":42036,"comment_status":"open","ping_status":"closed","template":"","meta":[],"product_brand":[],"product_cat":[33],"product_tag":[],"class_list":{"0":"post-13954","1":"product","2":"type-product","3":"status-publish","4":"has-post-thumbnail","6":"product_cat-okategoriserad","8":"first","9":"instock","10":"shipping-taxable","11":"purchasable","12":"product-type-simple"},"_links":{"self":[{"href":"https:\/\/nordicmart.andreevmaster.com\/sv\/wp-json\/wp\/v2\/product\/13954","targetHints":{"allow":["GET"]}}],"collection":[{"href":"https:\/\/nordicmart.andreevmaster.com\/sv\/wp-json\/wp\/v2\/product"}],"about":[{"href":"https:\/\/nordicmart.andreevmaster.com\/sv\/wp-json\/wp\/v2\/types\/product"}],"replies":[{"embeddable":true,"href":"https:\/\/nordicmart.andreevmaster.com\/sv\/wp-json\/wp\/v2\/comments?post=13954"}],"wp:featuredmedia":[{"embeddable":true,"href":"https:\/\/nordicmart.andreevmaster.com\/sv\/wp-json\/wp\/v2\/media\/42036"}],"wp:attachment":[{"href":"https:\/\/nordicmart.andreevmaster.com\/sv\/wp-json\/wp\/v2\/media?parent=13954"}],"wp:term":[{"taxonomy":"product_brand","embeddable":true,"href":"https:\/\/nordicmart.andreevmaster.com\/sv\/wp-json\/wp\/v2\/product_brand?post=13954"},{"taxonomy":"product_cat","embeddable":true,"href":"https:\/\/nordicmart.andreevmaster.com\/sv\/wp-json\/wp\/v2\/product_cat?post=13954"},{"taxonomy":"product_tag","embeddable":true,"href":"https:\/\/nordicmart.andreevmaster.com\/sv\/wp-json\/wp\/v2\/product_tag?post=13954"}],"curies":[{"name":"wp","href":"https:\/\/api.w.org\/{rel}","templated":true}]}}