{"id":13953,"date":"2026-02-27T00:19:57","date_gmt":"2026-02-27T00:19:57","guid":{"rendered":"https:\/\/nordicmart.andreevmaster.com\/product\/vasagle-konsolbord-rustikt-notbrunt\/"},"modified":"2026-02-27T08:12:44","modified_gmt":"2026-02-27T08:12:44","slug":"vasagle-konsolbord-rustikt-notbrunt","status":"publish","type":"product","link":"https:\/\/nordicmart.andreevmaster.com\/sv\/produkt\/vasagle-konsolbord-rustikt-notbrunt\/","title":{"rendered":"VASAGLE konsolbord rustikt n\u00f6tbrunt"},"content":{"rendered":"<p>Ge ditt hem en ny look Ett hem utan i\u00f6gonfallande m\u00f6bler eller dekorationsartiklar ser tr\u00e5kigt och trist ut. Skaffa detta konsolbord och fyll ditt hem med liv!  Ett bord f\u00f6r alla tillf\u00e4llen St\u00e4ll detta hallbord i din entr\u00e9 f\u00f6r att placera foton p\u00e5 dina familjemedlemmar. Det skapar en varm atmosf\u00e4r och dina g\u00e4ster kommer att k\u00e4nna sig v\u00e4lkomna varje g\u00e5ng de kommer in i ditt hem. Eller st\u00e4ll detta bord under f\u00f6nstret i ditt sovrum och placera n\u00e5gra v\u00e4xter som orkid\u00e9er p\u00e5 det \u2013 en personlig liten blomstertr\u00e4dg\u00e5rd! Rymligt men \u00e4nd\u00e5 platsbesparande \u2013 detta bord med tv\u00e5 niv\u00e5er passar \u00f6verallt, t.ex. i din hall, i ditt sovrum eller vardagsrum, till och med som skrivbord p\u00e5 kontoret. Produktdetaljer: &#8211; F\u00e4rg: M\u00f6rk valn\u00f6t &#8211; Material: Bj\u00f6rkfan\u00e9r, Schima Superba (ben), MDF (medeldensitetsfiberplatta) &#8211; M\u00e5tt: 120 x 38 x 77 cm (L x B x H) &#8211; Vikt: 15,1 kg &#8211; Bordsskivans belastningskapacitet: 40 kg &#8211; Hyllans belastningskapacitet: 30 kg Leveransomfattning: &#8211; 1 x konsolbord &#8211; 1 x tillbeh\u00f6rsp\u00e5se &#8211; 1 x bruksanvisning (DE, EN, FR, ES, IT)<\/p>\n","protected":false},"excerpt":{"rendered":"<p>VASAGLE konsolbord, stort hallbord, ben i massivt tr\u00e4, sidobord med f\u00f6rvaring, vintage, soffbord, f\u00f6r hall, vardagsrum, m\u00f6rk valn\u00f6tsf\u00e4rg LCT06CB<\/p>\n","protected":false},"featured_media":42035,"comment_status":"open","ping_status":"closed","template":"","meta":[],"product_brand":[],"product_cat":[33],"product_tag":[],"class_list":{"0":"post-13953","1":"product","2":"type-product","3":"status-publish","4":"has-post-thumbnail","6":"product_cat-okategoriserad","8":"first","9":"instock","10":"shipping-taxable","11":"purchasable","12":"product-type-simple"},"_links":{"self":[{"href":"https:\/\/nordicmart.andreevmaster.com\/sv\/wp-json\/wp\/v2\/product\/13953","targetHints":{"allow":["GET"]}}],"collection":[{"href":"https:\/\/nordicmart.andreevmaster.com\/sv\/wp-json\/wp\/v2\/product"}],"about":[{"href":"https:\/\/nordicmart.andreevmaster.com\/sv\/wp-json\/wp\/v2\/types\/product"}],"replies":[{"embeddable":true,"href":"https:\/\/nordicmart.andreevmaster.com\/sv\/wp-json\/wp\/v2\/comments?post=13953"}],"wp:featuredmedia":[{"embeddable":true,"href":"https:\/\/nordicmart.andreevmaster.com\/sv\/wp-json\/wp\/v2\/media\/42035"}],"wp:attachment":[{"href":"https:\/\/nordicmart.andreevmaster.com\/sv\/wp-json\/wp\/v2\/media?parent=13953"}],"wp:term":[{"taxonomy":"product_brand","embeddable":true,"href":"https:\/\/nordicmart.andreevmaster.com\/sv\/wp-json\/wp\/v2\/product_brand?post=13953"},{"taxonomy":"product_cat","embeddable":true,"href":"https:\/\/nordicmart.andreevmaster.com\/sv\/wp-json\/wp\/v2\/product_cat?post=13953"},{"taxonomy":"product_tag","embeddable":true,"href":"https:\/\/nordicmart.andreevmaster.com\/sv\/wp-json\/wp\/v2\/product_tag?post=13953"}],"curies":[{"name":"wp","href":"https:\/\/api.w.org\/{rel}","templated":true}]}}