{"id":13950,"date":"2026-02-27T00:19:56","date_gmt":"2026-02-27T00:19:56","guid":{"rendered":"https:\/\/nordicmart.andreevmaster.com\/product\/vasagle-soffbord-2-pack-med-stalstativ-i-naturbeige\/"},"modified":"2026-02-27T08:12:43","modified_gmt":"2026-02-27T08:12:43","slug":"vasagle-soffbord-2-pack-med-stalstativ-i-naturbeige","status":"publish","type":"product","link":"https:\/\/nordicmart.andreevmaster.com\/sv\/produkt\/vasagle-soffbord-2-pack-med-stalstativ-i-naturbeige\/","title":{"rendered":"VASAGLE soffbord, 2-pack med st\u00e5lstativ i naturbeige"},"content":{"rendered":"<p>VASAGLE soffbord, rund, 2-pack, modernt, runt sidobord, med st\u00e5lstativ, f\u00f6r vardagsrum, sovrum, ebenholts svart LCT045B56<br \/>\nF\u00e4rg: Naturbeige<br \/>\nMaterial: MDF (medeldensitetsfiberplatta), st\u00e5l<br \/>\nStorlek p\u00e5 det stora bordet: 60 cm d, 45 cm H<br \/>\nStorlek p\u00e5 det lilla bordet: 41,5 cm d, 37 cm H<br \/>\nVikt: 9,1 kg<br \/>\nMax. statisk belastningskapacitet f\u00f6r varje bord: 25 kg<\/p>\n","protected":false},"excerpt":{"rendered":"<p>VASAGLE soffbord, rund, 2-pack, modernt, runt sidobord, med st\u00e5lstativ, f\u00f6r vardagsrum, sovrum, ebenholts svart LCT045B56<\/p>\n","protected":false},"featured_media":42032,"comment_status":"open","ping_status":"closed","template":"","meta":[],"product_brand":[],"product_cat":[33],"product_tag":[],"class_list":{"0":"post-13950","1":"product","2":"type-product","3":"status-publish","4":"has-post-thumbnail","6":"product_cat-okategoriserad","8":"first","9":"instock","10":"shipping-taxable","11":"purchasable","12":"product-type-simple"},"_links":{"self":[{"href":"https:\/\/nordicmart.andreevmaster.com\/sv\/wp-json\/wp\/v2\/product\/13950","targetHints":{"allow":["GET"]}}],"collection":[{"href":"https:\/\/nordicmart.andreevmaster.com\/sv\/wp-json\/wp\/v2\/product"}],"about":[{"href":"https:\/\/nordicmart.andreevmaster.com\/sv\/wp-json\/wp\/v2\/types\/product"}],"replies":[{"embeddable":true,"href":"https:\/\/nordicmart.andreevmaster.com\/sv\/wp-json\/wp\/v2\/comments?post=13950"}],"wp:featuredmedia":[{"embeddable":true,"href":"https:\/\/nordicmart.andreevmaster.com\/sv\/wp-json\/wp\/v2\/media\/42032"}],"wp:attachment":[{"href":"https:\/\/nordicmart.andreevmaster.com\/sv\/wp-json\/wp\/v2\/media?parent=13950"}],"wp:term":[{"taxonomy":"product_brand","embeddable":true,"href":"https:\/\/nordicmart.andreevmaster.com\/sv\/wp-json\/wp\/v2\/product_brand?post=13950"},{"taxonomy":"product_cat","embeddable":true,"href":"https:\/\/nordicmart.andreevmaster.com\/sv\/wp-json\/wp\/v2\/product_cat?post=13950"},{"taxonomy":"product_tag","embeddable":true,"href":"https:\/\/nordicmart.andreevmaster.com\/sv\/wp-json\/wp\/v2\/product_tag?post=13950"}],"curies":[{"name":"wp","href":"https:\/\/api.w.org\/{rel}","templated":true}]}}