{"id":13946,"date":"2026-02-27T00:19:55","date_gmt":"2026-02-27T00:19:55","guid":{"rendered":"https:\/\/nordicmart.andreevmaster.com\/product\/vasagle-soffbord-runt-2-pack-naturbeige-black-svart\/"},"modified":"2026-02-27T08:12:43","modified_gmt":"2026-02-27T08:12:43","slug":"vasagle-soffbord-runt-2-pack-naturbeige-black-svart","status":"publish","type":"product","link":"https:\/\/nordicmart.andreevmaster.com\/sv\/produkt\/vasagle-soffbord-runt-2-pack-naturbeige-black-svart\/","title":{"rendered":"VASAGLE soffbord, runt, 2-pack, naturbeige-bl\u00e4ck svart"},"content":{"rendered":"<p>VASAGLE Rund soffbord, 2-pack, sidobord, setbord, modernt, dold f\u00f6rvaringsutrymme, bricka, f\u00f6r vardagsrum, sovrum, balkong, vintagebrunt-bl\u00e4ck svart LCT044K01<br \/>\nF\u00e4rg: Naturbeige-bl\u00e4ck svart<br \/>\nMaterial: MDF (medeldensitetsfiberplatta), sp\u00e5nskiva, st\u00e5l<br \/>\nStorlek p\u00e5 det stora bordet: 60 x 60 x 45 cm (D x B x H)<br \/>\nStorlek p\u00e5 det lilla bordet: 44 x 44 x 42 cm (D x B x H)<br \/>\nTotalvikt: 10,7 kg<br \/>\nMax. statisk belastningskapacitet f\u00f6r det stora bordet: 20 kg<br \/>\nMax. statisk belastningskapacitet f\u00f6r det lilla bordet: 30 kg<\/p>\n","protected":false},"excerpt":{"rendered":"<p>VASAGLE Rund soffbord, 2-pack, sidobord, setbord, modernt, dold f\u00f6rvaringsutrymme, bricka, f\u00f6r vardagsrum, sovrum, balkong, vintagebrunt-bl\u00e4ck svart LCT044K01<\/p>\n","protected":false},"featured_media":42028,"comment_status":"open","ping_status":"closed","template":"","meta":[],"product_brand":[],"product_cat":[33],"product_tag":[],"class_list":{"0":"post-13946","1":"product","2":"type-product","3":"status-publish","4":"has-post-thumbnail","6":"product_cat-okategoriserad","8":"first","9":"instock","10":"shipping-taxable","11":"purchasable","12":"product-type-simple"},"_links":{"self":[{"href":"https:\/\/nordicmart.andreevmaster.com\/sv\/wp-json\/wp\/v2\/product\/13946","targetHints":{"allow":["GET"]}}],"collection":[{"href":"https:\/\/nordicmart.andreevmaster.com\/sv\/wp-json\/wp\/v2\/product"}],"about":[{"href":"https:\/\/nordicmart.andreevmaster.com\/sv\/wp-json\/wp\/v2\/types\/product"}],"replies":[{"embeddable":true,"href":"https:\/\/nordicmart.andreevmaster.com\/sv\/wp-json\/wp\/v2\/comments?post=13946"}],"wp:featuredmedia":[{"embeddable":true,"href":"https:\/\/nordicmart.andreevmaster.com\/sv\/wp-json\/wp\/v2\/media\/42028"}],"wp:attachment":[{"href":"https:\/\/nordicmart.andreevmaster.com\/sv\/wp-json\/wp\/v2\/media?parent=13946"}],"wp:term":[{"taxonomy":"product_brand","embeddable":true,"href":"https:\/\/nordicmart.andreevmaster.com\/sv\/wp-json\/wp\/v2\/product_brand?post=13946"},{"taxonomy":"product_cat","embeddable":true,"href":"https:\/\/nordicmart.andreevmaster.com\/sv\/wp-json\/wp\/v2\/product_cat?post=13946"},{"taxonomy":"product_tag","embeddable":true,"href":"https:\/\/nordicmart.andreevmaster.com\/sv\/wp-json\/wp\/v2\/product_tag?post=13946"}],"curies":[{"name":"wp","href":"https:\/\/api.w.org\/{rel}","templated":true}]}}