{"id":13943,"date":"2026-02-27T00:19:54","date_gmt":"2026-02-27T00:19:54","guid":{"rendered":"https:\/\/nordicmart.andreevmaster.com\/product\/vasagle-soffbord-runt-2-pack-modernt-marmorvit-black-svart\/"},"modified":"2026-02-27T08:12:42","modified_gmt":"2026-02-27T08:12:42","slug":"vasagle-soffbord-runt-2-pack-modernt-marmorvit-black-svart","status":"publish","type":"product","link":"https:\/\/nordicmart.andreevmaster.com\/sv\/produkt\/vasagle-soffbord-runt-2-pack-modernt-marmorvit-black-svart\/","title":{"rendered":"VASAGLE soffbord, runt, 2-pack, modernt, marmorvit-bl\u00e4ck svart"},"content":{"rendered":"<p>VASAGLE soffbord, sidobord, vardagsrumsbord, soffbord, st\u00e5lstativ, f\u00f6r vardagsrum, sovrum, arbetsrum, industriell design, vintagebrunt-svart LCT040B01<br \/>\nF\u00e4rg: Marmorvit-bl\u00e4ck svart<br \/>\nMaterial: sp\u00e5nskiva, st\u00e5l<br \/>\nStorlek p\u00e5 det stora bordet: 60 cm d, 45 cm H<br \/>\nStorlek p\u00e5 det lilla bordet: 50 cm d, 40 cm H<br \/>\nTotalvikt: 9,8 kg<br \/>\nMax. statisk belastningskapacitet per bord: 30 kg<\/p>\n","protected":false},"excerpt":{"rendered":"<p>VASAGLE soffbord, sidobord, vardagsrumsbord, soffbord, st\u00e5lstativ, f\u00f6r vardagsrum, sovrum, arbetsrum, industriell design, vintagebrunt-svart LCT040B01<\/p>\n","protected":false},"featured_media":42025,"comment_status":"open","ping_status":"closed","template":"","meta":[],"product_brand":[],"product_cat":[33],"product_tag":[],"class_list":{"0":"post-13943","1":"product","2":"type-product","3":"status-publish","4":"has-post-thumbnail","6":"product_cat-okategoriserad","8":"first","9":"instock","10":"shipping-taxable","11":"purchasable","12":"product-type-simple"},"_links":{"self":[{"href":"https:\/\/nordicmart.andreevmaster.com\/sv\/wp-json\/wp\/v2\/product\/13943","targetHints":{"allow":["GET"]}}],"collection":[{"href":"https:\/\/nordicmart.andreevmaster.com\/sv\/wp-json\/wp\/v2\/product"}],"about":[{"href":"https:\/\/nordicmart.andreevmaster.com\/sv\/wp-json\/wp\/v2\/types\/product"}],"replies":[{"embeddable":true,"href":"https:\/\/nordicmart.andreevmaster.com\/sv\/wp-json\/wp\/v2\/comments?post=13943"}],"wp:featuredmedia":[{"embeddable":true,"href":"https:\/\/nordicmart.andreevmaster.com\/sv\/wp-json\/wp\/v2\/media\/42025"}],"wp:attachment":[{"href":"https:\/\/nordicmart.andreevmaster.com\/sv\/wp-json\/wp\/v2\/media?parent=13943"}],"wp:term":[{"taxonomy":"product_brand","embeddable":true,"href":"https:\/\/nordicmart.andreevmaster.com\/sv\/wp-json\/wp\/v2\/product_brand?post=13943"},{"taxonomy":"product_cat","embeddable":true,"href":"https:\/\/nordicmart.andreevmaster.com\/sv\/wp-json\/wp\/v2\/product_cat?post=13943"},{"taxonomy":"product_tag","embeddable":true,"href":"https:\/\/nordicmart.andreevmaster.com\/sv\/wp-json\/wp\/v2\/product_tag?post=13943"}],"curies":[{"name":"wp","href":"https:\/\/api.w.org\/{rel}","templated":true}]}}