{"id":13939,"date":"2026-02-27T00:19:53","date_gmt":"2026-02-27T00:19:53","guid":{"rendered":"https:\/\/nordicmart.andreevmaster.com\/product\/vasagle-soffbord-med-oppet-fack\/"},"modified":"2026-02-27T08:12:41","modified_gmt":"2026-02-27T08:12:41","slug":"vasagle-soffbord-med-oppet-fack","status":"publish","type":"product","link":"https:\/\/nordicmart.andreevmaster.com\/sv\/produkt\/vasagle-soffbord-med-oppet-fack\/","title":{"rendered":"VASAGLE soffbord med \u00f6ppet fack"},"content":{"rendered":"<p>En p\u00e4rla f\u00f6r vardagsrummet! Rensa upp i vardagsrummet genom att byta ut ditt gamla soffbord utan f\u00f6rvaringsutrymme mot detta fantastiska soffbord med l\u00e5da och fack. Dessutom ger den tr\u00e4f\u00e4rgade vintagebordsskivan och de l\u00e5nga benen ditt vardagsrum en mysig v\u00e4rme. Imponerande: Vem s\u00e4ger att detta soffbord bara \u00e4r n\u00e5got f\u00f6r hemmet? Du kan ocks\u00e5 anv\u00e4nda det p\u00e5 kontoret, i ett v\u00e4ntrum eller i en lobby. Med v\u00e5r unika stil kommer dina kunder att minnas ditt f\u00f6retag eller ditt varum\u00e4rke l\u00e4nge.Produktdetaljer: F\u00e4rg: Vintagebrun Material: Sp\u00e5nskiva, massivt tr\u00e4 Storlek: 100 x 50 x 45 cm (L x B x H) Vikt: 15 kg Max. statisk belastningskapacitet: 20 kg Leveransomfattning: 1 x soffbord 1 x tillbeh\u00f6rspaket 1 x instruktioner (DE, EN, ES, FR, IT) VASAGLE Anm\u00e4rkningar:Av s\u00e4kerhetssk\u00e4l \u00e4r det f\u00f6rbjudet f\u00f6r barn att kl\u00e4ttra p\u00e5 eller leka med produkten. N\u00e4r du flyttar produkten, lyft den ist\u00e4llet f\u00f6r att dra den \u00f6ver golvet.<\/p>\n","protected":false},"excerpt":{"rendered":"<p>VASAGLE soffbord, med f\u00f6rvaringsutrymme, l\u00e5da, \u00f6ppet fack, f\u00f6r vardagsrum, matsal, 100 x 50 x 45 cm, vintagebrunt LCT028X01<\/p>\n","protected":false},"featured_media":42022,"comment_status":"open","ping_status":"closed","template":"","meta":[],"product_brand":[],"product_cat":[33],"product_tag":[],"class_list":{"0":"post-13939","1":"product","2":"type-product","3":"status-publish","4":"has-post-thumbnail","6":"product_cat-okategoriserad","8":"first","9":"instock","10":"shipping-taxable","11":"purchasable","12":"product-type-simple"},"_links":{"self":[{"href":"https:\/\/nordicmart.andreevmaster.com\/sv\/wp-json\/wp\/v2\/product\/13939","targetHints":{"allow":["GET"]}}],"collection":[{"href":"https:\/\/nordicmart.andreevmaster.com\/sv\/wp-json\/wp\/v2\/product"}],"about":[{"href":"https:\/\/nordicmart.andreevmaster.com\/sv\/wp-json\/wp\/v2\/types\/product"}],"replies":[{"embeddable":true,"href":"https:\/\/nordicmart.andreevmaster.com\/sv\/wp-json\/wp\/v2\/comments?post=13939"}],"wp:featuredmedia":[{"embeddable":true,"href":"https:\/\/nordicmart.andreevmaster.com\/sv\/wp-json\/wp\/v2\/media\/42022"}],"wp:attachment":[{"href":"https:\/\/nordicmart.andreevmaster.com\/sv\/wp-json\/wp\/v2\/media?parent=13939"}],"wp:term":[{"taxonomy":"product_brand","embeddable":true,"href":"https:\/\/nordicmart.andreevmaster.com\/sv\/wp-json\/wp\/v2\/product_brand?post=13939"},{"taxonomy":"product_cat","embeddable":true,"href":"https:\/\/nordicmart.andreevmaster.com\/sv\/wp-json\/wp\/v2\/product_cat?post=13939"},{"taxonomy":"product_tag","embeddable":true,"href":"https:\/\/nordicmart.andreevmaster.com\/sv\/wp-json\/wp\/v2\/product_tag?post=13939"}],"curies":[{"name":"wp","href":"https:\/\/api.w.org\/{rel}","templated":true}]}}