{"id":13938,"date":"2026-02-27T00:19:53","date_gmt":"2026-02-27T00:19:53","guid":{"rendered":"https:\/\/nordicmart.andreevmaster.com\/product\/vasagle-baddsoffa-med-overdrag-i-gra-sammet\/"},"modified":"2026-02-27T08:12:41","modified_gmt":"2026-02-27T08:12:41","slug":"vasagle-baddsoffa-med-overdrag-i-gra-sammet","status":"publish","type":"product","link":"https:\/\/nordicmart.andreevmaster.com\/sv\/produkt\/vasagle-baddsoffa-med-overdrag-i-gra-sammet\/","title":{"rendered":"VASAGLE b\u00e4ddsoffa med \u00f6verdrag i gr\u00e5 sammet"},"content":{"rendered":"<p>\u00c4r det en soffa? En s\u00e4ng? Eller ett m\u00f6bel d\u00e4r du staplar dina kl\u00e4der? (Ja, okej, det&#8230; kanske inte!) Denna b\u00e4ddsoffa f\u00f6rvandlar enkelt din lekh\u00f6rna, ditt vardagsrum eller ditt kontor till ett mysigt rum och erbjuder dig och dina g\u00e4ster komfort, stabilitet och modern design.- Ett mjukt sammet\u00f6verdrag, ben av gummitr\u00e4 och den moderna designen g\u00f6r denna soffa mycket stilfull. &#8211; Stommen av massivt tr\u00e4 och bekv\u00e4ma sittdynor garanterar stabilitet och h\u00e5llbarhet. &#8211; Soffan \u00e4r enkel att montera: du beh\u00f6ver bara f\u00e4sta de 6 benen och 2 armst\u00f6den.- De medf\u00f6ljande dynorna skyddar ditt golv fr\u00e5n repor. &#8211; F\u00f6rvandlas till en praktisk s\u00e4ng p\u00e5 n\u00e5gra sekunder. &#8211; Storlek p\u00e5 soffan: 194 x 90 x 81 cm. &#8211; Storlek p\u00e5 s\u00e4ngen: 194 x 108 x 37 cm.- T\u00e5l en belastning p\u00e5 upp till 250 kg. Produktdetaljer: &#8211; F\u00e4rg: Gr\u00e5 &#8211; Material: Sammet, skumplaststoppning, eukalyptustr\u00e4, ben av gummitr\u00e4 &#8211; Storlek p\u00e5 soffan: 194 x 90 x 81 cm (L x B x H) &#8211; S\u00e4ngens storlek: 194 x 108 x 37 cm (L x B x H) &#8211; Sittdjup: 53 cm &#8211; Kuddens tjocklek: 16,5 cm &#8211; Vikt: 40,1 kg &#8211; Max. total statisk belastningskapacitet: 250 kg Leveransomfattning:- 1 x b\u00e4ddsoffa &#8211; 1 x tillbeh\u00f6rspaket &#8211; 1 x bruksanvisning (DE, EN, FR, ES, IT) VASAGLE Anvisningar: &#8211; Uts\u00e4tt inte produkten f\u00f6r intensivt solljus under l\u00e4ngre tid. &#8211; H\u00e5ll produkten borta fr\u00e5n vassa eller skarpa f\u00f6rem\u00e5l.- Anv\u00e4nd inte produkten som steghj\u00e4lp. &#8211; Torka omedelbart av produkten med en torr trasa om den blir v\u00e5t. &#8211; Placera produkten p\u00e5 ett plant underlag.<\/p>\n","protected":false},"excerpt":{"rendered":"<p>VASAGLE b\u00e4ddsoffa, sovsoffa, b\u00e4ddsoffa, kl\u00e4dsel i sammet, ben i massivt tr\u00e4, 194 x 90 x 81 cm, hopf\u00e4llbar, utf\u00e4llbar soffa, f\u00f6r studentrum, sm\u00e5 rum, gr\u00e5 LCS700G01<\/p>\n","protected":false},"featured_media":42021,"comment_status":"open","ping_status":"closed","template":"","meta":[],"product_brand":[],"product_cat":[33],"product_tag":[],"class_list":{"0":"post-13938","1":"product","2":"type-product","3":"status-publish","4":"has-post-thumbnail","6":"product_cat-okategoriserad","8":"first","9":"instock","10":"shipping-taxable","11":"purchasable","12":"product-type-simple"},"_links":{"self":[{"href":"https:\/\/nordicmart.andreevmaster.com\/sv\/wp-json\/wp\/v2\/product\/13938","targetHints":{"allow":["GET"]}}],"collection":[{"href":"https:\/\/nordicmart.andreevmaster.com\/sv\/wp-json\/wp\/v2\/product"}],"about":[{"href":"https:\/\/nordicmart.andreevmaster.com\/sv\/wp-json\/wp\/v2\/types\/product"}],"replies":[{"embeddable":true,"href":"https:\/\/nordicmart.andreevmaster.com\/sv\/wp-json\/wp\/v2\/comments?post=13938"}],"wp:featuredmedia":[{"embeddable":true,"href":"https:\/\/nordicmart.andreevmaster.com\/sv\/wp-json\/wp\/v2\/media\/42021"}],"wp:attachment":[{"href":"https:\/\/nordicmart.andreevmaster.com\/sv\/wp-json\/wp\/v2\/media?parent=13938"}],"wp:term":[{"taxonomy":"product_brand","embeddable":true,"href":"https:\/\/nordicmart.andreevmaster.com\/sv\/wp-json\/wp\/v2\/product_brand?post=13938"},{"taxonomy":"product_cat","embeddable":true,"href":"https:\/\/nordicmart.andreevmaster.com\/sv\/wp-json\/wp\/v2\/product_cat?post=13938"},{"taxonomy":"product_tag","embeddable":true,"href":"https:\/\/nordicmart.andreevmaster.com\/sv\/wp-json\/wp\/v2\/product_tag?post=13938"}],"curies":[{"name":"wp","href":"https:\/\/api.w.org\/{rel}","templated":true}]}}