{"id":13937,"date":"2026-02-27T00:19:53","date_gmt":"2026-02-27T00:19:53","guid":{"rendered":"https:\/\/nordicmart.andreevmaster.com\/product\/vasagle-3-sits-soffa-med-sammetskladsel\/"},"modified":"2026-02-27T08:12:41","modified_gmt":"2026-02-27T08:12:41","slug":"vasagle-3-sits-soffa-med-sammetskladsel","status":"publish","type":"product","link":"https:\/\/nordicmart.andreevmaster.com\/sv\/produkt\/vasagle-3-sits-soffa-med-sammetskladsel\/","title":{"rendered":"VASAGLE 3-sits soffa med sammetskl\u00e4dsel"},"content":{"rendered":"<p>Svarta ben i massivt tr\u00e4 och gr\u00e5 sammet \u2013 en oslagbar kombination som inte bara f\u00f6rh\u00f6jer ditt hem, utan ocks\u00e5 \u00e4r extra robust och slitstark.  H\u00f6jdpunkterna i denna bekv\u00e4ma sittm\u00f6bel i korthet: &#8211; Soffans ben \u00e4r tillverkade av gummitr\u00e4, vilket tillsammans med den stabila tr\u00e4konstruktionen g\u00f6r att soffan t\u00e5l en belastning p\u00e5 200 kg per sittplats. &#8211; Extra fack p\u00e5 soffans undersida d\u00e4r du kan f\u00f6rvara till exempel kuddar. &#8211; De stora kuddarna f\u00e4sts p\u00e5 soffan med kardborreband och h\u00e5ller sig d\u00e4rmed alltid p\u00e5 plats. &#8211; Kl\u00e4dseln p\u00e5 kuddarna och nackrullarna \u00e4r avtagbar och d\u00e4rmed l\u00e4tt att reng\u00f6ra. Produktdetaljer: &#8211; F\u00e4rg: Gr\u00e5 &#8211; Material: Sammet, skumplast, gummitr\u00e4, eukalyptustr\u00e4 &#8211; Storlek: 176 x 83 x 84 cm (L x B x H) &#8211; Vikt: 39 kg &#8211; Max. statisk belastningskapacitet per sittplats: 200 kg\/8 timmar Leveransomfattning: &#8211; 1 x soffa &#8211; 1 x tillbeh\u00f6rsp\u00e5se &#8211; 1 x bruksanvisning (DE, EN, FR, ES, IT) VASAGLE Anm\u00e4rkningar: &#8211; Barn b\u00f6r endast anv\u00e4nda produkten under uppsikt av en vuxen. &#8211; Montera produkten enligt bruksanvisningen. \u00c4ndringar eller ombyggnader kan \u00e4ventyra produktens s\u00e4kerhet.<\/p>\n","protected":false},"excerpt":{"rendered":"<p>VASAGLE 3-sits soffa, soffa med sammetskl\u00e4dsel, 176 x 83 x 84 cm, stoppade m\u00f6bler f\u00f6r sm\u00e5 l\u00e4genheter, g\u00e4strum, ungdomsrum, tr\u00e4st\u00e4llning, enkel montering, gr\u00e5, LCS50GY<\/p>\n","protected":false},"featured_media":42020,"comment_status":"open","ping_status":"closed","template":"","meta":[],"product_brand":[],"product_cat":[33],"product_tag":[],"class_list":{"0":"post-13937","1":"product","2":"type-product","3":"status-publish","4":"has-post-thumbnail","6":"product_cat-okategoriserad","8":"first","9":"instock","10":"shipping-taxable","11":"purchasable","12":"product-type-simple"},"_links":{"self":[{"href":"https:\/\/nordicmart.andreevmaster.com\/sv\/wp-json\/wp\/v2\/product\/13937","targetHints":{"allow":["GET"]}}],"collection":[{"href":"https:\/\/nordicmart.andreevmaster.com\/sv\/wp-json\/wp\/v2\/product"}],"about":[{"href":"https:\/\/nordicmart.andreevmaster.com\/sv\/wp-json\/wp\/v2\/types\/product"}],"replies":[{"embeddable":true,"href":"https:\/\/nordicmart.andreevmaster.com\/sv\/wp-json\/wp\/v2\/comments?post=13937"}],"wp:featuredmedia":[{"embeddable":true,"href":"https:\/\/nordicmart.andreevmaster.com\/sv\/wp-json\/wp\/v2\/media\/42020"}],"wp:attachment":[{"href":"https:\/\/nordicmart.andreevmaster.com\/sv\/wp-json\/wp\/v2\/media?parent=13937"}],"wp:term":[{"taxonomy":"product_brand","embeddable":true,"href":"https:\/\/nordicmart.andreevmaster.com\/sv\/wp-json\/wp\/v2\/product_brand?post=13937"},{"taxonomy":"product_cat","embeddable":true,"href":"https:\/\/nordicmart.andreevmaster.com\/sv\/wp-json\/wp\/v2\/product_cat?post=13937"},{"taxonomy":"product_tag","embeddable":true,"href":"https:\/\/nordicmart.andreevmaster.com\/sv\/wp-json\/wp\/v2\/product_tag?post=13937"}],"curies":[{"name":"wp","href":"https:\/\/api.w.org\/{rel}","templated":true}]}}