{"id":13933,"date":"2026-02-27T00:19:52","date_gmt":"2026-02-27T00:19:52","guid":{"rendered":"https:\/\/nordicmart.andreevmaster.com\/product\/vasagle-soffa-for-vardagsrummet-gra\/"},"modified":"2026-02-27T08:12:40","modified_gmt":"2026-02-27T08:12:40","slug":"vasagle-soffa-for-vardagsrummet-gra","status":"publish","type":"product","link":"https:\/\/nordicmart.andreevmaster.com\/sv\/produkt\/vasagle-soffa-for-vardagsrummet-gra\/","title":{"rendered":"VASAGLE soffa f\u00f6r vardagsrummet, gr\u00e5"},"content":{"rendered":"<p>Stil m\u00f6ter komfort Med sitt eleganta utseende, bekv\u00e4ma stoppning och enkla design ger denna soffa dig m\u00f6jlighet att slappna av helt. Oavsett om du placerar den i vardagsrummet, i studentrummet eller i en kompakt l\u00e4genhet kommer den att bli ett hj\u00e4rtat i ditt hem och en avkopplande plats f\u00f6r din familj och v\u00e4nner. Stark Denna soffa \u00e4r utrustad med v\u00e4lstoppade kuddar och en mjuk yta och erbjuder dig en perfekt sittplats f\u00f6r att lindra tr\u00f6tthet. Dessutom st\u00f6ds denna soffa av fyra h\u00e5llbara, massiva ben av gummitr\u00e4 och kan belastas med upp till 300 kg (max. statisk belastningskapacitet).Produktdetaljer: F\u00e4rg: Gr\u00e5 Material: Polyester, skumplast, eukalyptustr\u00e4, gummitr\u00e4 Storlek: 177 x 72 x 86 cm (L x B x H) Vikt: 38,5 kg Max. total statisk belastningskapacitet: 300 kg Leveransomfattning:- 1 x soffa &#8211; 1 x tillbeh\u00f6rspaket &#8211; 1 x bruksanvisning (DE, EN, FR, ES, IT) VASAGLE Anm\u00e4rkningar: &#8211; Barn b\u00f6r endast anv\u00e4nda produkten under uppsikt av en vuxen.<\/p>\n","protected":false},"excerpt":{"rendered":"<p>VASAGLE soffa, soffa f\u00f6r vardagsrummet, kl\u00e4dsel av polyester, stoppade m\u00f6bler f\u00f6r sm\u00e5 l\u00e4genheter, stelning och ben av massivt tr\u00e4, modern design, 182 x 80,5 x 84 cm, gr\u00e5 LCS101G01<\/p>\n","protected":false},"featured_media":42016,"comment_status":"open","ping_status":"closed","template":"","meta":[],"product_brand":[],"product_cat":[33],"product_tag":[],"class_list":{"0":"post-13933","1":"product","2":"type-product","3":"status-publish","4":"has-post-thumbnail","6":"product_cat-okategoriserad","8":"first","9":"instock","10":"shipping-taxable","11":"purchasable","12":"product-type-simple"},"_links":{"self":[{"href":"https:\/\/nordicmart.andreevmaster.com\/sv\/wp-json\/wp\/v2\/product\/13933","targetHints":{"allow":["GET"]}}],"collection":[{"href":"https:\/\/nordicmart.andreevmaster.com\/sv\/wp-json\/wp\/v2\/product"}],"about":[{"href":"https:\/\/nordicmart.andreevmaster.com\/sv\/wp-json\/wp\/v2\/types\/product"}],"replies":[{"embeddable":true,"href":"https:\/\/nordicmart.andreevmaster.com\/sv\/wp-json\/wp\/v2\/comments?post=13933"}],"wp:featuredmedia":[{"embeddable":true,"href":"https:\/\/nordicmart.andreevmaster.com\/sv\/wp-json\/wp\/v2\/media\/42016"}],"wp:attachment":[{"href":"https:\/\/nordicmart.andreevmaster.com\/sv\/wp-json\/wp\/v2\/media?parent=13933"}],"wp:term":[{"taxonomy":"product_brand","embeddable":true,"href":"https:\/\/nordicmart.andreevmaster.com\/sv\/wp-json\/wp\/v2\/product_brand?post=13933"},{"taxonomy":"product_cat","embeddable":true,"href":"https:\/\/nordicmart.andreevmaster.com\/sv\/wp-json\/wp\/v2\/product_cat?post=13933"},{"taxonomy":"product_tag","embeddable":true,"href":"https:\/\/nordicmart.andreevmaster.com\/sv\/wp-json\/wp\/v2\/product_tag?post=13933"}],"curies":[{"name":"wp","href":"https:\/\/api.w.org\/{rel}","templated":true}]}}