{"id":13931,"date":"2026-02-27T00:19:51","date_gmt":"2026-02-27T00:19:51","guid":{"rendered":"https:\/\/nordicmart.andreevmaster.com\/product\/songmics-home-combie-kollektion-7-delad-modular-soffa\/"},"modified":"2026-02-27T08:12:39","modified_gmt":"2026-02-27T08:12:39","slug":"songmics-home-combie-kollektion-7-delad-modular-soffa","status":"publish","type":"product","link":"https:\/\/nordicmart.andreevmaster.com\/sv\/produkt\/songmics-home-combie-kollektion-7-delad-modular-soffa\/","title":{"rendered":"SONGMICS HOME COMBIE-kollektion \u2013 7-delad modul\u00e4r soffa"},"content":{"rendered":"<p>&#8211; F\u00e4rg: kr\u00e4mvit\/skiffergr\u00e5<br \/>\n&#8211; Storlek (U-form): 221 x 308 x 85,6 cm (D x B x H)<br \/>\n&#8211; Storlek p\u00e5 varje armstolsmodul: 73 x 13 x 50,5 cm (D x B x H)<br \/>\n&#8211; Storlek p\u00e5 varje mittmodul: 79 x 73 x 85,6 cm (D x B x H)<br \/>\n&#8211; Storlek p\u00e5 varje fotmodul: 73 x 73 x 43,7 cm (D x B x H)<br \/>\n&#8211; Vikt: 144,2 kg<br \/>\n&#8211; Max. statisk totalbelastning: 952 kg<\/p>\n","protected":false},"excerpt":{"rendered":"<p>&#8211; F\u00e4rg: kr\u00e4mvit\/skiffergr\u00e5 &#8211; Storlek (U-form): 221 x 308 x 85,6 cm (D x B x H) &#8211; Storlek p\u00e5 varje armstolsmodul: 73 x 13 x 50,5 cm (D x B x H) &#8211; Storlek p\u00e5 varje mittmodul: 79 x 73 x 85,6 cm (D x B x H) &#8211; Storlek p\u00e5 varje fotmodul: 73 [&hellip;]<\/p>\n","protected":false},"featured_media":42014,"comment_status":"open","ping_status":"closed","template":"","meta":[],"product_brand":[],"product_cat":[33],"product_tag":[],"class_list":{"0":"post-13931","1":"product","2":"type-product","3":"status-publish","4":"has-post-thumbnail","6":"product_cat-okategoriserad","8":"first","9":"instock","10":"shipping-taxable","11":"purchasable","12":"product-type-simple"},"_links":{"self":[{"href":"https:\/\/nordicmart.andreevmaster.com\/sv\/wp-json\/wp\/v2\/product\/13931","targetHints":{"allow":["GET"]}}],"collection":[{"href":"https:\/\/nordicmart.andreevmaster.com\/sv\/wp-json\/wp\/v2\/product"}],"about":[{"href":"https:\/\/nordicmart.andreevmaster.com\/sv\/wp-json\/wp\/v2\/types\/product"}],"replies":[{"embeddable":true,"href":"https:\/\/nordicmart.andreevmaster.com\/sv\/wp-json\/wp\/v2\/comments?post=13931"}],"wp:featuredmedia":[{"embeddable":true,"href":"https:\/\/nordicmart.andreevmaster.com\/sv\/wp-json\/wp\/v2\/media\/42014"}],"wp:attachment":[{"href":"https:\/\/nordicmart.andreevmaster.com\/sv\/wp-json\/wp\/v2\/media?parent=13931"}],"wp:term":[{"taxonomy":"product_brand","embeddable":true,"href":"https:\/\/nordicmart.andreevmaster.com\/sv\/wp-json\/wp\/v2\/product_brand?post=13931"},{"taxonomy":"product_cat","embeddable":true,"href":"https:\/\/nordicmart.andreevmaster.com\/sv\/wp-json\/wp\/v2\/product_cat?post=13931"},{"taxonomy":"product_tag","embeddable":true,"href":"https:\/\/nordicmart.andreevmaster.com\/sv\/wp-json\/wp\/v2\/product_tag?post=13931"}],"curies":[{"name":"wp","href":"https:\/\/api.w.org\/{rel}","templated":true}]}}