{"id":13922,"date":"2026-02-27T00:19:49","date_gmt":"2026-02-27T00:19:49","guid":{"rendered":"https:\/\/nordicmart.andreevmaster.com\/product\/songmics-kubhylla-diy-med-6-lador\/"},"modified":"2026-02-27T08:12:38","modified_gmt":"2026-02-27T08:12:38","slug":"songmics-kubhylla-diy-med-6-lador","status":"publish","type":"product","link":"https:\/\/nordicmart.andreevmaster.com\/sv\/produkt\/songmics-kubhylla-diy-med-6-lador\/","title":{"rendered":"SONGMICS kubhylla DIY med 6 l\u00e5dor"},"content":{"rendered":"<p>SONGMICS kubhylla med 9 l\u00e5dor, hyllsystem, f\u00f6rvaringshylla med 9 kuber, DIY, utbyggbar, platsbesparande, sovrum<br \/>\nF\u00e4rg: Vit<br \/>\nMaterial:<br \/>\nKubhylla: Kopplingsdel av ABS-plast, PP-plastskiva, metallram<br \/>\nF\u00f6rvaringsl\u00e5da: 2 mm tjock kartong, 80 g\/m\u00b2 non-woven-tyg<br \/>\nStorlek p\u00e5 hyllan i trappform: 31,5 x 94 x 95,5 cm (D x B x H)<br \/>\nStorlek p\u00e5 hyllan i rektangul\u00e4r form: 31,5 x 64 x 95,5 cm (D x B x H)<br \/>\nStorlek per kub: 30 x 30 x 30 cm (D x B x H)<br \/>\nStorlek per l\u00e5da: 26 x 26 x 28 cm (D x B x H)<br \/>\nTotalvikt: 6,6 kg<br \/>\nMax. statisk belastningskapacitet per kub: 10 kg<br \/>\nMax. statisk belastningskapacitet per l\u00e5da: 5 kg<\/p>\n","protected":false},"excerpt":{"rendered":"<p>SONGMICS kubhylla med 9 l\u00e5dor, hyllsystem, f\u00f6rvaringshylla med 9 kuber, DIY, utbyggbar, platsbesparande, sovrum<\/p>\n","protected":false},"featured_media":42005,"comment_status":"open","ping_status":"closed","template":"","meta":[],"product_brand":[],"product_cat":[33],"product_tag":[],"class_list":{"0":"post-13922","1":"product","2":"type-product","3":"status-publish","4":"has-post-thumbnail","6":"product_cat-okategoriserad","8":"first","9":"instock","10":"shipping-taxable","11":"purchasable","12":"product-type-simple"},"_links":{"self":[{"href":"https:\/\/nordicmart.andreevmaster.com\/sv\/wp-json\/wp\/v2\/product\/13922","targetHints":{"allow":["GET"]}}],"collection":[{"href":"https:\/\/nordicmart.andreevmaster.com\/sv\/wp-json\/wp\/v2\/product"}],"about":[{"href":"https:\/\/nordicmart.andreevmaster.com\/sv\/wp-json\/wp\/v2\/types\/product"}],"replies":[{"embeddable":true,"href":"https:\/\/nordicmart.andreevmaster.com\/sv\/wp-json\/wp\/v2\/comments?post=13922"}],"wp:featuredmedia":[{"embeddable":true,"href":"https:\/\/nordicmart.andreevmaster.com\/sv\/wp-json\/wp\/v2\/media\/42005"}],"wp:attachment":[{"href":"https:\/\/nordicmart.andreevmaster.com\/sv\/wp-json\/wp\/v2\/media?parent=13922"}],"wp:term":[{"taxonomy":"product_brand","embeddable":true,"href":"https:\/\/nordicmart.andreevmaster.com\/sv\/wp-json\/wp\/v2\/product_brand?post=13922"},{"taxonomy":"product_cat","embeddable":true,"href":"https:\/\/nordicmart.andreevmaster.com\/sv\/wp-json\/wp\/v2\/product_cat?post=13922"},{"taxonomy":"product_tag","embeddable":true,"href":"https:\/\/nordicmart.andreevmaster.com\/sv\/wp-json\/wp\/v2\/product_tag?post=13922"}],"curies":[{"name":"wp","href":"https:\/\/api.w.org\/{rel}","templated":true}]}}