{"id":13920,"date":"2026-02-27T00:19:49","date_gmt":"2026-02-27T00:19:49","guid":{"rendered":"https:\/\/nordicmart.andreevmaster.com\/product\/songmics-3-sits-soffa-for-vardagsrummet\/"},"modified":"2026-02-27T08:12:37","modified_gmt":"2026-02-27T08:12:37","slug":"songmics-3-sits-soffa-for-vardagsrummet","status":"publish","type":"product","link":"https:\/\/nordicmart.andreevmaster.com\/sv\/produkt\/songmics-3-sits-soffa-for-vardagsrummet\/","title":{"rendered":"SONGMICS 3-sits soffa f\u00f6r vardagsrummet"},"content":{"rendered":"<p>Denna soffa i modern mid-century-stil \u00e4r inte bara bekv\u00e4m, utan ocks\u00e5 ett riktigt blickf\u00e5ng och perfekt f\u00f6r alla som f\u00f6redrar minimalistisk design. Den st\u00e5r p\u00e5 ett underrede av massivt tr\u00e4 med koniska ben och \u00e4r kl\u00e4dd med slitstarkt polyestertyg, s\u00e5 att den kan h\u00e5lla i m\u00e5nga \u00e5r.Komforten \u00e4r sj\u00e4lvklart viktig: det extra tjocka sittdynan, det mjuka \u00f6verdraget och den gener\u00f6sa sittdjupet p\u00e5 60 cm ger dig mycket bekv\u00e4mlighet. Du kan placera denna eleganta soffa i din l\u00e4genhet, i hemmakontoret eller p\u00e5 kontoret. Produktdetaljer: &#8211; F\u00e4rg: gr\u00e5 &#8211; Material: polyestertyg, skumplaststoppning, plywood, gummitr\u00e4 &#8211; Storlek: 191 x 80,5 x 86 cm (L x B x H) &#8211; Sittdjup: 60 cm &#8211; Ryggst\u00f6dets h\u00f6jd: 34 cm &#8211; Armst\u00f6dets h\u00f6jd (fr\u00e5n golvet): 65 cm &#8211; Vikt: 44 kg &#8211; Max. statisk belastningskapacitet totalt: 300 kg Leveransomfattning:- 1 x soffa &#8211; 1 x tillbeh\u00f6rspaket &#8211; 1 x bruksanvisning VASAGLE Anm\u00e4rkningar: &#8211; Denna produkt levereras i 2 paket. Om du f\u00f6rst endast f\u00e5r 1 paket, v\u00e4nta med monteringen tills du f\u00e5tt det andra paketet. Montera soffan s\u00e5 snart b\u00e5da paketen har anl\u00e4nt. &#8211; Sittdynan levereras i en vakuumf\u00f6rpackning. Efter uppackningen ska du l\u00e4gga det p\u00e5 en v\u00e4l ventilerad plats i solen och knacka p\u00e5 det s\u00e5 att det snabbare \u00e5terf\u00e5r sin ursprungliga storlek.<\/p>\n","protected":false},"excerpt":{"rendered":"<p>SONGMICS 3-sits soffa, soffa f\u00f6r vardagsrum, f\u00f6r l\u00e4genheter, hemmakontor, ben av massivt tr\u00e4, enkel montering, mid-century stil, 191 x 80,5 x 86 cm, gr\u00e5 LCS030G01<\/p>\n","protected":false},"featured_media":42003,"comment_status":"open","ping_status":"closed","template":"","meta":[],"product_brand":[],"product_cat":[33],"product_tag":[],"class_list":{"0":"post-13920","1":"product","2":"type-product","3":"status-publish","4":"has-post-thumbnail","6":"product_cat-okategoriserad","8":"first","9":"instock","10":"shipping-taxable","11":"purchasable","12":"product-type-simple"},"_links":{"self":[{"href":"https:\/\/nordicmart.andreevmaster.com\/sv\/wp-json\/wp\/v2\/product\/13920","targetHints":{"allow":["GET"]}}],"collection":[{"href":"https:\/\/nordicmart.andreevmaster.com\/sv\/wp-json\/wp\/v2\/product"}],"about":[{"href":"https:\/\/nordicmart.andreevmaster.com\/sv\/wp-json\/wp\/v2\/types\/product"}],"replies":[{"embeddable":true,"href":"https:\/\/nordicmart.andreevmaster.com\/sv\/wp-json\/wp\/v2\/comments?post=13920"}],"wp:featuredmedia":[{"embeddable":true,"href":"https:\/\/nordicmart.andreevmaster.com\/sv\/wp-json\/wp\/v2\/media\/42003"}],"wp:attachment":[{"href":"https:\/\/nordicmart.andreevmaster.com\/sv\/wp-json\/wp\/v2\/media?parent=13920"}],"wp:term":[{"taxonomy":"product_brand","embeddable":true,"href":"https:\/\/nordicmart.andreevmaster.com\/sv\/wp-json\/wp\/v2\/product_brand?post=13920"},{"taxonomy":"product_cat","embeddable":true,"href":"https:\/\/nordicmart.andreevmaster.com\/sv\/wp-json\/wp\/v2\/product_cat?post=13920"},{"taxonomy":"product_tag","embeddable":true,"href":"https:\/\/nordicmart.andreevmaster.com\/sv\/wp-json\/wp\/v2\/product_tag?post=13920"}],"curies":[{"name":"wp","href":"https:\/\/api.w.org\/{rel}","templated":true}]}}