{"id":13917,"date":"2026-02-27T00:19:48","date_gmt":"2026-02-27T00:19:48","guid":{"rendered":"https:\/\/nordicmart.andreevmaster.com\/product\/vasagle-soffa\/"},"modified":"2026-02-27T08:12:37","modified_gmt":"2026-02-27T08:12:37","slug":"vasagle-soffa","status":"publish","type":"product","link":"https:\/\/nordicmart.andreevmaster.com\/sv\/produkt\/vasagle-soffa\/","title":{"rendered":"VASAGLE soffa"},"content":{"rendered":"<p>Mittpunkten i ditt hem De bekv\u00e4ma ryggkuddarna, den gr\u00e5 sammeten och soffans metallben kommer att imponera s\u00e5 mycket p\u00e5 dina g\u00e4ster att de inte vill g\u00e5 hem! Med filtar och kuddar kan du njuta av komforten och ge ditt hem en stilfull touch. Alltid vid din sida Tack vare v\u00e4lstoppade sittdynor, hudv\u00e4nligt \u00f6verdrag och 2 mjuka ryggkuddar \u00e4r bekv\u00e4m sittkomfort garanterad. Dessutom st\u00f6ds denna soffa av fyra slitstarka, gl\u00e4nsande metallben och kan b\u00e4ra upp till 300 kg (max. statisk belastningskapacitet).Produktdetaljer: &#8211; F\u00e4rg: Gr\u00e5 &#8211; Material: Sammet, skumplast, eukalyptustr\u00e4, metall &#8211; Storlek: 181 x 82 x 86 cm (L x B x H) &#8211; Vikt: 35 kg &#8211; Max. statisk belastningskapacitet totalt: 300 kg Leveransomfattning:- 1 x soffa &#8211; 1 x tillbeh\u00f6rspaket &#8211; 1 x bruksanvisning VASAGLE Anm\u00e4rkningar: &#8211; Barn b\u00f6r endast anv\u00e4nda produkten under uppsikt av en vuxen. &#8211; Montera produkten enligt monteringsanvisningarna i bruksanvisningen. En \u00e4ndring eller ombyggnad av produkten kan p\u00e5verka s\u00e4kerheten och leda till skador. <\/p>\n","protected":false},"excerpt":{"rendered":"<p>VASAGLE soffa LCS002Q01<\/p>\n","protected":false},"featured_media":42000,"comment_status":"open","ping_status":"closed","template":"","meta":[],"product_brand":[],"product_cat":[33],"product_tag":[],"class_list":{"0":"post-13917","1":"product","2":"type-product","3":"status-publish","4":"has-post-thumbnail","6":"product_cat-okategoriserad","8":"first","9":"instock","10":"shipping-taxable","11":"purchasable","12":"product-type-simple"},"_links":{"self":[{"href":"https:\/\/nordicmart.andreevmaster.com\/sv\/wp-json\/wp\/v2\/product\/13917","targetHints":{"allow":["GET"]}}],"collection":[{"href":"https:\/\/nordicmart.andreevmaster.com\/sv\/wp-json\/wp\/v2\/product"}],"about":[{"href":"https:\/\/nordicmart.andreevmaster.com\/sv\/wp-json\/wp\/v2\/types\/product"}],"replies":[{"embeddable":true,"href":"https:\/\/nordicmart.andreevmaster.com\/sv\/wp-json\/wp\/v2\/comments?post=13917"}],"wp:featuredmedia":[{"embeddable":true,"href":"https:\/\/nordicmart.andreevmaster.com\/sv\/wp-json\/wp\/v2\/media\/42000"}],"wp:attachment":[{"href":"https:\/\/nordicmart.andreevmaster.com\/sv\/wp-json\/wp\/v2\/media?parent=13917"}],"wp:term":[{"taxonomy":"product_brand","embeddable":true,"href":"https:\/\/nordicmart.andreevmaster.com\/sv\/wp-json\/wp\/v2\/product_brand?post=13917"},{"taxonomy":"product_cat","embeddable":true,"href":"https:\/\/nordicmart.andreevmaster.com\/sv\/wp-json\/wp\/v2\/product_cat?post=13917"},{"taxonomy":"product_tag","embeddable":true,"href":"https:\/\/nordicmart.andreevmaster.com\/sv\/wp-json\/wp\/v2\/product_tag?post=13917"}],"curies":[{"name":"wp","href":"https:\/\/api.w.org\/{rel}","templated":true}]}}