{"id":13916,"date":"2026-02-27T00:19:48","date_gmt":"2026-02-27T00:19:48","guid":{"rendered":"https:\/\/nordicmart.andreevmaster.com\/product\/vasagle-3-sits-soffa-gra\/"},"modified":"2026-02-27T08:12:37","modified_gmt":"2026-02-27T08:12:37","slug":"vasagle-3-sits-soffa-gra","status":"publish","type":"product","link":"https:\/\/nordicmart.andreevmaster.com\/sv\/produkt\/vasagle-3-sits-soffa-gra\/","title":{"rendered":"VASAGLE 3-sits soffa gr\u00e5"},"content":{"rendered":"<p>Designerna p\u00e5 VASAGLE har skapat stilfulla badrumsm\u00f6bler s\u00e5 att du kan ge ditt badrum en fr\u00e4sch och lugn k\u00e4nsla. H\u00e4r kan du sl\u00e4ppa alla bekymmer, ladda batterierna och b\u00f6rja eller avsluta dagen p\u00e5 ett positivt s\u00e4tt. H\u00f6gkvalitativa material Med detta badrumssk\u00e5p kan du inte bara visa upp elegans och stil. M\u00f6beln \u00e4r ocks\u00e5 h\u00e5llbar, eftersom kroppen \u00e4r tillverkad av robusta sp\u00e5nskivor. Dubbeld\u00f6rren \u00e4r dessutom tillverkad av MDF och ger badrumssk\u00e5pet en effektfull glans. In i minsta detalj Hyllplanet inuti badrumssk\u00e5pet \u00e4r h\u00f6j- och s\u00e4nkbart, s\u00e5 att du kan f\u00f6rvara hygienartiklar i olika storlekar i det. Dessutom garanterar tippskyddet en h\u00f6g s\u00e4kerhetsniv\u00e5.Ett modernt badrum f\u00f6rtj\u00e4nar detta badrumssk\u00e5p! Produktdetaljer: &#8211; F\u00e4rg: Vit &#8211; Material: MDF (d\u00f6rrar), sp\u00e5nskiva (kropp) &#8211; Storlek: 60 x 30 x 80 cm (L x B x H) &#8211; Vikt: 18,3 kg &#8211; Max. statisk belastningsf\u00f6rm\u00e5ga: 20 kg Leveransomfattning:- 1 x badrumssk\u00e5p &#8211; 1 x tillbeh\u00f6rspaket &#8211; 1 x tippskydd &#8211; 1 x bruksanvisning (DE, EN, FR, ES, IT) VASAGLE Anm\u00e4rkningar: &#8211; Uts\u00e4tt inte produkten f\u00f6r direkt solljus. &#8211; Produkten b\u00f6r inte komma i kontakt med stora m\u00e4ngder vatten. &#8211; Anv\u00e4nd tippskyddet. &#8211; L\u00e5t inte barn kl\u00e4ttra p\u00e5 denna produkt.<\/p>\n","protected":false},"excerpt":{"rendered":"<p>VASAGLE 3-sits soffa, soffa f\u00f6r vardagsrum, kl\u00e4dsel i sammet, f\u00f6r l\u00e4genheter, sm\u00e5 rum, tr\u00e4stomme, metallben, enkel montering, modern design, 190 x 82 x 84 cm, gr\u00e5 LCS001G01<\/p>\n","protected":false},"featured_media":41999,"comment_status":"open","ping_status":"closed","template":"","meta":[],"product_brand":[],"product_cat":[33],"product_tag":[],"class_list":{"0":"post-13916","1":"product","2":"type-product","3":"status-publish","4":"has-post-thumbnail","6":"product_cat-okategoriserad","8":"first","9":"instock","10":"shipping-taxable","11":"purchasable","12":"product-type-simple"},"_links":{"self":[{"href":"https:\/\/nordicmart.andreevmaster.com\/sv\/wp-json\/wp\/v2\/product\/13916","targetHints":{"allow":["GET"]}}],"collection":[{"href":"https:\/\/nordicmart.andreevmaster.com\/sv\/wp-json\/wp\/v2\/product"}],"about":[{"href":"https:\/\/nordicmart.andreevmaster.com\/sv\/wp-json\/wp\/v2\/types\/product"}],"replies":[{"embeddable":true,"href":"https:\/\/nordicmart.andreevmaster.com\/sv\/wp-json\/wp\/v2\/comments?post=13916"}],"wp:featuredmedia":[{"embeddable":true,"href":"https:\/\/nordicmart.andreevmaster.com\/sv\/wp-json\/wp\/v2\/media\/41999"}],"wp:attachment":[{"href":"https:\/\/nordicmart.andreevmaster.com\/sv\/wp-json\/wp\/v2\/media?parent=13916"}],"wp:term":[{"taxonomy":"product_brand","embeddable":true,"href":"https:\/\/nordicmart.andreevmaster.com\/sv\/wp-json\/wp\/v2\/product_brand?post=13916"},{"taxonomy":"product_cat","embeddable":true,"href":"https:\/\/nordicmart.andreevmaster.com\/sv\/wp-json\/wp\/v2\/product_cat?post=13916"},{"taxonomy":"product_tag","embeddable":true,"href":"https:\/\/nordicmart.andreevmaster.com\/sv\/wp-json\/wp\/v2\/product_tag?post=13916"}],"curies":[{"name":"wp","href":"https:\/\/api.w.org\/{rel}","templated":true}]}}