{"id":13913,"date":"2026-02-27T00:19:47","date_gmt":"2026-02-27T00:19:47","guid":{"rendered":"https:\/\/nordicmart.andreevmaster.com\/product\/vasagle-vagghangd-garderob-skobank-set-vagghylla-med-krokar-och-hyllplan-skohylla-med-3-nivaer\/"},"modified":"2026-02-27T08:12:36","modified_gmt":"2026-02-27T08:12:36","slug":"vasagle-vagghangd-garderob-skobank-set-vagghylla-med-krokar-och-hyllplan-skohylla-med-3-nivaer","status":"publish","type":"product","link":"https:\/\/nordicmart.andreevmaster.com\/sv\/produkt\/vasagle-vagghangd-garderob-skobank-set-vagghylla-med-krokar-och-hyllplan-skohylla-med-3-nivaer\/","title":{"rendered":"VASAGLE V\u00e4ggh\u00e4ngd garderob-skob\u00e4nk-set, v\u00e4gghylla med krokar och hyllplan, skohylla med 3 niv\u00e5er"},"content":{"rendered":"<p>V\u00e4ggh\u00e4ngd garderob och skob\u00e4nk, v\u00e4gghylla med krokar och hyllplan, skohylla med 3 niv\u00e5er, f\u00f6rvaring i hallen, f\u00f6r entr\u00e9n, vintagebrun-svart<br \/>\nProduktdetaljer:<br \/>\nV\u00e4gghylla<br \/>\n&#8211; F\u00e4rg: Vintagebrun-svart<br \/>\n&#8211; Material: sp\u00e5nskiva, st\u00e5l<br \/>\n&#8211; Total storlek: 30 x 65 x 42 cm (D x B x H)<br \/>\n&#8211; Storlek p\u00e5 \u00f6vre hylla: 30 x 65 x 1,5 cm (D x B x H)<br \/>\n&#8211; Vikt: 3,3 kg<br \/>\n&#8211; Max. statisk belastningskapacitet f\u00f6r hyllan: 8,4 kg<br \/>\n&#8211; Max. statisk belastningskapacitet per krok: 2,3 kg<br \/>\n&#8211; Max. statisk belastningskapacitet f\u00f6r h\u00e4ngst\u00e5ngen: 10 kg<\/p>\n<p>Sko-b\u00e4nk<br \/>\n&#8211; F\u00e4rg: Vintagebrun-svart<br \/>\n&#8211; Material: sp\u00e5nskiva, st\u00e5l<br \/>\n&#8211; Storlek: 30 x 73 x 45 cm (D x B x H)<br \/>\n&#8211; Vikt: 6,8 kg<br \/>\n&#8211; Max. statisk belastningskapacitet f\u00f6r ytan: 90 kg<br \/>\n&#8211; Max. statisk belastningskapacitet per gallerhylla: 5 kg<\/p>\n<p>Leveransomfattning:<br \/>\nPaket 1:<br \/>\n&#8211; 1 x v\u00e4gghylla<br \/>\n&#8211; 1 x tillbeh\u00f6rspaket<br \/>\n&#8211; 1 x bruksanvisning<br \/>\nPaket 2:<br \/>\n&#8211; 1 x skob\u00e4nk<br \/>\n&#8211; 1 x tillbeh\u00f6rspaket<br \/>\n&#8211; 1 x bruksanvisning<\/p>\n<p>Anvisningar:<br \/>\n&#8211; F\u00e4st denna garderob p\u00e5 en stabil v\u00e4gg. Om du vill montera den p\u00e5 gipsskivor m\u00e5ste du f\u00f6rst skaffa r\u00e4tt skruvar i en byggvaruhandel.<br \/>\n&#8211; Den maximala statiska belastningen p\u00e5 sitsen \u00e4r 90 kg. \u00d6verskrid inte denna maximala vikt.<\/p>\n","protected":false},"excerpt":{"rendered":"<p>V\u00e4ggh\u00e4ngd garderob och skob\u00e4nk, v\u00e4gghylla med krokar och hyllplan, skohylla med 3 niv\u00e5er, f\u00f6rvaring i hallen, f\u00f6r entr\u00e9n, vintagebrun-svart<\/p>\n","protected":false},"featured_media":41997,"comment_status":"open","ping_status":"closed","template":"","meta":[],"product_brand":[],"product_cat":[33],"product_tag":[],"class_list":{"0":"post-13913","1":"product","2":"type-product","3":"status-publish","4":"has-post-thumbnail","6":"product_cat-okategoriserad","8":"first","9":"instock","10":"shipping-taxable","11":"purchasable","12":"product-type-simple"},"_links":{"self":[{"href":"https:\/\/nordicmart.andreevmaster.com\/sv\/wp-json\/wp\/v2\/product\/13913","targetHints":{"allow":["GET"]}}],"collection":[{"href":"https:\/\/nordicmart.andreevmaster.com\/sv\/wp-json\/wp\/v2\/product"}],"about":[{"href":"https:\/\/nordicmart.andreevmaster.com\/sv\/wp-json\/wp\/v2\/types\/product"}],"replies":[{"embeddable":true,"href":"https:\/\/nordicmart.andreevmaster.com\/sv\/wp-json\/wp\/v2\/comments?post=13913"}],"wp:featuredmedia":[{"embeddable":true,"href":"https:\/\/nordicmart.andreevmaster.com\/sv\/wp-json\/wp\/v2\/media\/41997"}],"wp:attachment":[{"href":"https:\/\/nordicmart.andreevmaster.com\/sv\/wp-json\/wp\/v2\/media?parent=13913"}],"wp:term":[{"taxonomy":"product_brand","embeddable":true,"href":"https:\/\/nordicmart.andreevmaster.com\/sv\/wp-json\/wp\/v2\/product_brand?post=13913"},{"taxonomy":"product_cat","embeddable":true,"href":"https:\/\/nordicmart.andreevmaster.com\/sv\/wp-json\/wp\/v2\/product_cat?post=13913"},{"taxonomy":"product_tag","embeddable":true,"href":"https:\/\/nordicmart.andreevmaster.com\/sv\/wp-json\/wp\/v2\/product_tag?post=13913"}],"curies":[{"name":"wp","href":"https:\/\/api.w.org\/{rel}","templated":true}]}}