{"id":13901,"date":"2026-02-27T00:19:44","date_gmt":"2026-02-27T00:19:44","guid":{"rendered":"https:\/\/nordicmart.andreevmaster.com\/product\/vasagle-garderob-kladstall-kladhangare-med-4-hyllor\/"},"modified":"2026-02-27T08:12:34","modified_gmt":"2026-02-27T08:12:34","slug":"vasagle-garderob-kladstall-kladhangare-med-4-hyllor","status":"publish","type":"product","link":"https:\/\/nordicmart.andreevmaster.com\/sv\/produkt\/vasagle-garderob-kladstall-kladhangare-med-4-hyllor\/","title":{"rendered":"VASAGLE Garderob, kl\u00e4dst\u00e4ll, kl\u00e4dh\u00e4ngare med 4 hyllor"},"content":{"rendered":"<p>Produktdetaljer: &#8211; F\u00e4rg: Greige-svart &#8211; Material: Sp\u00e5nskiva, st\u00e5l &#8211; Storlek: 43 x 43 x 180 cm (L x B x H) &#8211; Vikt: 10,6 kg &#8211; Max. belastningskapacitet per hylla: 10 kg Leveransomfattning: &#8211; 1 x garderob &#8211; 1 x tillbeh\u00f6rspaket &#8211; 1 x bruksanvisning (DE, EN, FR, ES, IT) VASAGLE Anm\u00e4rkningar: &#8211; Produkten \u00e4r endast avsedd f\u00f6r inomhusbruk. St\u00e4ll den i en torr milj\u00f6. &#8211; Maximal vikt per hylla \u00e4r 10 kg. Placera inte tyngre f\u00f6rem\u00e5l p\u00e5 hyllorna. &#8211; Anv\u00e4nd tippskyddet.<\/p>\n","protected":false},"excerpt":{"rendered":"<p>VASAGLE St\u00e4ll dina fotoramar, f\u00f6rvaringskorgar eller krukv\u00e4xter p\u00e5 de 4 hyllplan. Och jackorna och hattarna? H\u00e4ng dem p\u00e5 krokarna p\u00e5 denna garderob, perfekt!<\/p>\n","protected":false},"featured_media":41985,"comment_status":"open","ping_status":"closed","template":"","meta":[],"product_brand":[],"product_cat":[33],"product_tag":[],"class_list":{"0":"post-13901","1":"product","2":"type-product","3":"status-publish","4":"has-post-thumbnail","6":"product_cat-okategoriserad","8":"first","9":"instock","10":"shipping-taxable","11":"purchasable","12":"product-type-simple"},"_links":{"self":[{"href":"https:\/\/nordicmart.andreevmaster.com\/sv\/wp-json\/wp\/v2\/product\/13901","targetHints":{"allow":["GET"]}}],"collection":[{"href":"https:\/\/nordicmart.andreevmaster.com\/sv\/wp-json\/wp\/v2\/product"}],"about":[{"href":"https:\/\/nordicmart.andreevmaster.com\/sv\/wp-json\/wp\/v2\/types\/product"}],"replies":[{"embeddable":true,"href":"https:\/\/nordicmart.andreevmaster.com\/sv\/wp-json\/wp\/v2\/comments?post=13901"}],"wp:featuredmedia":[{"embeddable":true,"href":"https:\/\/nordicmart.andreevmaster.com\/sv\/wp-json\/wp\/v2\/media\/41985"}],"wp:attachment":[{"href":"https:\/\/nordicmart.andreevmaster.com\/sv\/wp-json\/wp\/v2\/media?parent=13901"}],"wp:term":[{"taxonomy":"product_brand","embeddable":true,"href":"https:\/\/nordicmart.andreevmaster.com\/sv\/wp-json\/wp\/v2\/product_brand?post=13901"},{"taxonomy":"product_cat","embeddable":true,"href":"https:\/\/nordicmart.andreevmaster.com\/sv\/wp-json\/wp\/v2\/product_cat?post=13901"},{"taxonomy":"product_tag","embeddable":true,"href":"https:\/\/nordicmart.andreevmaster.com\/sv\/wp-json\/wp\/v2\/product_tag?post=13901"}],"curies":[{"name":"wp","href":"https:\/\/api.w.org\/{rel}","templated":true}]}}