{"id":13898,"date":"2026-02-27T00:19:43","date_gmt":"2026-02-27T00:19:43","guid":{"rendered":"https:\/\/nordicmart.andreevmaster.com\/product\/vasagle-vagghangare-med-hylla-vagghylla-vaggmonterad-hangare-med-kladstang\/"},"modified":"2026-02-27T08:12:33","modified_gmt":"2026-02-27T08:12:33","slug":"vasagle-vagghangare-med-hylla-vagghylla-vaggmonterad-hangare-med-kladstang","status":"publish","type":"product","link":"https:\/\/nordicmart.andreevmaster.com\/sv\/produkt\/vasagle-vagghangare-med-hylla-vagghylla-vaggmonterad-hangare-med-kladstang\/","title":{"rendered":"VASAGLE v\u00e4ggh\u00e4ngare med hylla, v\u00e4gghylla, v\u00e4ggmonterad h\u00e4ngare med kl\u00e4dst\u00e5ng"},"content":{"rendered":"<p>Produktdetaljer: &#8211; F\u00e4rg: Greige-svart &#8211; Material: Sp\u00e5nskiva, st\u00e5l &#8211; M\u00e5tt: 66 x 30 x 27 cm (L x B x H) &#8211; Vikt: 3,3 kg &#8211; Max. belastningskapacitet f\u00f6r hyllan: 15 kg &#8211; Max. belastningskapacitet per krok: 3 kg &#8211; Max. belastningskapacitet f\u00f6r h\u00e4ngst\u00e5ngen: 10 kg Leveransomfattning: &#8211; 1 x v\u00e4gggarderob &#8211; 1 x tillbeh\u00f6rspaket &#8211; 1 x bruksanvisning (DE, EN, FR, ES, IT) VASAGLE Anm\u00e4rkningar: &#8211; F\u00f6r montering kr\u00e4vs skruvmejsel, vattenpass, borrmaskin och hammare.<\/p>\n","protected":false},"excerpt":{"rendered":"<p>VASAGLE v\u00e4ggh\u00e4ngare med hylla, v\u00e4gghylla med 5 avtagbara krokar, v\u00e4ggmonterad h\u00e4ngare med h\u00e4ngst\u00e5ng, f\u00f6r hall, sovrum, badrum och vardagsrum, gr\u00e5beige-svart LCR012B02<\/p>\n","protected":false},"featured_media":41982,"comment_status":"open","ping_status":"closed","template":"","meta":[],"product_brand":[],"product_cat":[33],"product_tag":[],"class_list":{"0":"post-13898","1":"product","2":"type-product","3":"status-publish","4":"has-post-thumbnail","6":"product_cat-okategoriserad","8":"first","9":"instock","10":"shipping-taxable","11":"purchasable","12":"product-type-simple"},"_links":{"self":[{"href":"https:\/\/nordicmart.andreevmaster.com\/sv\/wp-json\/wp\/v2\/product\/13898","targetHints":{"allow":["GET"]}}],"collection":[{"href":"https:\/\/nordicmart.andreevmaster.com\/sv\/wp-json\/wp\/v2\/product"}],"about":[{"href":"https:\/\/nordicmart.andreevmaster.com\/sv\/wp-json\/wp\/v2\/types\/product"}],"replies":[{"embeddable":true,"href":"https:\/\/nordicmart.andreevmaster.com\/sv\/wp-json\/wp\/v2\/comments?post=13898"}],"wp:featuredmedia":[{"embeddable":true,"href":"https:\/\/nordicmart.andreevmaster.com\/sv\/wp-json\/wp\/v2\/media\/41982"}],"wp:attachment":[{"href":"https:\/\/nordicmart.andreevmaster.com\/sv\/wp-json\/wp\/v2\/media?parent=13898"}],"wp:term":[{"taxonomy":"product_brand","embeddable":true,"href":"https:\/\/nordicmart.andreevmaster.com\/sv\/wp-json\/wp\/v2\/product_brand?post=13898"},{"taxonomy":"product_cat","embeddable":true,"href":"https:\/\/nordicmart.andreevmaster.com\/sv\/wp-json\/wp\/v2\/product_cat?post=13898"},{"taxonomy":"product_tag","embeddable":true,"href":"https:\/\/nordicmart.andreevmaster.com\/sv\/wp-json\/wp\/v2\/product_tag?post=13898"}],"curies":[{"name":"wp","href":"https:\/\/api.w.org\/{rel}","templated":true}]}}