{"id":13896,"date":"2026-02-27T00:19:43","date_gmt":"2026-02-27T00:19:43","guid":{"rendered":"https:\/\/nordicmart.andreevmaster.com\/product\/vasagle-garderob-i-industriell-stil\/"},"modified":"2026-02-27T08:12:33","modified_gmt":"2026-02-27T08:12:33","slug":"vasagle-garderob-i-industriell-stil","status":"publish","type":"product","link":"https:\/\/nordicmart.andreevmaster.com\/sv\/produkt\/vasagle-garderob-i-industriell-stil\/","title":{"rendered":"VASAGLE Garderob i industriell stil"},"content":{"rendered":"<p>Produktdetaljer:F\u00e4rg: Vintage Material: J\u00e4rnram, sp\u00e5nskiva M\u00e5tt: 45 x 45 x 181 cm (L x B x H) Vikt: 11,8 kg Max. belastningskapacitet per hylla: 10 kg Leveransomfattning: 1 x garderobsst\u00e4ll 1 x tillbeh\u00f6rsp\u00e5se 1 x bruksanvisning (DE, EN, FR, ES, IT) VASAGLE Anm\u00e4rkningar:Produkten \u00e4r endast avsedd f\u00f6r inomhusbruk. Placera den i en torr milj\u00f6.<\/p>\n","protected":false},"excerpt":{"rendered":"<p>VASAGLE Placera dina fotoramar, f\u00f6rvaringskorgar eller krukv\u00e4xter p\u00e5 de 4 hyllplan. Och jackorna och hattarna? H\u00e4ng dem p\u00e5 krokarna p\u00e5 denna garderob, perfekt!<\/p>\n","protected":false},"featured_media":41980,"comment_status":"open","ping_status":"closed","template":"","meta":[],"product_brand":[],"product_cat":[33],"product_tag":[],"class_list":{"0":"post-13896","1":"product","2":"type-product","3":"status-publish","4":"has-post-thumbnail","6":"product_cat-okategoriserad","8":"first","9":"instock","10":"shipping-taxable","11":"purchasable","12":"product-type-simple"},"_links":{"self":[{"href":"https:\/\/nordicmart.andreevmaster.com\/sv\/wp-json\/wp\/v2\/product\/13896","targetHints":{"allow":["GET"]}}],"collection":[{"href":"https:\/\/nordicmart.andreevmaster.com\/sv\/wp-json\/wp\/v2\/product"}],"about":[{"href":"https:\/\/nordicmart.andreevmaster.com\/sv\/wp-json\/wp\/v2\/types\/product"}],"replies":[{"embeddable":true,"href":"https:\/\/nordicmart.andreevmaster.com\/sv\/wp-json\/wp\/v2\/comments?post=13896"}],"wp:featuredmedia":[{"embeddable":true,"href":"https:\/\/nordicmart.andreevmaster.com\/sv\/wp-json\/wp\/v2\/media\/41980"}],"wp:attachment":[{"href":"https:\/\/nordicmart.andreevmaster.com\/sv\/wp-json\/wp\/v2\/media?parent=13896"}],"wp:term":[{"taxonomy":"product_brand","embeddable":true,"href":"https:\/\/nordicmart.andreevmaster.com\/sv\/wp-json\/wp\/v2\/product_brand?post=13896"},{"taxonomy":"product_cat","embeddable":true,"href":"https:\/\/nordicmart.andreevmaster.com\/sv\/wp-json\/wp\/v2\/product_cat?post=13896"},{"taxonomy":"product_tag","embeddable":true,"href":"https:\/\/nordicmart.andreevmaster.com\/sv\/wp-json\/wp\/v2\/product_tag?post=13896"}],"curies":[{"name":"wp","href":"https:\/\/api.w.org\/{rel}","templated":true}]}}