{"id":13893,"date":"2026-02-27T00:19:42","date_gmt":"2026-02-27T00:19:42","guid":{"rendered":"https:\/\/nordicmart.andreevmaster.com\/product\/vasagle-vagghangd-garderob-i-industriell-design\/"},"modified":"2026-02-27T08:12:32","modified_gmt":"2026-02-27T08:12:32","slug":"vasagle-vagghangd-garderob-i-industriell-design","status":"publish","type":"product","link":"https:\/\/nordicmart.andreevmaster.com\/sv\/produkt\/vasagle-vagghangd-garderob-i-industriell-design\/","title":{"rendered":"VASAGLE v\u00e4ggh\u00e4ngd garderob i industriell design"},"content":{"rendered":"<p>Utnyttja din v\u00e4ggyta fullt ut VASAGLE v\u00e4ggh\u00e4ngare kombinerar dekorativt utseende och praktisk funktion. Med denna hylla kan du enkelt f\u00f6rsk\u00f6na din tomma v\u00e4gg utan att beh\u00f6va k\u00f6pa andra dyra och stora dekorationsartiklar. Samtidigt f\u00e5r du mer utrymme f\u00f6r att f\u00f6rvara v\u00e4skor, nycklar, sm\u00e5 v\u00e4xter och andra sm\u00e5saker. Allt p\u00e5 ett st\u00e4lle 5 krokar anv\u00e4nds f\u00f6r att h\u00e4nga upp nycklar, jackor och hattar, p\u00e5 h\u00e4ngst\u00e5ngen finns plats f\u00f6r kl\u00e4dh\u00e4ngare och p\u00e5 hyllan (66 x 30 cm) kan du st\u00e4lla fram pokaler, fotoramar etc. Med denna garderob kan du h\u00e5lla ordning p\u00e5 alla dina saker, s\u00e5 att kaoset \u00e4ntligen tar slut och du dessutom sparar mycket plats. Hos VASAGLE hittar du fler \u00f6nskade produkter! Produktdetaljer: &#8211; F\u00e4rg: vintage &#8211; Material: sp\u00e5nskiva, j\u00e4rnstativ &#8211; M\u00e5tt: 66 x 27 x 30 cm (B x H x D) &#8211; Vikt: 4 kg &#8211; Max. belastningskapacitet f\u00f6r hyllan: 15 kg &#8211; Max. belastningskapacitet per krok: 3 kg &#8211; Max. belastningskapacitet f\u00f6r h\u00e4ngst\u00e5ngen: 10 kg Leveransomfattning: &#8211; 1 x v\u00e4gggarderob &#8211; 1 x tillbeh\u00f6rsp\u00e5se &#8211; 1 x bruksanvisning (DE, EN, FR, ES, IT) VASAGLE Anm\u00e4rkningar: &#8211; F\u00f6r montering kr\u00e4vs skruvmejsel, vattenpass, borrmaskin och hammare. &#8211; Montera produkten p\u00e5 en stabil v\u00e4gg. Om du vill montera den p\u00e5 gipsskivor, skaffa f\u00f6rst r\u00e4tt skruvar fr\u00e5n byggvaruhuset.<\/p>\n","protected":false},"excerpt":{"rendered":"<p>VASAGLE V\u00e4gggarderob med hyllplan, v\u00e4gghylla med 5 avtagbara krokar, v\u00e4ggmonterad h\u00e4nghylla med h\u00e4ngst\u00e5ng, f\u00f6r hall, sovrum, badrum och vardagsrum, vintage LCR12BX<\/p>\n","protected":false},"featured_media":41977,"comment_status":"open","ping_status":"closed","template":"","meta":[],"product_brand":[],"product_cat":[33],"product_tag":[],"class_list":{"0":"post-13893","1":"product","2":"type-product","3":"status-publish","4":"has-post-thumbnail","6":"product_cat-okategoriserad","8":"first","9":"instock","10":"shipping-taxable","11":"purchasable","12":"product-type-simple"},"_links":{"self":[{"href":"https:\/\/nordicmart.andreevmaster.com\/sv\/wp-json\/wp\/v2\/product\/13893","targetHints":{"allow":["GET"]}}],"collection":[{"href":"https:\/\/nordicmart.andreevmaster.com\/sv\/wp-json\/wp\/v2\/product"}],"about":[{"href":"https:\/\/nordicmart.andreevmaster.com\/sv\/wp-json\/wp\/v2\/types\/product"}],"replies":[{"embeddable":true,"href":"https:\/\/nordicmart.andreevmaster.com\/sv\/wp-json\/wp\/v2\/comments?post=13893"}],"wp:featuredmedia":[{"embeddable":true,"href":"https:\/\/nordicmart.andreevmaster.com\/sv\/wp-json\/wp\/v2\/media\/41977"}],"wp:attachment":[{"href":"https:\/\/nordicmart.andreevmaster.com\/sv\/wp-json\/wp\/v2\/media?parent=13893"}],"wp:term":[{"taxonomy":"product_brand","embeddable":true,"href":"https:\/\/nordicmart.andreevmaster.com\/sv\/wp-json\/wp\/v2\/product_brand?post=13893"},{"taxonomy":"product_cat","embeddable":true,"href":"https:\/\/nordicmart.andreevmaster.com\/sv\/wp-json\/wp\/v2\/product_cat?post=13893"},{"taxonomy":"product_tag","embeddable":true,"href":"https:\/\/nordicmart.andreevmaster.com\/sv\/wp-json\/wp\/v2\/product_tag?post=13893"}],"curies":[{"name":"wp","href":"https:\/\/api.w.org\/{rel}","templated":true}]}}