{"id":13891,"date":"2026-02-27T00:19:41","date_gmt":"2026-02-27T00:19:41","guid":{"rendered":"https:\/\/nordicmart.andreevmaster.com\/product\/vasagle-vagghangd-garderob-i-industriell-stil\/"},"modified":"2026-02-27T08:12:32","modified_gmt":"2026-02-27T08:12:32","slug":"vasagle-vagghangd-garderob-i-industriell-stil","status":"publish","type":"product","link":"https:\/\/nordicmart.andreevmaster.com\/sv\/produkt\/vasagle-vagghangd-garderob-i-industriell-stil\/","title":{"rendered":"VASAGLE v\u00e4ggh\u00e4ngd garderob i industriell stil"},"content":{"rendered":"<p>F\u00f6rsvinner din vackra parkettgolv under en samling av olika f\u00f6rvaringsm\u00f6jligheter?  Rikta blicken upp\u00e5t! Utnyttja lediga v\u00e4ggytor fullt ut. Ers\u00e4tt dina v\u00e4ggm\u00e5lningar med anv\u00e4ndbara och samtidigt dekorativa m\u00f6bler \u2013 som denna v\u00e4ggh\u00e4ngda garderob fr\u00e5n VASAGLE! Med en stor hylla (60 x 30 cm), 5 krokar och en kl\u00e4dst\u00e5ng erbjuder den sv\u00e4vande hyllan gott om f\u00f6rvaringsutrymme f\u00f6r m\u00e5nga f\u00f6rem\u00e5l som alla ska f\u00f6rvaras snyggt p\u00e5 ett st\u00e4lle. K\u00e4rlek till ordning Anv\u00e4nd de 5 krokarna f\u00f6r nycklar, rockar och hattar. Jackor, skjortor och galgar kan h\u00e4ngas p\u00e5 kl\u00e4dst\u00e5ngen. Hyllan i vintage-stil erbjuder dessutom plats f\u00f6r trof\u00e9er eller fotoramar. Platsbesparande och \u00e4nd\u00e5 full av m\u00f6jligheter \u2013 bek\u00e4mpa kaoset i hallen! Smart kombination Kombinera v\u00e4gggarderoben med det matchande skost\u00e4llet fr\u00e5n VASAGLE. P\u00e5 s\u00e5 s\u00e4tt kan du ocks\u00e5 inreda din entr\u00e9 i trendig industriell design. S\u00f6k bara efter &#8221;VASAGLE&#8221;! Produktdetaljer: &#8211; F\u00e4rg: Vintage &#8211; Material: Sp\u00e5nskiva, j\u00e4rnstativ &#8211; Storlek: 60 x 30 x 32 cm (L x B x H) &#8211; Vikt: 4 kg &#8211; Max. belastbarhet per hyllplan: 15 kg &#8211; Max. belastbarhet per krok: 3 kg &#8211; Max. belastningskapacitet f\u00f6r kl\u00e4dst\u00e5ngen: 10 kg Leveransomfattning: &#8211; 1 x v\u00e4ggh\u00e4ngd garderob &#8211; 1 x tillbeh\u00f6rsp\u00e5se &#8211; 1 x bruksanvisning (DE, EN, IT, FR, ES) VASAGLE Anm\u00e4rkningar: &#8211; F\u00f6r montering beh\u00f6ver du en skruvmejsel, ett vattenpass, en akku-skruvdragare och en hammare. &#8211; Montera produkten p\u00e5 en massiv v\u00e4gg. Om du vill montera den p\u00e5 en gipsv\u00e4gg m\u00e5ste du f\u00f6rst k\u00f6pa specialskruvar i en fackbutik.<\/p>\n","protected":false},"excerpt":{"rendered":"<p>VASAGLE V\u00e4ggh\u00e4ngd garderob V\u00e4gghylla med 5 krokar och hylla, i industriell design, krokskiva med h\u00e4ngst\u00e5ng, f\u00f6r hall, sovrum, badrum och vardagsrum, vintage, svart LCR11BX<\/p>\n","protected":false},"featured_media":41975,"comment_status":"open","ping_status":"closed","template":"","meta":[],"product_brand":[],"product_cat":[33],"product_tag":[],"class_list":{"0":"post-13891","1":"product","2":"type-product","3":"status-publish","4":"has-post-thumbnail","6":"product_cat-okategoriserad","8":"first","9":"instock","10":"shipping-taxable","11":"purchasable","12":"product-type-simple"},"_links":{"self":[{"href":"https:\/\/nordicmart.andreevmaster.com\/sv\/wp-json\/wp\/v2\/product\/13891","targetHints":{"allow":["GET"]}}],"collection":[{"href":"https:\/\/nordicmart.andreevmaster.com\/sv\/wp-json\/wp\/v2\/product"}],"about":[{"href":"https:\/\/nordicmart.andreevmaster.com\/sv\/wp-json\/wp\/v2\/types\/product"}],"replies":[{"embeddable":true,"href":"https:\/\/nordicmart.andreevmaster.com\/sv\/wp-json\/wp\/v2\/comments?post=13891"}],"wp:featuredmedia":[{"embeddable":true,"href":"https:\/\/nordicmart.andreevmaster.com\/sv\/wp-json\/wp\/v2\/media\/41975"}],"wp:attachment":[{"href":"https:\/\/nordicmart.andreevmaster.com\/sv\/wp-json\/wp\/v2\/media?parent=13891"}],"wp:term":[{"taxonomy":"product_brand","embeddable":true,"href":"https:\/\/nordicmart.andreevmaster.com\/sv\/wp-json\/wp\/v2\/product_brand?post=13891"},{"taxonomy":"product_cat","embeddable":true,"href":"https:\/\/nordicmart.andreevmaster.com\/sv\/wp-json\/wp\/v2\/product_cat?post=13891"},{"taxonomy":"product_tag","embeddable":true,"href":"https:\/\/nordicmart.andreevmaster.com\/sv\/wp-json\/wp\/v2\/product_tag?post=13891"}],"curies":[{"name":"wp","href":"https:\/\/api.w.org\/{rel}","templated":true}]}}