{"id":13890,"date":"2026-02-27T00:19:41","date_gmt":"2026-02-27T00:19:41","guid":{"rendered":"https:\/\/nordicmart.andreevmaster.com\/product\/vasagle-vagghangare-med-8-krokar\/"},"modified":"2026-02-27T08:12:32","modified_gmt":"2026-02-27T08:12:32","slug":"vasagle-vagghangare-med-8-krokar","status":"publish","type":"product","link":"https:\/\/nordicmart.andreevmaster.com\/sv\/produkt\/vasagle-vagghangare-med-8-krokar\/","title":{"rendered":"VASAGLE V\u00e4ggh\u00e4ngare med 8 krokar"},"content":{"rendered":"<p>Produktdetaljer: &#8211; F\u00e4rg: Vintagebrun-svart &#8211; Material: Sp\u00e5nskiva, st\u00e5l &#8211; Total storlek: 40 x 24 x 24 cm (L x B x H) &#8211; Vikt: 1,6 kg &#8211; Max. statisk belastningskapacitet f\u00f6r den \u00f6vre plattan: 15,9 kg &#8211; Max. statisk belastningskapacitet per krok (tjock): 2,3 kg &#8211; Max. statisk belastningskapacitet f\u00f6r kl\u00e4dst\u00e5ngen: 9,1 kg Leveransomfattning: &#8211; 1 x v\u00e4ggh\u00e4ngare &#8211; 1 x tillbeh\u00f6rspaket &#8211; 1 x bruksanvisning<\/p>\n","protected":false},"excerpt":{"rendered":"<p>VASAGLE V\u00e4gggarderob, v\u00e4gghylla, med 8 avtagbara krokar, v\u00e4ggmonterad h\u00e4nghylla med kl\u00e4dst\u00e5ng, f\u00f6r hall, sovrum, vintagebrun-svart LCR103B01<\/p>\n","protected":false},"featured_media":41974,"comment_status":"open","ping_status":"closed","template":"","meta":[],"product_brand":[],"product_cat":[33],"product_tag":[],"class_list":{"0":"post-13890","1":"product","2":"type-product","3":"status-publish","4":"has-post-thumbnail","6":"product_cat-okategoriserad","8":"first","9":"instock","10":"shipping-taxable","11":"purchasable","12":"product-type-simple"},"_links":{"self":[{"href":"https:\/\/nordicmart.andreevmaster.com\/sv\/wp-json\/wp\/v2\/product\/13890","targetHints":{"allow":["GET"]}}],"collection":[{"href":"https:\/\/nordicmart.andreevmaster.com\/sv\/wp-json\/wp\/v2\/product"}],"about":[{"href":"https:\/\/nordicmart.andreevmaster.com\/sv\/wp-json\/wp\/v2\/types\/product"}],"replies":[{"embeddable":true,"href":"https:\/\/nordicmart.andreevmaster.com\/sv\/wp-json\/wp\/v2\/comments?post=13890"}],"wp:featuredmedia":[{"embeddable":true,"href":"https:\/\/nordicmart.andreevmaster.com\/sv\/wp-json\/wp\/v2\/media\/41974"}],"wp:attachment":[{"href":"https:\/\/nordicmart.andreevmaster.com\/sv\/wp-json\/wp\/v2\/media?parent=13890"}],"wp:term":[{"taxonomy":"product_brand","embeddable":true,"href":"https:\/\/nordicmart.andreevmaster.com\/sv\/wp-json\/wp\/v2\/product_brand?post=13890"},{"taxonomy":"product_cat","embeddable":true,"href":"https:\/\/nordicmart.andreevmaster.com\/sv\/wp-json\/wp\/v2\/product_cat?post=13890"},{"taxonomy":"product_tag","embeddable":true,"href":"https:\/\/nordicmart.andreevmaster.com\/sv\/wp-json\/wp\/v2\/product_tag?post=13890"}],"curies":[{"name":"wp","href":"https:\/\/api.w.org\/{rel}","templated":true}]}}