{"id":13885,"date":"2026-02-27T00:19:40","date_gmt":"2026-02-27T00:19:40","guid":{"rendered":"https:\/\/nordicmart.andreevmaster.com\/product\/vasagle-vagghangd-garderob-med-hylla-och-10-krokar-antracitgra-svart\/"},"modified":"2026-02-27T08:12:31","modified_gmt":"2026-02-27T08:12:31","slug":"vasagle-vagghangd-garderob-med-hylla-och-10-krokar-antracitgra-svart","status":"publish","type":"product","link":"https:\/\/nordicmart.andreevmaster.com\/sv\/produkt\/vasagle-vagghangd-garderob-med-hylla-och-10-krokar-antracitgra-svart\/","title":{"rendered":"VASAGLE V\u00e4ggh\u00e4ngd garderob med hylla och 10 krokar antracitgr\u00e5-svart"},"content":{"rendered":"<p>VASAGLE v\u00e4ggh\u00e4ngd garderob, med hylla, v\u00e4gghylla med 10 avtagbara krokar, h\u00e4nghylla, v\u00e4ggmontering, 2 garderobsst\u00e4nger, kl\u00e4dst\u00e5ng, f\u00f6r hall, sovrum, badrum, vintagebrun-svart LCR101B01<br \/>\nF\u00e4rg: Antracitgr\u00e5-svart<br \/>\nMaterial: sp\u00e5nskiva, st\u00e5l<br \/>\nTotal storlek: 30 x 65 x 42 cm (D x B x H)<br \/>\nStorlek p\u00e5 den \u00f6vre hyllan: 30 x 65 x 1,5 cm (D x B x H)<br \/>\nVikt: 3,3 kg<br \/>\nMax. statisk belastningskapacitet f\u00f6r hyllan: 8,4 kg<br \/>\nMax. statisk belastningskapacitet per krok: 2,3 kg<br \/>\nMax. statisk belastningskapacitet f\u00f6r h\u00e4ngst\u00e5ngen: 10 kg<\/p>\n","protected":false},"excerpt":{"rendered":"<p>VASAGLE v\u00e4ggh\u00e4ngd garderob, med hylla, v\u00e4gghylla med 10 avtagbara krokar, h\u00e4nghylla, v\u00e4ggmontering, 2 garderobsst\u00e4nger, kl\u00e4dst\u00e5ng, f\u00f6r hall, sovrum, badrum, vintagebrun-svart LCR101B01<\/p>\n","protected":false},"featured_media":41969,"comment_status":"open","ping_status":"closed","template":"","meta":[],"product_brand":[],"product_cat":[33],"product_tag":[],"class_list":{"0":"post-13885","1":"product","2":"type-product","3":"status-publish","4":"has-post-thumbnail","6":"product_cat-okategoriserad","8":"first","9":"instock","10":"shipping-taxable","11":"purchasable","12":"product-type-simple"},"_links":{"self":[{"href":"https:\/\/nordicmart.andreevmaster.com\/sv\/wp-json\/wp\/v2\/product\/13885","targetHints":{"allow":["GET"]}}],"collection":[{"href":"https:\/\/nordicmart.andreevmaster.com\/sv\/wp-json\/wp\/v2\/product"}],"about":[{"href":"https:\/\/nordicmart.andreevmaster.com\/sv\/wp-json\/wp\/v2\/types\/product"}],"replies":[{"embeddable":true,"href":"https:\/\/nordicmart.andreevmaster.com\/sv\/wp-json\/wp\/v2\/comments?post=13885"}],"wp:featuredmedia":[{"embeddable":true,"href":"https:\/\/nordicmart.andreevmaster.com\/sv\/wp-json\/wp\/v2\/media\/41969"}],"wp:attachment":[{"href":"https:\/\/nordicmart.andreevmaster.com\/sv\/wp-json\/wp\/v2\/media?parent=13885"}],"wp:term":[{"taxonomy":"product_brand","embeddable":true,"href":"https:\/\/nordicmart.andreevmaster.com\/sv\/wp-json\/wp\/v2\/product_brand?post=13885"},{"taxonomy":"product_cat","embeddable":true,"href":"https:\/\/nordicmart.andreevmaster.com\/sv\/wp-json\/wp\/v2\/product_cat?post=13885"},{"taxonomy":"product_tag","embeddable":true,"href":"https:\/\/nordicmart.andreevmaster.com\/sv\/wp-json\/wp\/v2\/product_tag?post=13885"}],"curies":[{"name":"wp","href":"https:\/\/api.w.org\/{rel}","templated":true}]}}