{"id":13884,"date":"2026-02-27T00:19:40","date_gmt":"2026-02-27T00:19:40","guid":{"rendered":"https:\/\/nordicmart.andreevmaster.com\/product\/vasagle-vagghangare-med-kladstang\/"},"modified":"2026-02-27T08:12:31","modified_gmt":"2026-02-27T08:12:31","slug":"vasagle-vagghangare-med-kladstang","status":"publish","type":"product","link":"https:\/\/nordicmart.andreevmaster.com\/sv\/produkt\/vasagle-vagghangare-med-kladstang\/","title":{"rendered":"VASAGLE v\u00e4ggh\u00e4ngare med kl\u00e4dst\u00e5ng"},"content":{"rendered":"<p>Produktdetaljer: &#8211; F\u00e4rg: Greige-svart &#8211; Material: Sp\u00e5nskiva, st\u00e5l &#8211; Total storlek: 30 x 65 x 42 cm (D x B x H) &#8211; Storlek p\u00e5 hyllan: 30 x 65 x 1,5 cm (D x B x H) &#8211; Vikt: 3,7 kg &#8211; Max. statisk belastningskapacitet f\u00f6r hyllan: 16 kg &#8211; Max. statisk belastningskapacitet per krok: 4 kg &#8211; Max. statisk belastningskapacitet f\u00f6r kl\u00e4dst\u00e5ngen: 20 kg Leveransomfattning: &#8211; 1 x v\u00e4ggh\u00e4ngare &#8211; 1 x tillbeh\u00f6rspaket &#8211; 1 x bruksanvisning VASAGLE Anm\u00e4rkningar:- Montera produkten p\u00e5 en massiv v\u00e4gg. Om du vill montera den p\u00e5 en gipsv\u00e4gg m\u00e5ste du f\u00f6rst k\u00f6pa specialskruvar fr\u00e5n en fackhandel.<\/p>\n","protected":false},"excerpt":{"rendered":"<p>VASAGLE v\u00e4ggh\u00e4ngd garderob, med hylla, v\u00e4gghylla med 10 avtagbara krokar, h\u00e4nghylla, v\u00e4ggmontering, 2 garderobsst\u00e4nger, kl\u00e4dst\u00e5ng, f\u00f6r hall, sovrum, badrum, vintagebrun-svart LCR101B01<\/p>\n","protected":false},"featured_media":41968,"comment_status":"open","ping_status":"closed","template":"","meta":[],"product_brand":[],"product_cat":[33],"product_tag":[],"class_list":{"0":"post-13884","1":"product","2":"type-product","3":"status-publish","4":"has-post-thumbnail","6":"product_cat-okategoriserad","8":"first","9":"instock","10":"shipping-taxable","11":"purchasable","12":"product-type-simple"},"_links":{"self":[{"href":"https:\/\/nordicmart.andreevmaster.com\/sv\/wp-json\/wp\/v2\/product\/13884","targetHints":{"allow":["GET"]}}],"collection":[{"href":"https:\/\/nordicmart.andreevmaster.com\/sv\/wp-json\/wp\/v2\/product"}],"about":[{"href":"https:\/\/nordicmart.andreevmaster.com\/sv\/wp-json\/wp\/v2\/types\/product"}],"replies":[{"embeddable":true,"href":"https:\/\/nordicmart.andreevmaster.com\/sv\/wp-json\/wp\/v2\/comments?post=13884"}],"wp:featuredmedia":[{"embeddable":true,"href":"https:\/\/nordicmart.andreevmaster.com\/sv\/wp-json\/wp\/v2\/media\/41968"}],"wp:attachment":[{"href":"https:\/\/nordicmart.andreevmaster.com\/sv\/wp-json\/wp\/v2\/media?parent=13884"}],"wp:term":[{"taxonomy":"product_brand","embeddable":true,"href":"https:\/\/nordicmart.andreevmaster.com\/sv\/wp-json\/wp\/v2\/product_brand?post=13884"},{"taxonomy":"product_cat","embeddable":true,"href":"https:\/\/nordicmart.andreevmaster.com\/sv\/wp-json\/wp\/v2\/product_cat?post=13884"},{"taxonomy":"product_tag","embeddable":true,"href":"https:\/\/nordicmart.andreevmaster.com\/sv\/wp-json\/wp\/v2\/product_tag?post=13884"}],"curies":[{"name":"wp","href":"https:\/\/api.w.org\/{rel}","templated":true}]}}