{"id":13883,"date":"2026-02-27T00:19:40","date_gmt":"2026-02-27T00:19:40","guid":{"rendered":"https:\/\/nordicmart.andreevmaster.com\/product\/vasagle-vagghangd-garderob-med-hylla-i-industriell-stil\/"},"modified":"2026-02-27T08:12:31","modified_gmt":"2026-02-27T08:12:31","slug":"vasagle-vagghangd-garderob-med-hylla-i-industriell-stil","status":"publish","type":"product","link":"https:\/\/nordicmart.andreevmaster.com\/sv\/produkt\/vasagle-vagghangd-garderob-med-hylla-i-industriell-stil\/","title":{"rendered":"VASAGLE V\u00e4ggh\u00e4ngd garderob med hylla i industriell stil"},"content":{"rendered":"<p>Produktdetaljer: F\u00e4rg: Vintagebrun-svart Material: Sp\u00e5nskiva, st\u00e5l Total storlek: 65 x 30 x 42 cm (L x B x H) Hyllans storlek: 65 x 30 x 1,5 cm (L x B x H) Vikt: 3,7 kg Max. statisk belastningskapacitet f\u00f6r hyllan: 16 kg Max. statisk belastningskapacitet per krok: 4 kg Max. statisk belastningskapacitet f\u00f6r kl\u00e4dst\u00e5ngen: 20 kg Leveransomfattning: 1 x v\u00e4ggh\u00e4ngd garderob 1 x tillbeh\u00f6rspaket 1 x bruksanvisning VASAGLE Anm\u00e4rkningar:Montera produkten p\u00e5 en massiv v\u00e4gg. Om du vill montera den p\u00e5 en gipsv\u00e4gg m\u00e5ste du f\u00f6rst k\u00f6pa specialskruvar fr\u00e5n en fackhandel.<\/p>\n","protected":false},"excerpt":{"rendered":"<p>VASAGLE v\u00e4ggh\u00e4ngd garderob, med hylla, v\u00e4gghylla med 10 avtagbara krokar, h\u00e4nghylla, v\u00e4ggmontering, 2 garderobsst\u00e4nger, kl\u00e4dst\u00e5ng, f\u00f6r hall, sovrum, badrum, vintagebrun-svart LCR101B01<\/p>\n","protected":false},"featured_media":41967,"comment_status":"open","ping_status":"closed","template":"","meta":[],"product_brand":[],"product_cat":[33],"product_tag":[],"class_list":{"0":"post-13883","1":"product","2":"type-product","3":"status-publish","4":"has-post-thumbnail","6":"product_cat-okategoriserad","8":"first","9":"instock","10":"shipping-taxable","11":"purchasable","12":"product-type-simple"},"_links":{"self":[{"href":"https:\/\/nordicmart.andreevmaster.com\/sv\/wp-json\/wp\/v2\/product\/13883","targetHints":{"allow":["GET"]}}],"collection":[{"href":"https:\/\/nordicmart.andreevmaster.com\/sv\/wp-json\/wp\/v2\/product"}],"about":[{"href":"https:\/\/nordicmart.andreevmaster.com\/sv\/wp-json\/wp\/v2\/types\/product"}],"replies":[{"embeddable":true,"href":"https:\/\/nordicmart.andreevmaster.com\/sv\/wp-json\/wp\/v2\/comments?post=13883"}],"wp:featuredmedia":[{"embeddable":true,"href":"https:\/\/nordicmart.andreevmaster.com\/sv\/wp-json\/wp\/v2\/media\/41967"}],"wp:attachment":[{"href":"https:\/\/nordicmart.andreevmaster.com\/sv\/wp-json\/wp\/v2\/media?parent=13883"}],"wp:term":[{"taxonomy":"product_brand","embeddable":true,"href":"https:\/\/nordicmart.andreevmaster.com\/sv\/wp-json\/wp\/v2\/product_brand?post=13883"},{"taxonomy":"product_cat","embeddable":true,"href":"https:\/\/nordicmart.andreevmaster.com\/sv\/wp-json\/wp\/v2\/product_cat?post=13883"},{"taxonomy":"product_tag","embeddable":true,"href":"https:\/\/nordicmart.andreevmaster.com\/sv\/wp-json\/wp\/v2\/product_tag?post=13883"}],"curies":[{"name":"wp","href":"https:\/\/api.w.org\/{rel}","templated":true}]}}