{"id":13881,"date":"2026-02-27T00:19:39","date_gmt":"2026-02-27T00:19:39","guid":{"rendered":"https:\/\/nordicmart.andreevmaster.com\/product\/vasagle-garderob-med-8-dubbla-krokar\/"},"modified":"2026-02-27T08:12:30","modified_gmt":"2026-02-27T08:12:30","slug":"vasagle-garderob-med-8-dubbla-krokar","status":"publish","type":"product","link":"https:\/\/nordicmart.andreevmaster.com\/sv\/produkt\/vasagle-garderob-med-8-dubbla-krokar\/","title":{"rendered":"VASAGLE garderob med 8 dubbla krokar"},"content":{"rendered":"<p>VASAGLE garderob, kl\u00e4dst\u00e4ll, kl\u00e4dh\u00e4ngare med 8 dubbla krokar, 4 hyllor, kl\u00e4dst\u00e5ng, med metallram, f\u00f6r jackor, v\u00e4skor, f\u00f6r hallen, sovrummet, ekf\u00e4rgad-vit LCR080W09<br \/>\nF\u00e4rg: ekf\u00e4rgad-vit<br \/>\nMaterial: sp\u00e5nskiva, st\u00e5l<br \/>\nStorlek: 43 x 43 x 180 cm (D x B x H)<br \/>\nVikt: 10,6 kg<br \/>\nMax. statisk belastningskapacitet per dubbelkrok: 2 kg<br \/>\nMax. statisk belastningskapacitet per hylla: 10 kg<\/p>\n","protected":false},"excerpt":{"rendered":"<p>VASAGLE garderob, kl\u00e4dst\u00e4ll, kl\u00e4dh\u00e4ngare med 8 dubbla krokar, 4 hyllor, kl\u00e4dst\u00e5ng, med metallram, f\u00f6r jackor, v\u00e4skor, f\u00f6r hallen, sovrummet, ekf\u00e4rgad-vit LCR080W09<\/p>\n","protected":false},"featured_media":41965,"comment_status":"open","ping_status":"closed","template":"","meta":[],"product_brand":[],"product_cat":[33],"product_tag":[],"class_list":{"0":"post-13881","1":"product","2":"type-product","3":"status-publish","4":"has-post-thumbnail","6":"product_cat-okategoriserad","8":"first","9":"instock","10":"shipping-taxable","11":"purchasable","12":"product-type-simple"},"_links":{"self":[{"href":"https:\/\/nordicmart.andreevmaster.com\/sv\/wp-json\/wp\/v2\/product\/13881","targetHints":{"allow":["GET"]}}],"collection":[{"href":"https:\/\/nordicmart.andreevmaster.com\/sv\/wp-json\/wp\/v2\/product"}],"about":[{"href":"https:\/\/nordicmart.andreevmaster.com\/sv\/wp-json\/wp\/v2\/types\/product"}],"replies":[{"embeddable":true,"href":"https:\/\/nordicmart.andreevmaster.com\/sv\/wp-json\/wp\/v2\/comments?post=13881"}],"wp:featuredmedia":[{"embeddable":true,"href":"https:\/\/nordicmart.andreevmaster.com\/sv\/wp-json\/wp\/v2\/media\/41965"}],"wp:attachment":[{"href":"https:\/\/nordicmart.andreevmaster.com\/sv\/wp-json\/wp\/v2\/media?parent=13881"}],"wp:term":[{"taxonomy":"product_brand","embeddable":true,"href":"https:\/\/nordicmart.andreevmaster.com\/sv\/wp-json\/wp\/v2\/product_brand?post=13881"},{"taxonomy":"product_cat","embeddable":true,"href":"https:\/\/nordicmart.andreevmaster.com\/sv\/wp-json\/wp\/v2\/product_cat?post=13881"},{"taxonomy":"product_tag","embeddable":true,"href":"https:\/\/nordicmart.andreevmaster.com\/sv\/wp-json\/wp\/v2\/product_tag?post=13881"}],"curies":[{"name":"wp","href":"https:\/\/api.w.org\/{rel}","templated":true}]}}