{"id":13879,"date":"2026-02-27T00:19:39","date_gmt":"2026-02-27T00:19:39","guid":{"rendered":"https:\/\/nordicmart.andreevmaster.com\/product\/kladhangare-och-skobank-set-halltrad-med-bank-hallmobler-mangsidig-punkt-kladkrokar-2-nivaers-skostall-industriell-stil-for-hall-entre-rustik-brun\/"},"modified":"2026-02-27T08:12:30","modified_gmt":"2026-02-27T08:12:30","slug":"kladhangare-och-skobank-set-halltrad-med-bank-hallmobler-mangsidig-punkt-kladkrokar-2-nivaers-skostall-industriell-stil-for-hall-entre-rustik-brun","status":"publish","type":"product","link":"https:\/\/nordicmart.andreevmaster.com\/sv\/produkt\/kladhangare-och-skobank-set-halltrad-med-bank-hallmobler-mangsidig-punkt-kladkrokar-2-nivaers-skostall-industriell-stil-for-hall-entre-rustik-brun\/","title":{"rendered":"Kl\u00e4dh\u00e4ngare och Skob\u00e4nk Set, Halltr\u00e4d med B\u00e4nk, Hallm\u00f6bler, M\u00e5ngsidig, Punkt-kl\u00e4dkrokar, 2-niv\u00e5ers Skost\u00e4ll, Industriell Stil, f\u00f6r Hall, Entr\u00e9, Rustik Brun"},"content":{"rendered":"<p>[En Perfekt Kombination] I detta halltr\u00e4d med b\u00e4nk f\u00f6renas funktionalitet och stil perfekt. Allt du beh\u00f6ver n\u00e4r du g\u00e5r ut finns p\u00e5 ett och samma st\u00e4lle! Settet \u00e4r koordinerat fr\u00e5n topp till botten, s\u00e5 det \u00e4r l\u00e4tt att matcha!<\/p>\n<p>[5-i-1 halltr\u00e4d med b\u00e4nk] Med tv\u00e5planshylla f\u00f6r dekorationer, 7 kl\u00e4dkrokar f\u00f6r v\u00e4skor och kl\u00e4der, 3 inbyggda magneter f\u00f6r nycklar och 2-niv\u00e5ers skost\u00e4ll \u2013 denna m\u00e5ngsidiga m\u00f6bel har allt!<\/p>\n<p>[Stabil och robust] Tillverkad av h\u00f6gkvalitativ sp\u00e5nskiva och en stadig st\u00e5lstruktur \u00e4r halltr\u00e4det med b\u00e4nk designat f\u00f6r l\u00e5ngvarig h\u00e5llbarhet. Skob\u00e4nkens justerbara f\u00f6tter s\u00e4kerst\u00e4ller stabilitet och f\u00f6rhindrar vickning.<\/p>\n<p>[Starkt st\u00f6d] Kl\u00e4dh\u00e4ngaren har 7 metallpunktkrokar som var och en t\u00e5l upp till 5 kg och erbjuder en s\u00e4ker plats f\u00f6r dina kl\u00e4der och v\u00e4skor. Skob\u00e4nken t\u00e5l upp till 136 kg, vilket garanterar en stabil och s\u00e4ker sittupplevelse.<\/p>\n<p>[Perfekt tillskott till vilket rum som helst] Denna kl\u00e4dh\u00e4ngare och skob\u00e4nk-set passar s\u00f6ml\u00f6st in i alla utrymmen, oavsett om de anv\u00e4nds tillsammans eller separat, och f\u00f6rh\u00f6jer st\u00e4mningen i hallen, sovrummet eller vardagsrummet med enkel stil.<\/p>\n<p>Tekniska specifikationer:<br \/>\n&#8211; F\u00e4rg: Rustik brun<br \/>\n&#8211; Material: Sp\u00e5nskiva, st\u00e5l<br \/>\n&#8211; Skob\u00e4nkens storlek: 11.8 &#8221;D x 28.6&#8221; W x 17.7 &#8221;H (30 x 73 x 45 cm)<br \/>\n&#8211; Kl\u00e4dh\u00e4ngarens storlek: 4,9 &#8221;D x 29,6 &#8221;W x 8,7 &#8221;H (12,5 x 75,1 x 22 cm)<br \/>\n&#8211; Produktvikt: 9,8 kg (21,6 lb)<br \/>\n&#8211; Max. Statisk belastningskapacitet f\u00f6r skob\u00e4nken: 136 kg (300 lb)<br \/>\n&#8211; Max. Statisk belastningskapacitet per kl\u00e4dkrok: 5 kg (11 lb)<br \/>\nF\u00f6rpackningens inneh\u00e5ll:<br \/>\n&#8211; 1 x Kl\u00e4dh\u00e4ngare-skob\u00e4nk-set, 1 x tillbeh\u00f6rspaket, 1 x bruksanvisning<\/p>\n","protected":false},"excerpt":{"rendered":"<p>[En Perfekt Kombination] I detta halltr\u00e4d med b\u00e4nk f\u00f6renas funktionalitet och stil perfekt. Allt du beh\u00f6ver n\u00e4r du g\u00e5r ut finns p\u00e5 ett och samma st\u00e4lle! Settet \u00e4r koordinerat fr\u00e5n topp till botten, s\u00e5 det \u00e4r l\u00e4tt att matcha! [5-i-1 halltr\u00e4d med b\u00e4nk] Med tv\u00e5planshylla f\u00f6r dekorationer, 7 kl\u00e4dkrokar f\u00f6r v\u00e4skor och kl\u00e4der, 3 inbyggda [&hellip;]<\/p>\n","protected":false},"featured_media":0,"comment_status":"open","ping_status":"closed","template":"","meta":[],"product_brand":[],"product_cat":[33],"product_tag":[],"class_list":{"0":"post-13879","1":"product","2":"type-product","3":"status-publish","5":"product_cat-okategoriserad","7":"first","8":"instock","9":"shipping-taxable","10":"product-type-simple"},"_links":{"self":[{"href":"https:\/\/nordicmart.andreevmaster.com\/sv\/wp-json\/wp\/v2\/product\/13879","targetHints":{"allow":["GET"]}}],"collection":[{"href":"https:\/\/nordicmart.andreevmaster.com\/sv\/wp-json\/wp\/v2\/product"}],"about":[{"href":"https:\/\/nordicmart.andreevmaster.com\/sv\/wp-json\/wp\/v2\/types\/product"}],"replies":[{"embeddable":true,"href":"https:\/\/nordicmart.andreevmaster.com\/sv\/wp-json\/wp\/v2\/comments?post=13879"}],"wp:attachment":[{"href":"https:\/\/nordicmart.andreevmaster.com\/sv\/wp-json\/wp\/v2\/media?parent=13879"}],"wp:term":[{"taxonomy":"product_brand","embeddable":true,"href":"https:\/\/nordicmart.andreevmaster.com\/sv\/wp-json\/wp\/v2\/product_brand?post=13879"},{"taxonomy":"product_cat","embeddable":true,"href":"https:\/\/nordicmart.andreevmaster.com\/sv\/wp-json\/wp\/v2\/product_cat?post=13879"},{"taxonomy":"product_tag","embeddable":true,"href":"https:\/\/nordicmart.andreevmaster.com\/sv\/wp-json\/wp\/v2\/product_tag?post=13879"}],"curies":[{"name":"wp","href":"https:\/\/api.w.org\/{rel}","templated":true}]}}