{"id":13875,"date":"2026-02-27T00:19:38","date_gmt":"2026-02-27T00:19:38","guid":{"rendered":"https:\/\/nordicmart.andreevmaster.com\/product\/songmics-vagghangare-2-pack-med-hylla-naturbeige\/"},"modified":"2026-02-27T08:12:29","modified_gmt":"2026-02-27T08:12:29","slug":"songmics-vagghangare-2-pack-med-hylla-naturbeige","status":"publish","type":"product","link":"https:\/\/nordicmart.andreevmaster.com\/sv\/produkt\/songmics-vagghangare-2-pack-med-hylla-naturbeige\/","title":{"rendered":"SONGMICS V\u00e4ggh\u00e4ngare 2-pack med hylla naturbeige"},"content":{"rendered":"<p>SONGMICS v\u00e4ggh\u00e4ngare, garderob med hyllplan, v\u00e4ggmontering, 5 dubbla metallkrokar, platsbesparande, f\u00f6r hall, vardagsrum, sovrum, max. belastning per krok 5 kg<br \/>\nF\u00e4rg: Naturbeige<br \/>\nMaterial: bambu, metall<br \/>\nStorlek per v\u00e4ggh\u00e4ngare: 4,8 x 70 x 7 cm (D x B x H)<br \/>\nTotalvikt: 1,8 kg<br \/>\nMax. statisk belastningskapacitet per krok: 5 kg<br \/>\nMax. statisk belastningskapacitet per v\u00e4ggh\u00e4ngare: 25 kg<\/p>\n","protected":false},"excerpt":{"rendered":"<p>SONGMICS v\u00e4ggh\u00e4ngare, garderob med hyllplan, v\u00e4ggmontering, 5 dubbla metallkrokar, platsbesparande, f\u00f6r hall, vardagsrum, sovrum, max. belastning per krok 5 kg<\/p>\n","protected":false},"featured_media":41962,"comment_status":"open","ping_status":"closed","template":"","meta":[],"product_brand":[],"product_cat":[33],"product_tag":[],"class_list":{"0":"post-13875","1":"product","2":"type-product","3":"status-publish","4":"has-post-thumbnail","6":"product_cat-okategoriserad","8":"first","9":"instock","10":"shipping-taxable","11":"purchasable","12":"product-type-simple"},"_links":{"self":[{"href":"https:\/\/nordicmart.andreevmaster.com\/sv\/wp-json\/wp\/v2\/product\/13875","targetHints":{"allow":["GET"]}}],"collection":[{"href":"https:\/\/nordicmart.andreevmaster.com\/sv\/wp-json\/wp\/v2\/product"}],"about":[{"href":"https:\/\/nordicmart.andreevmaster.com\/sv\/wp-json\/wp\/v2\/types\/product"}],"replies":[{"embeddable":true,"href":"https:\/\/nordicmart.andreevmaster.com\/sv\/wp-json\/wp\/v2\/comments?post=13875"}],"wp:featuredmedia":[{"embeddable":true,"href":"https:\/\/nordicmart.andreevmaster.com\/sv\/wp-json\/wp\/v2\/media\/41962"}],"wp:attachment":[{"href":"https:\/\/nordicmart.andreevmaster.com\/sv\/wp-json\/wp\/v2\/media?parent=13875"}],"wp:term":[{"taxonomy":"product_brand","embeddable":true,"href":"https:\/\/nordicmart.andreevmaster.com\/sv\/wp-json\/wp\/v2\/product_brand?post=13875"},{"taxonomy":"product_cat","embeddable":true,"href":"https:\/\/nordicmart.andreevmaster.com\/sv\/wp-json\/wp\/v2\/product_cat?post=13875"},{"taxonomy":"product_tag","embeddable":true,"href":"https:\/\/nordicmart.andreevmaster.com\/sv\/wp-json\/wp\/v2\/product_tag?post=13875"}],"curies":[{"name":"wp","href":"https:\/\/api.w.org\/{rel}","templated":true}]}}