{"id":13874,"date":"2026-02-27T00:19:37","date_gmt":"2026-02-27T00:19:37","guid":{"rendered":"https:\/\/nordicmart.andreevmaster.com\/product\/songmics-garderobskrokar-4-pack-aggformad-design-parlvit\/"},"modified":"2026-02-27T08:12:29","modified_gmt":"2026-02-27T08:12:29","slug":"songmics-garderobskrokar-4-pack-aggformad-design-parlvit","status":"publish","type":"product","link":"https:\/\/nordicmart.andreevmaster.com\/sv\/produkt\/songmics-garderobskrokar-4-pack-aggformad-design-parlvit\/","title":{"rendered":"SONGMICS garderobskrokar, 4-pack, \u00e4ggformad design, p\u00e4rlvit"},"content":{"rendered":"<p>SONGMICS HOME Garderobskrokar 4-pack, kl\u00e4dkrokar, v\u00e4gg, st\u00e5l, rockar, handdukar, max. belastning per krok 5 kg, \u00e4ggformad design, vardagsrum, sovrum, entr\u00e9, bl\u00e4ck svart LCR039B01<br \/>\nF\u00e4rg: p\u00e4rlvit<br \/>\nMaterial: St\u00e5l<br \/>\nStorlek: 5,5 x 7,3 x 8,5 cm (D x B x H)<br \/>\nVikt per krok: 0,4 kg<br \/>\nMax. statisk belastningskapacitet per krok: 5 kg<\/p>\n","protected":false},"excerpt":{"rendered":"<p>SONGMICS HOME Garderobskrokar 4-pack, kl\u00e4dkrokar, v\u00e4gg, st\u00e5l, rockar, handdukar, max. belastning per krok 5 kg, \u00e4ggformad design, vardagsrum, sovrum, entr\u00e9, bl\u00e4ck svart LCR039B01<\/p>\n","protected":false},"featured_media":41961,"comment_status":"open","ping_status":"closed","template":"","meta":[],"product_brand":[],"product_cat":[33],"product_tag":[],"class_list":{"0":"post-13874","1":"product","2":"type-product","3":"status-publish","4":"has-post-thumbnail","6":"product_cat-okategoriserad","8":"first","9":"instock","10":"shipping-taxable","11":"purchasable","12":"product-type-simple"},"_links":{"self":[{"href":"https:\/\/nordicmart.andreevmaster.com\/sv\/wp-json\/wp\/v2\/product\/13874","targetHints":{"allow":["GET"]}}],"collection":[{"href":"https:\/\/nordicmart.andreevmaster.com\/sv\/wp-json\/wp\/v2\/product"}],"about":[{"href":"https:\/\/nordicmart.andreevmaster.com\/sv\/wp-json\/wp\/v2\/types\/product"}],"replies":[{"embeddable":true,"href":"https:\/\/nordicmart.andreevmaster.com\/sv\/wp-json\/wp\/v2\/comments?post=13874"}],"wp:featuredmedia":[{"embeddable":true,"href":"https:\/\/nordicmart.andreevmaster.com\/sv\/wp-json\/wp\/v2\/media\/41961"}],"wp:attachment":[{"href":"https:\/\/nordicmart.andreevmaster.com\/sv\/wp-json\/wp\/v2\/media?parent=13874"}],"wp:term":[{"taxonomy":"product_brand","embeddable":true,"href":"https:\/\/nordicmart.andreevmaster.com\/sv\/wp-json\/wp\/v2\/product_brand?post=13874"},{"taxonomy":"product_cat","embeddable":true,"href":"https:\/\/nordicmart.andreevmaster.com\/sv\/wp-json\/wp\/v2\/product_cat?post=13874"},{"taxonomy":"product_tag","embeddable":true,"href":"https:\/\/nordicmart.andreevmaster.com\/sv\/wp-json\/wp\/v2\/product_tag?post=13874"}],"curies":[{"name":"wp","href":"https:\/\/api.w.org\/{rel}","templated":true}]}}