{"id":13872,"date":"2026-02-27T00:19:37","date_gmt":"2026-02-27T00:19:37","guid":{"rendered":"https:\/\/nordicmart.andreevmaster.com\/product\/vasagle-vagghylla-i-industriell-stil-2-pack\/"},"modified":"2026-02-27T08:12:29","modified_gmt":"2026-02-27T08:12:29","slug":"vasagle-vagghylla-i-industriell-stil-2-pack","status":"publish","type":"product","link":"https:\/\/nordicmart.andreevmaster.com\/sv\/produkt\/vasagle-vagghylla-i-industriell-stil-2-pack\/","title":{"rendered":"VASAGLE V\u00e4gghylla i industriell stil, 2-pack"},"content":{"rendered":"<p>Har du inte tillr\u00e4ckligt med f\u00f6rvaringsutrymme p\u00e5 golvet? D\u00e5 \u00e4r v\u00e4gghyllan perfekt f\u00f6r dig! Utnyttja din v\u00e4ggyta fullt ut Den sv\u00e4vande hyllan kombinerar dekorativt utseende och praktisk funktion. Med dessa tv\u00e5 hyllor kan du enkelt f\u00f6rsk\u00f6na din tomma v\u00e4gg utan att beh\u00f6va k\u00f6pa andra dyra och stora dekorationsartiklar. Samtidigt f\u00e5r du mer plats f\u00f6r dina fotoramar, b\u00f6cker, sm\u00e5 v\u00e4xter och till och med kryddburkar i k\u00f6ket. DIY-id\u00e9 Dessa 2 v\u00e4gghyllor kan anv\u00e4ndas separat eller tillsammans efter behov. Du kan montera dem i badrummet f\u00f6r att f\u00f6rvara tandborstmuggar och smink, eller i vardagsrummet f\u00f6r att visa upp pokaler och sm\u00e5 dekorationer. Du kan ocks\u00e5 kombinera de tv\u00e5 hyllorna flexibelt p\u00e5 v\u00e4ggen och skapa olika former. Produkten imponerar med sina m\u00e5nga anv\u00e4ndningsm\u00f6jligheter och sin stora flexibilitet.  K\u00f6p v\u00e4gghyllsetet fr\u00e5n VASAGLE nu och f\u00f6rsk\u00f6na ditt hem! Produktdetaljer: &#8211; F\u00e4rg: svart, rustik &#8211; Material: j\u00e4rnf\u00e4ste, MDF-skivor &#8211; M\u00e5tt: 60 x 32 x 20 cm (B x H x D) &#8211; Vikt: 4,4 kg &#8211; Max. belastningskapacitet per hylla: 15 kg Leveransomfattning: &#8211; 2 x v\u00e4gghylla &#8211; 1 x tillbeh\u00f6rsp\u00e5se &#8211; 1 x bruksanvisning (DE, EN, FR, ES, IT) VASAGLE Anm\u00e4rkningar: &#8211; F\u00f6r montering kr\u00e4vs skruvmejsel, vattenpass, borrmaskin och hammare. &#8211; Montera produkten p\u00e5 en stabil v\u00e4gg. Om du vill montera den p\u00e5 gipsskivor, skaffa f\u00f6rst r\u00e4tt skruvar fr\u00e5n byggvaruhuset.<\/p>\n","protected":false},"excerpt":{"rendered":"<p>VASAGLE V\u00e4gghylla i 2-pack i industriell design, stor sv\u00e4vande hylla, stabil h\u00e4ngande hylla, v\u00e4gghylla f\u00f6r vardagsrum, sovrum, hall, 60 x 32 x 20 cm (B x H x D) Vintage LCR01BX<\/p>\n","protected":false},"featured_media":41959,"comment_status":"open","ping_status":"closed","template":"","meta":[],"product_brand":[],"product_cat":[33],"product_tag":[],"class_list":{"0":"post-13872","1":"product","2":"type-product","3":"status-publish","4":"has-post-thumbnail","6":"product_cat-okategoriserad","8":"first","9":"instock","10":"shipping-taxable","11":"purchasable","12":"product-type-simple"},"_links":{"self":[{"href":"https:\/\/nordicmart.andreevmaster.com\/sv\/wp-json\/wp\/v2\/product\/13872","targetHints":{"allow":["GET"]}}],"collection":[{"href":"https:\/\/nordicmart.andreevmaster.com\/sv\/wp-json\/wp\/v2\/product"}],"about":[{"href":"https:\/\/nordicmart.andreevmaster.com\/sv\/wp-json\/wp\/v2\/types\/product"}],"replies":[{"embeddable":true,"href":"https:\/\/nordicmart.andreevmaster.com\/sv\/wp-json\/wp\/v2\/comments?post=13872"}],"wp:featuredmedia":[{"embeddable":true,"href":"https:\/\/nordicmart.andreevmaster.com\/sv\/wp-json\/wp\/v2\/media\/41959"}],"wp:attachment":[{"href":"https:\/\/nordicmart.andreevmaster.com\/sv\/wp-json\/wp\/v2\/media?parent=13872"}],"wp:term":[{"taxonomy":"product_brand","embeddable":true,"href":"https:\/\/nordicmart.andreevmaster.com\/sv\/wp-json\/wp\/v2\/product_brand?post=13872"},{"taxonomy":"product_cat","embeddable":true,"href":"https:\/\/nordicmart.andreevmaster.com\/sv\/wp-json\/wp\/v2\/product_cat?post=13872"},{"taxonomy":"product_tag","embeddable":true,"href":"https:\/\/nordicmart.andreevmaster.com\/sv\/wp-json\/wp\/v2\/product_tag?post=13872"}],"curies":[{"name":"wp","href":"https:\/\/api.w.org\/{rel}","templated":true}]}}