{"id":13871,"date":"2026-02-27T00:19:37","date_gmt":"2026-02-27T00:19:37","guid":{"rendered":"https:\/\/nordicmart.andreevmaster.com\/product\/vasagle-vagghangd-kladhangare-med-5-krokar-i-guldfargad-ek-molnvit\/"},"modified":"2026-02-27T08:12:29","modified_gmt":"2026-02-27T08:12:29","slug":"vasagle-vagghangd-kladhangare-med-5-krokar-i-guldfargad-ek-molnvit","status":"publish","type":"product","link":"https:\/\/nordicmart.andreevmaster.com\/sv\/produkt\/vasagle-vagghangd-kladhangare-med-5-krokar-i-guldfargad-ek-molnvit\/","title":{"rendered":"VASAGLE V\u00e4ggh\u00e4ngd kl\u00e4dh\u00e4ngare med 5 krokar i guldf\u00e4rgad ek-molnvit"},"content":{"rendered":"<p>VASAGLE V\u00e4ggh\u00e4ngd garderob med f\u00f6rvaring, v\u00e4gghylla med 5 avtagbara krokar, v\u00e4ggmonterad h\u00e4nghylla med h\u00e4ngst\u00e5ng, f\u00f6r hall, sovrum, badrum och vardagsrum, greige-svart LCR012B02<br \/>\nF\u00e4rg: Guld-ekf\u00e4rgad-molnvit<br \/>\nMaterial: sp\u00e5nskiva, st\u00e5l<br \/>\nM\u00e5tt: 30 x 66 x 27 cm (D x B x H)<br \/>\nVikt: 3,6 kg<br \/>\nMax. statisk belastningskapacitet f\u00f6r hyllan: 15 kg<br \/>\nMax. statisk belastningskapacitet f\u00f6r h\u00e4ngst\u00e5ngen: 10 kg<br \/>\nMax. statisk belastningskapacitet per krok: 2,3 kg<\/p>\n","protected":false},"excerpt":{"rendered":"<p>VASAGLE V\u00e4ggh\u00e4ngd garderob med f\u00f6rvaring, v\u00e4gghylla med 5 avtagbara krokar, v\u00e4ggmonterad h\u00e4nghylla med h\u00e4ngst\u00e5ng, f\u00f6r hall, sovrum, badrum och vardagsrum, greige-svart LCR012B02<\/p>\n","protected":false},"featured_media":0,"comment_status":"open","ping_status":"closed","template":"","meta":[],"product_brand":[],"product_cat":[33],"product_tag":[],"class_list":{"0":"post-13871","1":"product","2":"type-product","3":"status-publish","5":"product_cat-okategoriserad","7":"first","8":"instock","9":"shipping-taxable","10":"purchasable","11":"product-type-simple"},"_links":{"self":[{"href":"https:\/\/nordicmart.andreevmaster.com\/sv\/wp-json\/wp\/v2\/product\/13871","targetHints":{"allow":["GET"]}}],"collection":[{"href":"https:\/\/nordicmart.andreevmaster.com\/sv\/wp-json\/wp\/v2\/product"}],"about":[{"href":"https:\/\/nordicmart.andreevmaster.com\/sv\/wp-json\/wp\/v2\/types\/product"}],"replies":[{"embeddable":true,"href":"https:\/\/nordicmart.andreevmaster.com\/sv\/wp-json\/wp\/v2\/comments?post=13871"}],"wp:attachment":[{"href":"https:\/\/nordicmart.andreevmaster.com\/sv\/wp-json\/wp\/v2\/media?parent=13871"}],"wp:term":[{"taxonomy":"product_brand","embeddable":true,"href":"https:\/\/nordicmart.andreevmaster.com\/sv\/wp-json\/wp\/v2\/product_brand?post=13871"},{"taxonomy":"product_cat","embeddable":true,"href":"https:\/\/nordicmart.andreevmaster.com\/sv\/wp-json\/wp\/v2\/product_cat?post=13871"},{"taxonomy":"product_tag","embeddable":true,"href":"https:\/\/nordicmart.andreevmaster.com\/sv\/wp-json\/wp\/v2\/product_tag?post=13871"}],"curies":[{"name":"wp","href":"https:\/\/api.w.org\/{rel}","templated":true}]}}