{"id":13869,"date":"2026-02-27T00:19:36","date_gmt":"2026-02-27T00:19:36","guid":{"rendered":"https:\/\/nordicmart.andreevmaster.com\/product\/vasagle-vagghangd-garderob-med-5-krokar-antracitgra-svart\/"},"modified":"2026-02-27T08:12:28","modified_gmt":"2026-02-27T08:12:28","slug":"vasagle-vagghangd-garderob-med-5-krokar-antracitgra-svart","status":"publish","type":"product","link":"https:\/\/nordicmart.andreevmaster.com\/sv\/produkt\/vasagle-vagghangd-garderob-med-5-krokar-antracitgra-svart\/","title":{"rendered":"VASAGLE v\u00e4ggh\u00e4ngd garderob med 5 krokar, antracitgr\u00e5-svart"},"content":{"rendered":"<p>VASAGLE V\u00e4ggh\u00e4ngd garderob med f\u00f6rvaring, v\u00e4gghylla med 5 avtagbara krokar, v\u00e4ggmonterad h\u00e4nghylla med h\u00e4ngst\u00e5ng, f\u00f6r hall, sovrum, badrum och vardagsrum, greige-svart LCR012B02<br \/>\nF\u00e4rg: Antracitgr\u00e5-svart<br \/>\nMaterial: sp\u00e5nskiva, st\u00e5l<br \/>\nM\u00e5tt: 30 x 66 x 27 cm (D x B x H)<br \/>\nVikt: 3,6 kg<br \/>\nMax. statisk belastningskapacitet f\u00f6r hyllan: 15 kg<br \/>\nMax. statisk belastningskapacitet f\u00f6r h\u00e4ngst\u00e5ngen: 10 kg<br \/>\nMax. statisk belastningskapacitet per krok: 2,3 kg<\/p>\n","protected":false},"excerpt":{"rendered":"<p>VASAGLE V\u00e4ggh\u00e4ngd garderob med f\u00f6rvaring, v\u00e4gghylla med 5 avtagbara krokar, v\u00e4ggmonterad h\u00e4nghylla med h\u00e4ngst\u00e5ng, f\u00f6r hall, sovrum, badrum och vardagsrum, greige-svart LCR012B02<\/p>\n","protected":false},"featured_media":41957,"comment_status":"open","ping_status":"closed","template":"","meta":[],"product_brand":[],"product_cat":[33],"product_tag":[],"class_list":{"0":"post-13869","1":"product","2":"type-product","3":"status-publish","4":"has-post-thumbnail","6":"product_cat-okategoriserad","8":"first","9":"instock","10":"shipping-taxable","11":"purchasable","12":"product-type-simple"},"_links":{"self":[{"href":"https:\/\/nordicmart.andreevmaster.com\/sv\/wp-json\/wp\/v2\/product\/13869","targetHints":{"allow":["GET"]}}],"collection":[{"href":"https:\/\/nordicmart.andreevmaster.com\/sv\/wp-json\/wp\/v2\/product"}],"about":[{"href":"https:\/\/nordicmart.andreevmaster.com\/sv\/wp-json\/wp\/v2\/types\/product"}],"replies":[{"embeddable":true,"href":"https:\/\/nordicmart.andreevmaster.com\/sv\/wp-json\/wp\/v2\/comments?post=13869"}],"wp:featuredmedia":[{"embeddable":true,"href":"https:\/\/nordicmart.andreevmaster.com\/sv\/wp-json\/wp\/v2\/media\/41957"}],"wp:attachment":[{"href":"https:\/\/nordicmart.andreevmaster.com\/sv\/wp-json\/wp\/v2\/media?parent=13869"}],"wp:term":[{"taxonomy":"product_brand","embeddable":true,"href":"https:\/\/nordicmart.andreevmaster.com\/sv\/wp-json\/wp\/v2\/product_brand?post=13869"},{"taxonomy":"product_cat","embeddable":true,"href":"https:\/\/nordicmart.andreevmaster.com\/sv\/wp-json\/wp\/v2\/product_cat?post=13869"},{"taxonomy":"product_tag","embeddable":true,"href":"https:\/\/nordicmart.andreevmaster.com\/sv\/wp-json\/wp\/v2\/product_tag?post=13869"}],"curies":[{"name":"wp","href":"https:\/\/api.w.org\/{rel}","templated":true}]}}