{"id":13868,"date":"2026-02-27T00:19:36","date_gmt":"2026-02-27T00:19:36","guid":{"rendered":"https:\/\/nordicmart.andreevmaster.com\/product\/vasagle-vagghangd-garderob-med-hylla-hasselnotsbrun-svart\/"},"modified":"2026-02-27T08:12:28","modified_gmt":"2026-02-27T08:12:28","slug":"vasagle-vagghangd-garderob-med-hylla-hasselnotsbrun-svart","status":"publish","type":"product","link":"https:\/\/nordicmart.andreevmaster.com\/sv\/produkt\/vasagle-vagghangd-garderob-med-hylla-hasselnotsbrun-svart\/","title":{"rendered":"VASAGLE V\u00e4ggh\u00e4ngd garderob med hylla hasseln\u00f6tsbrun-svart"},"content":{"rendered":"<p>Produktdetaljer: &#8211; F\u00e4rg: Hasseln\u00f6tsbrun-svart- Material: Sp\u00e5nskiva, st\u00e5l- M\u00e5tt: 66 x 30 x 27 cm (L x B x H)- Vikt: 3,3 kg- Max. statisk belastningskapacitet f\u00f6r hyllan: 15 kg- Max. statisk belastningskapacitet per krok: 3 kg- Max. statisk belastningskapacitet f\u00f6r h\u00e4ngst\u00e5ngen: 10 kgLeveransomfattning:- 1 x v\u00e4ggh\u00e4ngd garderob &#8211; 1 x tillbeh\u00f6rspaket &#8211; 1 x bruksanvisning (DE, EN, FR, ES, IT) VASAGLE Anm\u00e4rkningar:- F\u00f6r montering kr\u00e4vs skruvmejsel, vattenpass, borrmaskin och hammare. &#8211; Montera produkten p\u00e5 en stabil v\u00e4gg. Om du vill montera den p\u00e5 gipsskivor, skaffa f\u00f6rst r\u00e4tt skruvar fr\u00e5n byggvaruhuset.<\/p>\n","protected":false},"excerpt":{"rendered":"<p>VASAGLE V\u00e4ggh\u00e4ngd garderob med f\u00f6rvaring, v\u00e4gghylla med 5 avtagbara krokar, v\u00e4ggmonterad h\u00e4nghylla med h\u00e4ngst\u00e5ng, f\u00f6r hall, sovrum, badrum och vardagsrum, greige-svart LCR012B02<\/p>\n","protected":false},"featured_media":41956,"comment_status":"open","ping_status":"closed","template":"","meta":[],"product_brand":[],"product_cat":[33],"product_tag":[],"class_list":{"0":"post-13868","1":"product","2":"type-product","3":"status-publish","4":"has-post-thumbnail","6":"product_cat-okategoriserad","8":"first","9":"instock","10":"shipping-taxable","11":"purchasable","12":"product-type-simple"},"_links":{"self":[{"href":"https:\/\/nordicmart.andreevmaster.com\/sv\/wp-json\/wp\/v2\/product\/13868","targetHints":{"allow":["GET"]}}],"collection":[{"href":"https:\/\/nordicmart.andreevmaster.com\/sv\/wp-json\/wp\/v2\/product"}],"about":[{"href":"https:\/\/nordicmart.andreevmaster.com\/sv\/wp-json\/wp\/v2\/types\/product"}],"replies":[{"embeddable":true,"href":"https:\/\/nordicmart.andreevmaster.com\/sv\/wp-json\/wp\/v2\/comments?post=13868"}],"wp:featuredmedia":[{"embeddable":true,"href":"https:\/\/nordicmart.andreevmaster.com\/sv\/wp-json\/wp\/v2\/media\/41956"}],"wp:attachment":[{"href":"https:\/\/nordicmart.andreevmaster.com\/sv\/wp-json\/wp\/v2\/media?parent=13868"}],"wp:term":[{"taxonomy":"product_brand","embeddable":true,"href":"https:\/\/nordicmart.andreevmaster.com\/sv\/wp-json\/wp\/v2\/product_brand?post=13868"},{"taxonomy":"product_cat","embeddable":true,"href":"https:\/\/nordicmart.andreevmaster.com\/sv\/wp-json\/wp\/v2\/product_cat?post=13868"},{"taxonomy":"product_tag","embeddable":true,"href":"https:\/\/nordicmart.andreevmaster.com\/sv\/wp-json\/wp\/v2\/product_tag?post=13868"}],"curies":[{"name":"wp","href":"https:\/\/api.w.org\/{rel}","templated":true}]}}