{"id":13867,"date":"2026-02-27T00:19:36","date_gmt":"2026-02-27T00:19:36","guid":{"rendered":"https:\/\/nordicmart.andreevmaster.com\/product\/vasagle-vagghangd-garderob-med-hylla\/"},"modified":"2026-02-27T08:12:28","modified_gmt":"2026-02-27T08:12:28","slug":"vasagle-vagghangd-garderob-med-hylla","status":"publish","type":"product","link":"https:\/\/nordicmart.andreevmaster.com\/sv\/produkt\/vasagle-vagghangd-garderob-med-hylla\/","title":{"rendered":"VASAGLE V\u00e4ggh\u00e4ngd garderob med hylla"},"content":{"rendered":"<p>Produktdetaljer: &#8211; F\u00e4rg: Greige-svart &#8211; Material: Sp\u00e5nskiva, st\u00e5l &#8211; M\u00e5tt: 66 x 30 x 27 cm (L x B x H) &#8211; Vikt: 3,3 kg &#8211; Max. belastningskapacitet f\u00f6r hyllan: 15 kg &#8211; Max. belastningskapacitet per krok: 3 kg &#8211; Max. belastningskapacitet f\u00f6r h\u00e4ngst\u00e5ngen: 10 kg Leveransomfattning: &#8211; 1 x v\u00e4ggh\u00e4ngd garderob &#8211; 1 x tillbeh\u00f6rspaket &#8211; 1 x bruksanvisning (DE, EN, FR, ES, IT) VASAGLE Anm\u00e4rkningar: &#8211; F\u00f6r montering kr\u00e4vs skruvmejsel, vattenpass, borrmaskin och hammare.<\/p>\n","protected":false},"excerpt":{"rendered":"<p>VASAGLE V\u00e4ggh\u00e4ngd garderob med f\u00f6rvaring, v\u00e4gghylla med 5 avtagbara krokar, v\u00e4ggmonterad h\u00e4nghylla med h\u00e4ngst\u00e5ng, f\u00f6r hall, sovrum, badrum och vardagsrum, greige-svart LCR012B02<\/p>\n","protected":false},"featured_media":0,"comment_status":"open","ping_status":"closed","template":"","meta":[],"product_brand":[],"product_cat":[33],"product_tag":[],"class_list":{"0":"post-13867","1":"product","2":"type-product","3":"status-publish","5":"product_cat-okategoriserad","7":"first","8":"instock","9":"shipping-taxable","10":"purchasable","11":"product-type-simple"},"_links":{"self":[{"href":"https:\/\/nordicmart.andreevmaster.com\/sv\/wp-json\/wp\/v2\/product\/13867","targetHints":{"allow":["GET"]}}],"collection":[{"href":"https:\/\/nordicmart.andreevmaster.com\/sv\/wp-json\/wp\/v2\/product"}],"about":[{"href":"https:\/\/nordicmart.andreevmaster.com\/sv\/wp-json\/wp\/v2\/types\/product"}],"replies":[{"embeddable":true,"href":"https:\/\/nordicmart.andreevmaster.com\/sv\/wp-json\/wp\/v2\/comments?post=13867"}],"wp:attachment":[{"href":"https:\/\/nordicmart.andreevmaster.com\/sv\/wp-json\/wp\/v2\/media?parent=13867"}],"wp:term":[{"taxonomy":"product_brand","embeddable":true,"href":"https:\/\/nordicmart.andreevmaster.com\/sv\/wp-json\/wp\/v2\/product_brand?post=13867"},{"taxonomy":"product_cat","embeddable":true,"href":"https:\/\/nordicmart.andreevmaster.com\/sv\/wp-json\/wp\/v2\/product_cat?post=13867"},{"taxonomy":"product_tag","embeddable":true,"href":"https:\/\/nordicmart.andreevmaster.com\/sv\/wp-json\/wp\/v2\/product_tag?post=13867"}],"curies":[{"name":"wp","href":"https:\/\/api.w.org\/{rel}","templated":true}]}}