{"id":13865,"date":"2026-02-27T00:19:35","date_gmt":"2026-02-27T00:19:35","guid":{"rendered":"https:\/\/nordicmart.andreevmaster.com\/product\/vasagle-vaggmonterad-kladhangare-kladhangare-lcr006n01\/"},"modified":"2026-02-27T08:12:27","modified_gmt":"2026-02-27T08:12:27","slug":"vasagle-vaggmonterad-kladhangare-kladhangare-lcr006n01","status":"publish","type":"product","link":"https:\/\/nordicmart.andreevmaster.com\/sv\/produkt\/vasagle-vaggmonterad-kladhangare-kladhangare-lcr006n01\/","title":{"rendered":"VASAGLE V\u00e4ggmonterad kl\u00e4dh\u00e4ngare, kl\u00e4dh\u00e4ngare, LCR006N01"},"content":{"rendered":"<p>PRAKTISK MED TV\u00c5 KROKAR Den v\u00e4ggmonterade kl\u00e4dh\u00e4ngaren har fyra dubbla krokar med sl\u00e4t yta. Du kan h\u00e4nga dina kl\u00e4der snyggt och s\u00e4kert p\u00e5 dem, vilket ger ett trevligt intryck.<\/p>\n<p>P\u00c5LITLIG KONSTRUKTION Denna kl\u00e4dh\u00e4ngare \u00e4r tillverkad av naturligt bambu och h\u00e5llbart metall och garanterar h\u00e5llbar styrka. Varje dubbelkrok t\u00e5l upp till 4 kg, vilket inneb\u00e4r att kl\u00e4dh\u00e4ngaren t\u00e5l upp till 16 kg. Tunga jackor och accessoarer? Inga problem!<\/p>\n<p>Lockande hylla: Den \u00f6vre hyllan p\u00e5 denna kl\u00e4dh\u00e4ngare passar utm\u00e4rkt f\u00f6r att placera fotoramar, parfymer eller smycken. Den upph\u00f6jda kanten s\u00e4kerst\u00e4ller att f\u00f6rem\u00e5len stannar p\u00e5 plats.M\u00c5NGSIDIG OCH STILREN Denna v\u00e4ggh\u00e4ngare kan enkelt integreras i hallen, vardagsrummet eller sovrummet. Den naturliga beige f\u00e4rgen sm\u00e4lter in s\u00f6ml\u00f6st i olika inredningsstilar och g\u00f6r varje rum mysigt.L\u00e4tt att montera: denna v\u00e4gghylla \u00e4r l\u00e4tt att montera tack vare v\u00e4lm\u00e4rkta delar och tydliga instruktioner (p\u00e5 engelska). Du kan allts\u00e5 uppdatera ditt hem med en praktisk och stilren f\u00f6rvaringsl\u00f6sning.<\/p>\n","protected":false},"excerpt":{"rendered":"<p>PRAKTISK MED TV\u00c5 KROKAR Den v\u00e4ggmonterade kl\u00e4dh\u00e4ngaren har fyra dubbla krokar med sl\u00e4t yta. Du kan h\u00e4nga dina kl\u00e4der snyggt och s\u00e4kert p\u00e5 dem, vilket ger ett trevligt intryck. P\u00c5LITLIG KONSTRUKTION Denna kl\u00e4dh\u00e4ngare \u00e4r tillverkad av naturligt bambu och h\u00e5llbart metall och garanterar h\u00e5llbar styrka. Varje dubbelkrok t\u00e5l upp till 4 kg, vilket inneb\u00e4r att [&hellip;]<\/p>\n","protected":false},"featured_media":0,"comment_status":"open","ping_status":"closed","template":"","meta":[],"product_brand":[],"product_cat":[33],"product_tag":[],"class_list":{"0":"post-13865","1":"product","2":"type-product","3":"status-publish","5":"product_cat-okategoriserad","7":"first","8":"instock","9":"shipping-taxable","10":"product-type-simple"},"_links":{"self":[{"href":"https:\/\/nordicmart.andreevmaster.com\/sv\/wp-json\/wp\/v2\/product\/13865","targetHints":{"allow":["GET"]}}],"collection":[{"href":"https:\/\/nordicmart.andreevmaster.com\/sv\/wp-json\/wp\/v2\/product"}],"about":[{"href":"https:\/\/nordicmart.andreevmaster.com\/sv\/wp-json\/wp\/v2\/types\/product"}],"replies":[{"embeddable":true,"href":"https:\/\/nordicmart.andreevmaster.com\/sv\/wp-json\/wp\/v2\/comments?post=13865"}],"wp:attachment":[{"href":"https:\/\/nordicmart.andreevmaster.com\/sv\/wp-json\/wp\/v2\/media?parent=13865"}],"wp:term":[{"taxonomy":"product_brand","embeddable":true,"href":"https:\/\/nordicmart.andreevmaster.com\/sv\/wp-json\/wp\/v2\/product_brand?post=13865"},{"taxonomy":"product_cat","embeddable":true,"href":"https:\/\/nordicmart.andreevmaster.com\/sv\/wp-json\/wp\/v2\/product_cat?post=13865"},{"taxonomy":"product_tag","embeddable":true,"href":"https:\/\/nordicmart.andreevmaster.com\/sv\/wp-json\/wp\/v2\/product_tag?post=13865"}],"curies":[{"name":"wp","href":"https:\/\/api.w.org\/{rel}","templated":true}]}}