{"id":13864,"date":"2026-02-27T00:19:35","date_gmt":"2026-02-27T00:19:35","guid":{"rendered":"https:\/\/nordicmart.andreevmaster.com\/product\/songmics-garderob-med-hylla-och-metallkrokar-molnvit\/"},"modified":"2026-02-27T08:12:27","modified_gmt":"2026-02-27T08:12:27","slug":"songmics-garderob-med-hylla-och-metallkrokar-molnvit","status":"publish","type":"product","link":"https:\/\/nordicmart.andreevmaster.com\/sv\/produkt\/songmics-garderob-med-hylla-och-metallkrokar-molnvit\/","title":{"rendered":"SONGMICS garderob med hylla och metallkrokar molnvit"},"content":{"rendered":"<p>SONGMICS v\u00e4ggh\u00e4ngare, garderob med hyllplan, v\u00e4ggmontering, 5 dubbla metallkrokar, platsbesparande, f\u00f6r hall, vardagsrum, sovrum, max. belastning per krok 5 kg<br \/>\nF\u00e4rg: Molnvit<br \/>\nMaterial: bambu, metall<br \/>\nStorlek: 4,8 x 70 x 7 cm (D x B x H)<br \/>\nTotalvikt: 0,9 kg<br \/>\nMax. statisk belastningskapacitet per krok: 5 kg<br \/>\nMax. statisk belastningskapacitet f\u00f6r v\u00e4ggh\u00e4ngaren: 25 kg<\/p>\n","protected":false},"excerpt":{"rendered":"<p>SONGMICS v\u00e4ggh\u00e4ngare, garderob med hyllplan, v\u00e4ggmontering, 5 dubbla metallkrokar, platsbesparande, f\u00f6r hall, vardagsrum, sovrum, max. belastning per krok 5 kg<\/p>\n","protected":false},"featured_media":41955,"comment_status":"open","ping_status":"closed","template":"","meta":[],"product_brand":[],"product_cat":[33],"product_tag":[],"class_list":{"0":"post-13864","1":"product","2":"type-product","3":"status-publish","4":"has-post-thumbnail","6":"product_cat-okategoriserad","8":"first","9":"instock","10":"shipping-taxable","11":"purchasable","12":"product-type-simple"},"_links":{"self":[{"href":"https:\/\/nordicmart.andreevmaster.com\/sv\/wp-json\/wp\/v2\/product\/13864","targetHints":{"allow":["GET"]}}],"collection":[{"href":"https:\/\/nordicmart.andreevmaster.com\/sv\/wp-json\/wp\/v2\/product"}],"about":[{"href":"https:\/\/nordicmart.andreevmaster.com\/sv\/wp-json\/wp\/v2\/types\/product"}],"replies":[{"embeddable":true,"href":"https:\/\/nordicmart.andreevmaster.com\/sv\/wp-json\/wp\/v2\/comments?post=13864"}],"wp:featuredmedia":[{"embeddable":true,"href":"https:\/\/nordicmart.andreevmaster.com\/sv\/wp-json\/wp\/v2\/media\/41955"}],"wp:attachment":[{"href":"https:\/\/nordicmart.andreevmaster.com\/sv\/wp-json\/wp\/v2\/media?parent=13864"}],"wp:term":[{"taxonomy":"product_brand","embeddable":true,"href":"https:\/\/nordicmart.andreevmaster.com\/sv\/wp-json\/wp\/v2\/product_brand?post=13864"},{"taxonomy":"product_cat","embeddable":true,"href":"https:\/\/nordicmart.andreevmaster.com\/sv\/wp-json\/wp\/v2\/product_cat?post=13864"},{"taxonomy":"product_tag","embeddable":true,"href":"https:\/\/nordicmart.andreevmaster.com\/sv\/wp-json\/wp\/v2\/product_tag?post=13864"}],"curies":[{"name":"wp","href":"https:\/\/api.w.org\/{rel}","templated":true}]}}