{"id":13862,"date":"2026-02-27T00:19:35","date_gmt":"2026-02-27T00:19:35","guid":{"rendered":"https:\/\/nordicmart.andreevmaster.com\/product\/songmics-skobank-vagghangd-garderob-i-bambu-molnvit\/"},"modified":"2026-02-27T08:12:27","modified_gmt":"2026-02-27T08:12:27","slug":"songmics-skobank-vagghangd-garderob-i-bambu-molnvit","status":"publish","type":"product","link":"https:\/\/nordicmart.andreevmaster.com\/sv\/produkt\/songmics-skobank-vagghangd-garderob-i-bambu-molnvit\/","title":{"rendered":"SONGMICS skob\u00e4nk v\u00e4ggh\u00e4ngd garderob i bambu molnvit"},"content":{"rendered":"<p>SONGMICS skob\u00e4nk v\u00e4gggarderobset, skohylla med sittplats, multifunktionell, 5 dubbla metallkrokar, skob\u00e4nk med 3 niv\u00e5er av bambu, f\u00f6r hall, sovrum, vardagsrum<br \/>\nF\u00e4rg: Molnvit<br \/>\nMaterial: bambu, metall<br \/>\nStorlek p\u00e5 skob\u00e4nken: 28,7 x 70,1 x 45,3 cm (D x B x H)<br \/>\nStorlek p\u00e5 v\u00e4ggh\u00e4ngaren: 4,8 x 70 x 7 cm (D x B x H)<br \/>\nVikt: 4,7 kg<br \/>\nMax. statisk belastningskapacitet f\u00f6r skob\u00e4nken: 136 kg<br \/>\nMax. statisk belastningskapacitet per krok: 5 kg<\/p>\n","protected":false},"excerpt":{"rendered":"<p>SONGMICS skob\u00e4nk v\u00e4gggarderobset, skohylla med sittplats, multifunktionell, 5 dubbla metallkrokar, skob\u00e4nk med 3 niv\u00e5er av bambu, f\u00f6r hall, sovrum, vardagsrum<\/p>\n","protected":false},"featured_media":41953,"comment_status":"open","ping_status":"closed","template":"","meta":[],"product_brand":[],"product_cat":[33],"product_tag":[],"class_list":{"0":"post-13862","1":"product","2":"type-product","3":"status-publish","4":"has-post-thumbnail","6":"product_cat-okategoriserad","8":"first","9":"instock","10":"shipping-taxable","11":"purchasable","12":"product-type-simple"},"_links":{"self":[{"href":"https:\/\/nordicmart.andreevmaster.com\/sv\/wp-json\/wp\/v2\/product\/13862","targetHints":{"allow":["GET"]}}],"collection":[{"href":"https:\/\/nordicmart.andreevmaster.com\/sv\/wp-json\/wp\/v2\/product"}],"about":[{"href":"https:\/\/nordicmart.andreevmaster.com\/sv\/wp-json\/wp\/v2\/types\/product"}],"replies":[{"embeddable":true,"href":"https:\/\/nordicmart.andreevmaster.com\/sv\/wp-json\/wp\/v2\/comments?post=13862"}],"wp:featuredmedia":[{"embeddable":true,"href":"https:\/\/nordicmart.andreevmaster.com\/sv\/wp-json\/wp\/v2\/media\/41953"}],"wp:attachment":[{"href":"https:\/\/nordicmart.andreevmaster.com\/sv\/wp-json\/wp\/v2\/media?parent=13862"}],"wp:term":[{"taxonomy":"product_brand","embeddable":true,"href":"https:\/\/nordicmart.andreevmaster.com\/sv\/wp-json\/wp\/v2\/product_brand?post=13862"},{"taxonomy":"product_cat","embeddable":true,"href":"https:\/\/nordicmart.andreevmaster.com\/sv\/wp-json\/wp\/v2\/product_cat?post=13862"},{"taxonomy":"product_tag","embeddable":true,"href":"https:\/\/nordicmart.andreevmaster.com\/sv\/wp-json\/wp\/v2\/product_tag?post=13862"}],"curies":[{"name":"wp","href":"https:\/\/api.w.org\/{rel}","templated":true}]}}