{"id":13860,"date":"2026-02-27T00:19:34","date_gmt":"2026-02-27T00:19:34","guid":{"rendered":"https:\/\/nordicmart.andreevmaster.com\/product\/vasagle-skrivbord-med-hjul-vitt\/"},"modified":"2026-02-27T08:12:27","modified_gmt":"2026-02-27T08:12:27","slug":"vasagle-skrivbord-med-hjul-vitt","status":"publish","type":"product","link":"https:\/\/nordicmart.andreevmaster.com\/sv\/produkt\/vasagle-skrivbord-med-hjul-vitt\/","title":{"rendered":"VASAGLE skrivbord med hjul, vitt"},"content":{"rendered":"<p>VASAGLE kompakt datorbord erbjuder b\u00e5de modern elegans och funktionalitet.  Klara och eleganta linjer ger ett exklusivt design. Med en stor arbetsyta. Dokument eller mappar kan f\u00f6rvaras i de nedre \u00f6ppna hyllorna och \u00e4r alltid n\u00e4ra till hands. Med utdragbar tangentbordsbricka och 4 sv\u00e4ngbara hjul \u00e4r laptopbordet mycket praktiskt och kan flyttas fritt p\u00e5 hjulen. L\u00e4ttsk\u00f6tt \u2013 anv\u00e4nd helst en mjuk, luddfri trasa eller en l\u00e4derduk f\u00f6r sk\u00f6tsel.  Anvisningar: 1. Montering m\u00e5ste utf\u00f6ras av vuxna personer. Var t\u00e5lmodig vid montering. 2. Vi rekommenderar att du anv\u00e4nder en elektrisk skruvdragare (medf\u00f6ljer ej) f\u00f6r att underl\u00e4tta monteringen. 3. Alla tr\u00e4plankor och skruvar \u00e4r numrerade. Innan montering ska du ta reda p\u00e5 vilka delar som h\u00f6r ihop enligt instruktionerna.  4. F\u00f6lj instruktionerna noggrant vid montering s\u00e5 att du inte blandar ihop plankorna. 5. En reservskruv medf\u00f6ljer f\u00f6r varje typ av skruv.  Produktdetaljer: Material: Sp\u00e5nskiva (PB) + melaminbel\u00e4ggning M\u00e5tt: 80 x 76 x 48 cm (B x H x D) Sp\u00e5nskivans tjocklek: 15 mm Nettovikt: 20,5 kg F\u00e4rg: svart; vit Leveransomfattning: 1 x datorbord 1 x set metalltillbeh\u00f6r 1 x instruktioner (DE, UK, FR, IT, ES)<\/p>\n","protected":false},"excerpt":{"rendered":"<p>VASAGLE datorbord, skrivbord med hjul, PC-bord med f\u00f6rvaring och utdragbar tangentbordsbricka, kompakt kontorsbord, enkel montering, vitt LCD858W<\/p>\n","protected":false},"featured_media":41951,"comment_status":"open","ping_status":"closed","template":"","meta":[],"product_brand":[],"product_cat":[33],"product_tag":[],"class_list":{"0":"post-13860","1":"product","2":"type-product","3":"status-publish","4":"has-post-thumbnail","6":"product_cat-okategoriserad","8":"first","9":"instock","10":"shipping-taxable","11":"purchasable","12":"product-type-simple"},"_links":{"self":[{"href":"https:\/\/nordicmart.andreevmaster.com\/sv\/wp-json\/wp\/v2\/product\/13860","targetHints":{"allow":["GET"]}}],"collection":[{"href":"https:\/\/nordicmart.andreevmaster.com\/sv\/wp-json\/wp\/v2\/product"}],"about":[{"href":"https:\/\/nordicmart.andreevmaster.com\/sv\/wp-json\/wp\/v2\/types\/product"}],"replies":[{"embeddable":true,"href":"https:\/\/nordicmart.andreevmaster.com\/sv\/wp-json\/wp\/v2\/comments?post=13860"}],"wp:featuredmedia":[{"embeddable":true,"href":"https:\/\/nordicmart.andreevmaster.com\/sv\/wp-json\/wp\/v2\/media\/41951"}],"wp:attachment":[{"href":"https:\/\/nordicmart.andreevmaster.com\/sv\/wp-json\/wp\/v2\/media?parent=13860"}],"wp:term":[{"taxonomy":"product_brand","embeddable":true,"href":"https:\/\/nordicmart.andreevmaster.com\/sv\/wp-json\/wp\/v2\/product_brand?post=13860"},{"taxonomy":"product_cat","embeddable":true,"href":"https:\/\/nordicmart.andreevmaster.com\/sv\/wp-json\/wp\/v2\/product_cat?post=13860"},{"taxonomy":"product_tag","embeddable":true,"href":"https:\/\/nordicmart.andreevmaster.com\/sv\/wp-json\/wp\/v2\/product_tag?post=13860"}],"curies":[{"name":"wp","href":"https:\/\/api.w.org\/{rel}","templated":true}]}}